{"id":87,"date":"2017-12-20T17:38:59","date_gmt":"2017-12-20T16:38:59","guid":{"rendered":"https:\/\/digiboard5.htwk-leipzig.de\/ausstellung\/?page_id=87"},"modified":"2018-11-26T08:41:14","modified_gmt":"2018-11-26T07:41:14","slug":"pavillon-der-firmen-nietzschmann-und-wommer","status":"publish","type":"page","link":"https:\/\/digiboard.htwk-leipzig.de\/ausstellung\/architektur\/gebaeude\/pavillon-der-firmen-nietzschmann-und-wommer\/","title":{"rendered":"Pavillon der Firmen Nietzschmann und Wommer"},"content":{"rendered":"<div id=\"pl-87\"  class=\"panel-layout\" ><div id=\"pg-87-0\"  class=\"panel-grid panel-no-style\" ><div id=\"pgc-87-0-0\"  class=\"panel-grid-cell\" ><div id=\"panel-87-0-0-0\" class=\"so-panel widget widget_bcn_widget widget_breadcrumb_navxt panel-first-child panel-last-child\" data-index=\"0\" ><div class=\"panel-widget-style panel-widget-style-for-87-0-0-0\" ><div class=\"breadcrumbs\" vocab=\"https:\/\/schema.org\/\" typeof=\"BreadcrumbList\"><!-- Breadcrumb NavXT 7.0.2 -->\n<\/div><\/div><\/div><\/div><\/div><div id=\"pg-87-1\"  class=\"panel-grid panel-no-style\" ><div id=\"pgc-87-1-0\"  class=\"panel-grid-cell\" ><div id=\"panel-87-1-0-0\" class=\"so-panel widget widget_sow-editor panel-first-child panel-last-child\" data-index=\"1\" ><div class=\"so-widget-sow-editor so-widget-sow-editor-base\">\n<div class=\"siteorigin-widget-tinymce textwidget\">\n\t<p>Der gemeinsame Pavillon des Fleisch- und Wurstwarenfabrikanten Nietzschmann und der Fleisch- und Wurstmaschinenfabrik Wommer war eines der am meisten beachteten Geb\u00e4ude auf der STIGA. Das im Jugendstil entworfene Geb\u00e4ude machte den Architekten Paul M\u00f6bius wegen seiner damals ungew\u00f6hnlichen Formen \u00fcber die Grenzen Leipzigs hinaus bekannt.<\/p>\n<p>Der Bau bestand aus einem zentralen Raum zur Wurstfabrikation. Eine offene, sich auf zwei Pfeilern in Gestalt von Fleischergesellen st\u00fctzende Halle war vorgelagert, zwei Pavillons schlossen sich seitlich an. Das Dach war mit der Statue eines Schweins mit Lorbeerkranz sowie zwei Dachspitzen in Form von W\u00fcrstchen aufspie\u00dfenden Gabeln verziert.<\/p>\n<p><strong>Architekt<\/strong>: Paul M\u00f6bius<\/p>\n<\/div>\n<\/div><\/div><\/div><div id=\"pgc-87-1-1\"  class=\"panel-grid-cell\" ><div id=\"panel-87-1-1-0\" class=\"so-panel widget widget_sow-editor panel-first-child panel-last-child\" data-index=\"2\" ><div class=\"so-widget-sow-editor so-widget-sow-editor-base\">\n<div class=\"siteorigin-widget-tinymce textwidget\">\n\t<div id=\"attachment_1233\" style=\"width: 310px\" class=\"wp-caption aligncenter\"><a href=\"https:\/\/digiboard.htwk-leipzig.de\/ausstellung\/wp-content\/uploads\/2018\/05\/Abb.-23-e1540301301323.jpg\" rel=\"lightbox\"><img aria-describedby=\"caption-attachment-1233\" loading=\"lazy\" class=\"wp-image-1233 size-medium\" src=\"https:\/\/digiboard.htwk-leipzig.de\/ausstellung\/wp-content\/uploads\/2018\/05\/Abb.-23-e1540301301323-300x199.jpg\" alt=\"\" width=\"300\" height=\"199\" srcset=\"https:\/\/digiboard.htwk-leipzig.de\/ausstellung\/wp-content\/uploads\/2018\/05\/Abb.-23-e1540301301323-300x199.jpg 300w, https:\/\/digiboard.htwk-leipzig.de\/ausstellung\/wp-content\/uploads\/2018\/05\/Abb.-23-e1540301301323.jpg 602w\" sizes=\"(max-width: 300px) 100vw, 300px\" \/><\/a><p id=\"caption-attachment-1233\" class=\"wp-caption-text\"><span style=\"color: #333333;\"><strong>Pavillon der Firmen Nietzschmann und Wommer<\/strong> <\/span><br \/><em>Fotografie von 1897<\/em><\/p><\/div>\n<\/div>\n<\/div><\/div><\/div><\/div><div id=\"pg-87-2\"  class=\"panel-grid panel-no-style\" ><div id=\"pgc-87-2-0\"  class=\"panel-grid-cell panel-grid-cell-mobile-last\" ><div id=\"panel-87-2-0-0\" class=\"so-panel widget widget_sow-button panel-first-child panel-last-child\" data-index=\"3\" ><div class=\"so-widget-sow-button so-widget-sow-button-wire-62a05781b3d0-87\"><div class=\"ow-button-base ow-button-align-left\">\n\t<a href=\"https:\/\/digiboard.htwk-leipzig.de\/ausstellung\/architektur\/gebaeude\/\" class=\"ow-icon-placement-left ow-button-hover\" \t\t>\n\t\t<span>\n\t\t\t\n\t\t\tZur\u00fcck\t\t<\/span>\n\t<\/a>\n<\/div>\n<\/div><\/div><\/div><div id=\"pgc-87-2-1\"  class=\"panel-grid-cell panel-grid-cell-empty\" ><\/div><\/div><\/div>","protected":false},"excerpt":{"rendered":"<p>Der gemeinsame Pavillon des Fleisch- und Wurstwarenfabrikanten Nietzschmann und der Fleisch- und Wurstmaschinenfabrik Wommer war eines der am meisten beachteten Geb\u00e4ude auf der STIGA. Das im Jugendstil entworfene Geb\u00e4ude machte den Architekten Paul M\u00f6bius wegen seiner damals ungew\u00f6hnlichen Formen \u00fcber die Grenzen Leipzigs hinaus bekannt. Der Bau bestand aus einem zentralen Raum zur Wurstfabrikation. Eine [&hellip;]<\/p>\n","protected":false},"author":4,"featured_media":0,"parent":72,"menu_order":5,"comment_status":"closed","ping_status":"closed","template":"template-nosidebar.php","meta":[],"_links":{"self":[{"href":"https:\/\/digiboard.htwk-leipzig.de\/ausstellung\/wp-json\/wp\/v2\/pages\/87"}],"collection":[{"href":"https:\/\/digiboard.htwk-leipzig.de\/ausstellung\/wp-json\/wp\/v2\/pages"}],"about":[{"href":"https:\/\/digiboard.htwk-leipzig.de\/ausstellung\/wp-json\/wp\/v2\/types\/page"}],"author":[{"embeddable":true,"href":"https:\/\/digiboard.htwk-leipzig.de\/ausstellung\/wp-json\/wp\/v2\/users\/4"}],"replies":[{"embeddable":true,"href":"https:\/\/digiboard.htwk-leipzig.de\/ausstellung\/wp-json\/wp\/v2\/comments?post=87"}],"version-history":[{"count":22,"href":"https:\/\/digiboard.htwk-leipzig.de\/ausstellung\/wp-json\/wp\/v2\/pages\/87\/revisions"}],"predecessor-version":[{"id":2522,"href":"https:\/\/digiboard.htwk-leipzig.de\/ausstellung\/wp-json\/wp\/v2\/pages\/87\/revisions\/2522"}],"up":[{"embeddable":true,"href":"https:\/\/digiboard.htwk-leipzig.de\/ausstellung\/wp-json\/wp\/v2\/pages\/72"}],"wp:attachment":[{"href":"https:\/\/digiboard.htwk-leipzig.de\/ausstellung\/wp-json\/wp\/v2\/media?parent=87"}],"curies":[{"name":"wp","href":"https:\/\/api.w.org\/{rel}","templated":true}]}}