{"id":83,"date":"2017-12-20T17:37:47","date_gmt":"2017-12-20T16:37:47","guid":{"rendered":"https:\/\/digiboard5.htwk-leipzig.de\/ausstellung\/?page_id=83"},"modified":"2018-11-26T08:37:35","modified_gmt":"2018-11-26T07:37:35","slug":"variete-theater","status":"publish","type":"page","link":"https:\/\/digiboard.htwk-leipzig.de\/ausstellung\/architektur\/gebaeude\/variete-theater\/","title":{"rendered":"Variet\u00e9-Theater"},"content":{"rendered":"<div id=\"pl-83\"  class=\"panel-layout\" ><div id=\"pg-83-0\"  class=\"panel-grid panel-no-style\" ><div id=\"pgc-83-0-0\"  class=\"panel-grid-cell\" ><div id=\"panel-83-0-0-0\" class=\"so-panel widget widget_bcn_widget widget_breadcrumb_navxt panel-first-child panel-last-child\" data-index=\"0\" ><div class=\"panel-widget-style panel-widget-style-for-83-0-0-0\" ><div class=\"breadcrumbs\" vocab=\"https:\/\/schema.org\/\" typeof=\"BreadcrumbList\"><!-- Breadcrumb NavXT 7.0.2 -->\n<\/div><\/div><\/div><\/div><\/div><div id=\"pg-83-1\"  class=\"panel-grid panel-no-style\" ><div id=\"pgc-83-1-0\"  class=\"panel-grid-cell\" ><div id=\"panel-83-1-0-0\" class=\"so-panel widget widget_sow-editor panel-first-child panel-last-child\" data-index=\"1\" ><div class=\"so-widget-sow-editor so-widget-sow-editor-base\">\n<div class=\"siteorigin-widget-tinymce textwidget\">\n\t<p>Der Theaterbau hatte eine Grundfl\u00e4che von 1.780 Quadratmetern. Die Front bildete ein Tempelgiebel mit zwei wuchtigen T\u00fcrmen und wurde im Stil der italienischen Hochrenaissance erbaut. Der Brunnen vor dem Theater war sinnbildlich gedacht, er stellte den Sieg des Menschen \u00fcber die Naturgewalten dar. Das Leipziger \u201eKrystallpalast-Variet\u00e9\u201c f\u00fchrte in dem Geb\u00e4ude seine St\u00fccke vor.<\/p>\n<p><strong>Architekt<\/strong>: Hans Enger<\/p>\n<\/div>\n<\/div><\/div><\/div><div id=\"pgc-83-1-1\"  class=\"panel-grid-cell\" ><div id=\"panel-83-1-1-0\" class=\"so-panel widget widget_sow-editor panel-first-child panel-last-child\" data-index=\"2\" ><div class=\"so-widget-sow-editor so-widget-sow-editor-base\">\n<div class=\"siteorigin-widget-tinymce textwidget\">\n\t<div id=\"attachment_1202\" style=\"width: 310px\" class=\"wp-caption aligncenter\"><a href=\"https:\/\/digiboard.htwk-leipzig.de\/ausstellung\/wp-content\/uploads\/2018\/05\/Abb.-17-e1540233634963.jpg\" rel=\"lightbox\"><img aria-describedby=\"caption-attachment-1202\" loading=\"lazy\" class=\"wp-image-1202 size-medium\" src=\"https:\/\/digiboard.htwk-leipzig.de\/ausstellung\/wp-content\/uploads\/2018\/05\/Abb.-17-e1540233634963-300x198.jpg\" alt=\"\" width=\"300\" height=\"198\" srcset=\"https:\/\/digiboard.htwk-leipzig.de\/ausstellung\/wp-content\/uploads\/2018\/05\/Abb.-17-e1540233634963-300x198.jpg 300w, https:\/\/digiboard.htwk-leipzig.de\/ausstellung\/wp-content\/uploads\/2018\/05\/Abb.-17-e1540233634963.jpg 588w\" sizes=\"(max-width: 300px) 100vw, 300px\" \/><\/a><p id=\"caption-attachment-1202\" class=\"wp-caption-text\"><span style=\"color: #333333;\"><strong>Variet\u00e9-Theater mit Brunnen<\/strong> <\/span><br \/><em>Fotografie von 1897<\/em><\/p><\/div>\n<\/div>\n<\/div><\/div><\/div><\/div><div id=\"pg-83-2\"  class=\"panel-grid panel-no-style\" ><div id=\"pgc-83-2-0\"  class=\"panel-grid-cell panel-grid-cell-mobile-last\" ><div id=\"panel-83-2-0-0\" class=\"so-panel widget widget_sow-button panel-first-child panel-last-child\" data-index=\"3\" ><div class=\"so-widget-sow-button so-widget-sow-button-wire-62a05781b3d0-83\"><div class=\"ow-button-base ow-button-align-left\">\n\t<a href=\"https:\/\/digiboard.htwk-leipzig.de\/ausstellung\/architektur\/gebaeude\/\" class=\"ow-icon-placement-left ow-button-hover\" \t\t>\n\t\t<span>\n\t\t\t\n\t\t\tZur\u00fcck\t\t<\/span>\n\t<\/a>\n<\/div>\n<\/div><\/div><\/div><div id=\"pgc-83-2-1\"  class=\"panel-grid-cell panel-grid-cell-empty\" ><\/div><\/div><\/div>","protected":false},"excerpt":{"rendered":"<p>Der Theaterbau hatte eine Grundfl\u00e4che von 1.780 Quadratmetern. Die Front bildete ein Tempelgiebel mit zwei wuchtigen T\u00fcrmen und wurde im Stil der italienischen Hochrenaissance erbaut. Der Brunnen vor dem Theater war sinnbildlich gedacht, er stellte den Sieg des Menschen \u00fcber die Naturgewalten dar. Das Leipziger \u201eKrystallpalast-Variet\u00e9\u201c f\u00fchrte in dem Geb\u00e4ude seine St\u00fccke vor. Architekt: Hans [&hellip;]<\/p>\n","protected":false},"author":4,"featured_media":0,"parent":72,"menu_order":2,"comment_status":"closed","ping_status":"closed","template":"template-nosidebar.php","meta":[],"_links":{"self":[{"href":"https:\/\/digiboard.htwk-leipzig.de\/ausstellung\/wp-json\/wp\/v2\/pages\/83"}],"collection":[{"href":"https:\/\/digiboard.htwk-leipzig.de\/ausstellung\/wp-json\/wp\/v2\/pages"}],"about":[{"href":"https:\/\/digiboard.htwk-leipzig.de\/ausstellung\/wp-json\/wp\/v2\/types\/page"}],"author":[{"embeddable":true,"href":"https:\/\/digiboard.htwk-leipzig.de\/ausstellung\/wp-json\/wp\/v2\/users\/4"}],"replies":[{"embeddable":true,"href":"https:\/\/digiboard.htwk-leipzig.de\/ausstellung\/wp-json\/wp\/v2\/comments?post=83"}],"version-history":[{"count":23,"href":"https:\/\/digiboard.htwk-leipzig.de\/ausstellung\/wp-json\/wp\/v2\/pages\/83\/revisions"}],"predecessor-version":[{"id":2512,"href":"https:\/\/digiboard.htwk-leipzig.de\/ausstellung\/wp-json\/wp\/v2\/pages\/83\/revisions\/2512"}],"up":[{"embeddable":true,"href":"https:\/\/digiboard.htwk-leipzig.de\/ausstellung\/wp-json\/wp\/v2\/pages\/72"}],"wp:attachment":[{"href":"https:\/\/digiboard.htwk-leipzig.de\/ausstellung\/wp-json\/wp\/v2\/media?parent=83"}],"curies":[{"name":"wp","href":"https:\/\/api.w.org\/{rel}","templated":true}]}}