{"id":81,"date":"2017-12-20T17:37:11","date_gmt":"2017-12-20T16:37:11","guid":{"rendered":"https:\/\/digiboard5.htwk-leipzig.de\/ausstellung\/?page_id=81"},"modified":"2018-11-26T08:36:06","modified_gmt":"2018-11-26T07:36:06","slug":"historische-ensembles","status":"publish","type":"page","link":"https:\/\/digiboard.htwk-leipzig.de\/ausstellung\/architektur\/gebaeude\/historische-ensembles\/","title":{"rendered":"Historische Ensembles"},"content":{"rendered":"<div id=\"pl-81\"  class=\"panel-layout\" ><div id=\"pg-81-0\"  class=\"panel-grid panel-no-style\" ><div id=\"pgc-81-0-0\"  class=\"panel-grid-cell\" ><div id=\"panel-81-0-0-0\" class=\"so-panel widget widget_bcn_widget widget_breadcrumb_navxt panel-first-child panel-last-child\" data-index=\"0\" ><div class=\"panel-widget-style panel-widget-style-for-81-0-0-0\" ><div class=\"breadcrumbs\" vocab=\"https:\/\/schema.org\/\" typeof=\"BreadcrumbList\"><!-- Breadcrumb NavXT 7.0.2 -->\n<\/div><\/div><\/div><\/div><\/div><div id=\"pg-81-1\"  class=\"panel-grid panel-no-style\" ><div id=\"pgc-81-1-0\"  class=\"panel-grid-cell\" ><div id=\"panel-81-1-0-0\" class=\"so-panel widget widget_sow-editor panel-first-child panel-last-child\" data-index=\"1\" ><div class=\"so-widget-sow-editor so-widget-sow-editor-base\">\n<div class=\"siteorigin-widget-tinymce textwidget\">\n\t<p>Die gastgebenden Regionen sollten angemessen (re)pr\u00e4sentiert werden. Beliebt daf\u00fcr waren \u2013 sp\u00e4testens seit der Pariser Weltausstellung 1889, als zur Erinnerung an die Franz\u00f6sische Revolution die Erst\u00fcrmung der Bastille nachgebaut wurde, \u2013 historische Ensembles.<\/p>\n<p>F\u00fcr Sachsen w\u00e4hlte man das \u201eAltleipziger Messviertel\u201c: ein Nachbau des Leipziger Zentrums um 1550 \u2013 rund um den Naschmarkt, mit altem gotischen Rathaus und Auerbachs Hof. Der Architekt wollte dabei kein historisch korrektes Abbild schaffen. Die beschauliche Vergangenheit diente vielmehr, wie \u00fcblich auf solchen Ausstellungen, als Kontrast zur damals aktuellen \u201efortschrittlichen\u201c Zeit der Industrialisierung und sollte gleichzeitig an glorreiche Zeiten erinnern. \u201eAlt-Leipzig\u201c illustrierte auf der STIGA \u2013 aus Anlass des 500. Jubil\u00e4ums \u2013 die Zeit, als die Stadt ihr Messeprivileg erhielt.<\/p>\n<p>F\u00fcr Th\u00fcringen, die zweite gastgebende Region, gab es eine \u00e4hnliche historische Reminiszenz. Das \u201eTh\u00fcringer Dorf\u201c und die Wartburgnachbildung sollten zum einen Th\u00fcringen \u00fcber die \u201eheile Welt\u201c des d\u00f6rflichen Lebens \u2013 gegen\u00fcber der industrialisierten Stadt \u2013 repr\u00e4sentieren und zum anderen an die Zeit der Reformation erinnern, die in der th\u00fcringischen Geschichte eine herausragende Rolle spielt.<\/p>\n<p><strong>Architekt des \u201eAltleipziger Messviertels\u201c<\/strong>: Heinrich Tscharmann<br \/>\n<strong>Architekt des \u201eTh\u00fcringer Dorfes\u201c: <\/strong>Fritz Drechsler<\/p>\n<\/div>\n<\/div><\/div><\/div><div id=\"pgc-81-1-1\"  class=\"panel-grid-cell\" ><div id=\"panel-81-1-1-0\" class=\"so-panel widget widget_sow-editor panel-first-child panel-last-child\" data-index=\"2\" ><div class=\"so-widget-sow-editor so-widget-sow-editor-base\">\n<div class=\"siteorigin-widget-tinymce textwidget\">\n\t<div id=\"attachment_1194\" style=\"width: 310px\" class=\"wp-caption aligncenter\"><a href=\"https:\/\/digiboard.htwk-leipzig.de\/ausstellung\/wp-content\/uploads\/2018\/05\/Abb.-15-e1540232812576.jpg\" rel=\"lightbox\"><img aria-describedby=\"caption-attachment-1194\" loading=\"lazy\" class=\"wp-image-1194 size-medium\" src=\"https:\/\/digiboard.htwk-leipzig.de\/ausstellung\/wp-content\/uploads\/2018\/05\/Abb.-15-e1540232812576-300x101.jpg\" alt=\"\" width=\"300\" height=\"101\" srcset=\"https:\/\/digiboard.htwk-leipzig.de\/ausstellung\/wp-content\/uploads\/2018\/05\/Abb.-15-e1540232812576-300x101.jpg 300w, https:\/\/digiboard.htwk-leipzig.de\/ausstellung\/wp-content\/uploads\/2018\/05\/Abb.-15-e1540232812576-768x259.jpg 768w, https:\/\/digiboard.htwk-leipzig.de\/ausstellung\/wp-content\/uploads\/2018\/05\/Abb.-15-e1540232812576-676x228.jpg 676w, https:\/\/digiboard.htwk-leipzig.de\/ausstellung\/wp-content\/uploads\/2018\/05\/Abb.-15-e1540232812576.jpg 822w\" sizes=\"(max-width: 300px) 100vw, 300px\" \/><\/a><p id=\"caption-attachment-1194\" class=\"wp-caption-text\"><span style=\"color: #333333;\"><strong>Au\u00dfenansicht des \"Altleipziger Messviertels\"<\/strong><\/span><br \/><em>Grafik von 1897<\/em><\/p><\/div>\n<div id=\"attachment_1196\" style=\"width: 310px\" class=\"wp-caption aligncenter\"><a href=\"https:\/\/digiboard.htwk-leipzig.de\/ausstellung\/wp-content\/uploads\/2018\/05\/Abb.-16.jpg\" rel=\"lightbox\"><img aria-describedby=\"caption-attachment-1196\" loading=\"lazy\" class=\"wp-image-1196 size-medium\" src=\"https:\/\/digiboard.htwk-leipzig.de\/ausstellung\/wp-content\/uploads\/2018\/05\/Abb.-16-e1540232964594-300x164.jpg\" alt=\"\" width=\"300\" height=\"164\" srcset=\"https:\/\/digiboard.htwk-leipzig.de\/ausstellung\/wp-content\/uploads\/2018\/05\/Abb.-16-e1540232964594-300x164.jpg 300w, https:\/\/digiboard.htwk-leipzig.de\/ausstellung\/wp-content\/uploads\/2018\/05\/Abb.-16-e1540232964594-768x420.jpg 768w, https:\/\/digiboard.htwk-leipzig.de\/ausstellung\/wp-content\/uploads\/2018\/05\/Abb.-16-e1540232964594-1024x561.jpg 1024w, https:\/\/digiboard.htwk-leipzig.de\/ausstellung\/wp-content\/uploads\/2018\/05\/Abb.-16-e1540232964594-676x370.jpg 676w\" sizes=\"(max-width: 300px) 100vw, 300px\" \/><\/a><p id=\"caption-attachment-1196\" class=\"wp-caption-text\"><span style=\"color: #333333;\"><strong>Dorfplatz des \"Th\u00fcringer Dorfes\" <\/strong><\/span><br \/><em>Grafik von 1897<\/em><\/p><\/div>\n<\/div>\n<\/div><\/div><\/div><\/div><div id=\"pg-81-2\"  class=\"panel-grid panel-no-style\" ><div id=\"pgc-81-2-0\"  class=\"panel-grid-cell panel-grid-cell-mobile-last\" ><div id=\"panel-81-2-0-0\" class=\"so-panel widget widget_sow-button panel-first-child panel-last-child\" data-index=\"3\" ><div class=\"so-widget-sow-button so-widget-sow-button-wire-62a05781b3d0-81\"><div class=\"ow-button-base ow-button-align-left\">\n\t<a href=\"https:\/\/digiboard.htwk-leipzig.de\/ausstellung\/architektur\/gebaeude\/\" class=\"ow-icon-placement-left ow-button-hover\" \t\t>\n\t\t<span>\n\t\t\t\n\t\t\tZur\u00fcck\t\t<\/span>\n\t<\/a>\n<\/div>\n<\/div><\/div><\/div><div id=\"pgc-81-2-1\"  class=\"panel-grid-cell panel-grid-cell-empty\" ><\/div><\/div><\/div>","protected":false},"excerpt":{"rendered":"<p>Die gastgebenden Regionen sollten angemessen (re)pr\u00e4sentiert werden. Beliebt daf\u00fcr waren \u2013 sp\u00e4testens seit der Pariser Weltausstellung 1889, als zur Erinnerung an die Franz\u00f6sische Revolution die Erst\u00fcrmung der Bastille nachgebaut wurde, \u2013 historische Ensembles. F\u00fcr Sachsen w\u00e4hlte man das \u201eAltleipziger Messviertel\u201c: ein Nachbau des Leipziger Zentrums um 1550 \u2013 rund um den Naschmarkt, mit altem gotischen [&hellip;]<\/p>\n","protected":false},"author":4,"featured_media":0,"parent":72,"menu_order":1,"comment_status":"closed","ping_status":"closed","template":"template-nosidebar.php","meta":[],"_links":{"self":[{"href":"https:\/\/digiboard.htwk-leipzig.de\/ausstellung\/wp-json\/wp\/v2\/pages\/81"}],"collection":[{"href":"https:\/\/digiboard.htwk-leipzig.de\/ausstellung\/wp-json\/wp\/v2\/pages"}],"about":[{"href":"https:\/\/digiboard.htwk-leipzig.de\/ausstellung\/wp-json\/wp\/v2\/types\/page"}],"author":[{"embeddable":true,"href":"https:\/\/digiboard.htwk-leipzig.de\/ausstellung\/wp-json\/wp\/v2\/users\/4"}],"replies":[{"embeddable":true,"href":"https:\/\/digiboard.htwk-leipzig.de\/ausstellung\/wp-json\/wp\/v2\/comments?post=81"}],"version-history":[{"count":25,"href":"https:\/\/digiboard.htwk-leipzig.de\/ausstellung\/wp-json\/wp\/v2\/pages\/81\/revisions"}],"predecessor-version":[{"id":2510,"href":"https:\/\/digiboard.htwk-leipzig.de\/ausstellung\/wp-json\/wp\/v2\/pages\/81\/revisions\/2510"}],"up":[{"embeddable":true,"href":"https:\/\/digiboard.htwk-leipzig.de\/ausstellung\/wp-json\/wp\/v2\/pages\/72"}],"wp:attachment":[{"href":"https:\/\/digiboard.htwk-leipzig.de\/ausstellung\/wp-json\/wp\/v2\/media?parent=81"}],"curies":[{"name":"wp","href":"https:\/\/api.w.org\/{rel}","templated":true}]}}