{"id":79,"date":"2017-12-20T17:36:45","date_gmt":"2017-12-20T16:36:45","guid":{"rendered":"https:\/\/digiboard5.htwk-leipzig.de\/ausstellung\/?page_id=79"},"modified":"2018-11-26T08:35:14","modified_gmt":"2018-11-26T07:35:14","slug":"industrie-und-maschinenhalle","status":"publish","type":"page","link":"https:\/\/digiboard.htwk-leipzig.de\/ausstellung\/architektur\/gebaeude\/industrie-und-maschinenhalle\/","title":{"rendered":"Industrie- und Maschinenhalle"},"content":{"rendered":"<div id=\"pl-79\"  class=\"panel-layout\" ><div id=\"pg-79-0\"  class=\"panel-grid panel-no-style\" ><div id=\"pgc-79-0-0\"  class=\"panel-grid-cell\" ><div id=\"panel-79-0-0-0\" class=\"so-panel widget widget_bcn_widget widget_breadcrumb_navxt panel-first-child panel-last-child\" data-index=\"0\" ><div class=\"panel-widget-style panel-widget-style-for-79-0-0-0\" ><div class=\"breadcrumbs\" vocab=\"https:\/\/schema.org\/\" typeof=\"BreadcrumbList\"><!-- Breadcrumb NavXT 7.0.2 -->\n<\/div><\/div><\/div><\/div><\/div><div id=\"pg-79-1\"  class=\"panel-grid panel-no-style\" ><div id=\"pgc-79-1-0\"  class=\"panel-grid-cell\" ><div id=\"panel-79-1-0-0\" class=\"so-panel widget widget_sow-editor panel-first-child panel-last-child\" data-index=\"1\" ><div class=\"so-widget-sow-editor so-widget-sow-editor-base\">\n<div class=\"siteorigin-widget-tinymce textwidget\">\n\t<p>Die gro\u00dfe Industrie- und Maschinenhalle war das Wahrzeichen der STIGA. Mit ihrer 245 Meter breiten Front beherrschte die Halle das komplette Gel\u00e4nde. Das zust\u00e4ndige Architektenb\u00fcro entschied sich bei der Errichtung f\u00fcr ein Pavillonsystem mit einem gro\u00dfen, wuchtigen Mittelbau und kleineren Anbauten \u2013 das erm\u00f6glichte die n\u00f6tige Flexibilit\u00e4t, als aufgrund der vielen Anmeldungen von Ausstellern eine Erweiterung notwendig wurde. Die Fassade war durch vorstehende T\u00fcrme, Fenster und Portale gegliedert und lehnte sich mit der wei\u00dfen Farbe an die Architektur der Chicagoer Weltausstellung 1893 an.<\/p>\n<p>Hinter der Industriehalle befand sich die Maschinenhalle. Der urspr\u00fcnglich geplante Durchgang von zwanzig Metern zwischen den Hallen wurde \u00fcberdacht, so dass die beiden Geb\u00e4ude zu einer Einheit verschmolzen. Die in Holzskelettbauweise errichtete Halle war in drei Langhallen unterteilt und zeigte Maschinen unterschiedlicher Gewerbe in Betrieb.<\/p>\n<p>Zun\u00e4chst sollten die Bauten auch nach Ende der STIGA als Veranstaltungshalle der Stadt Leipzig dienen. Allerdings wurde dieser Plan verworfen, weil die Kosten der dazu n\u00f6tigen Massivbauweise und die sp\u00e4teren Unterhaltskosten der Stadt zu hoch erschienen.<\/p>\n<p><strong>Architekten der Industriehalle<\/strong>: August Hermann Schmidt und Arthur Johlige (Architektenb\u00fcro Schmidt &amp; Johlige)<br \/>\n<strong>Architekt der Maschinenhalle<\/strong>: Franz Hannemann<\/p>\n<\/div>\n<\/div><\/div><\/div><div id=\"pgc-79-1-1\"  class=\"panel-grid-cell\" ><div id=\"panel-79-1-1-0\" class=\"so-panel widget widget_sow-editor panel-first-child panel-last-child\" data-index=\"2\" ><div class=\"so-widget-sow-editor so-widget-sow-editor-base\">\n<div class=\"siteorigin-widget-tinymce textwidget\">\n\t<div id=\"attachment_1157\" style=\"width: 310px\" class=\"wp-caption aligncenter\"><a href=\"https:\/\/digiboard.htwk-leipzig.de\/ausstellung\/wp-content\/uploads\/2018\/05\/Abb.-12-1.jpg\" rel=\"lightbox\"><img aria-describedby=\"caption-attachment-1157\" loading=\"lazy\" class=\"wp-image-1157 size-medium\" src=\"https:\/\/digiboard.htwk-leipzig.de\/ausstellung\/wp-content\/uploads\/2018\/05\/Abb.-12-1-300x209.jpg\" alt=\"\" width=\"300\" height=\"209\" srcset=\"https:\/\/digiboard.htwk-leipzig.de\/ausstellung\/wp-content\/uploads\/2018\/05\/Abb.-12-1-300x209.jpg 300w, https:\/\/digiboard.htwk-leipzig.de\/ausstellung\/wp-content\/uploads\/2018\/05\/Abb.-12-1.jpg 605w\" sizes=\"(max-width: 300px) 100vw, 300px\" \/><\/a><p id=\"caption-attachment-1157\" class=\"wp-caption-text\"><span style=\"color: #333333;\"><strong>Au\u00dfenansicht der Industriehalle<\/strong><\/span><br \/><em>Fotografie von 1897<\/em><\/p><\/div>\n<div id=\"attachment_1167\" style=\"width: 310px\" class=\"wp-caption aligncenter\"><a href=\"https:\/\/digiboard.htwk-leipzig.de\/ausstellung\/wp-content\/uploads\/2018\/05\/Abb.-14.jpg\" rel=\"lightbox\"><img aria-describedby=\"caption-attachment-1167\" loading=\"lazy\" class=\"wp-image-1167 size-medium\" src=\"https:\/\/digiboard.htwk-leipzig.de\/ausstellung\/wp-content\/uploads\/2018\/05\/Abb.-14-300x242.jpg\" alt=\"\" width=\"300\" height=\"242\" srcset=\"https:\/\/digiboard.htwk-leipzig.de\/ausstellung\/wp-content\/uploads\/2018\/05\/Abb.-14-300x242.jpg 300w, https:\/\/digiboard.htwk-leipzig.de\/ausstellung\/wp-content\/uploads\/2018\/05\/Abb.-14-676x545.jpg 676w, https:\/\/digiboard.htwk-leipzig.de\/ausstellung\/wp-content\/uploads\/2018\/05\/Abb.-14.jpg 686w\" sizes=\"(max-width: 300px) 100vw, 300px\" \/><\/a><p id=\"caption-attachment-1167\" class=\"wp-caption-text\"><span style=\"color: #333333;\"><strong>Innenansicht der Maschinenhalle <\/strong><\/span><br \/><em>Fotografie von 1897<\/em><\/p><\/div>\n<div id=\"attachment_1164\" style=\"width: 310px\" class=\"wp-caption aligncenter\"><a href=\"https:\/\/digiboard.htwk-leipzig.de\/ausstellung\/wp-content\/uploads\/2018\/05\/Abb.-13.jpg\" rel=\"lightbox\"><img aria-describedby=\"caption-attachment-1164\" loading=\"lazy\" class=\"wp-image-1164 size-medium\" src=\"https:\/\/digiboard.htwk-leipzig.de\/ausstellung\/wp-content\/uploads\/2018\/05\/Abb.-13-300x252.jpg\" alt=\"\" width=\"300\" height=\"252\" srcset=\"https:\/\/digiboard.htwk-leipzig.de\/ausstellung\/wp-content\/uploads\/2018\/05\/Abb.-13-300x252.jpg 300w, https:\/\/digiboard.htwk-leipzig.de\/ausstellung\/wp-content\/uploads\/2018\/05\/Abb.-13-768x645.jpg 768w, https:\/\/digiboard.htwk-leipzig.de\/ausstellung\/wp-content\/uploads\/2018\/05\/Abb.-13-676x568.jpg 676w, https:\/\/digiboard.htwk-leipzig.de\/ausstellung\/wp-content\/uploads\/2018\/05\/Abb.-13.jpg 775w\" sizes=\"(max-width: 300px) 100vw, 300px\" \/><\/a><p id=\"caption-attachment-1164\" class=\"wp-caption-text\"><span style=\"color: #333333;\"><strong>Lageplan der Industrie- und Maschinenhalle<\/strong><\/span><br \/><em>Grafik aus dem \"Officiellen F\u00fchrer\" von 1897<\/em><\/p><\/div>\n<\/div>\n<\/div><\/div><\/div><\/div><div id=\"pg-79-2\"  class=\"panel-grid panel-no-style\" ><div id=\"pgc-79-2-0\"  class=\"panel-grid-cell panel-grid-cell-mobile-last\" ><div id=\"panel-79-2-0-0\" class=\"so-panel widget widget_sow-button panel-first-child panel-last-child\" data-index=\"3\" ><div class=\"so-widget-sow-button so-widget-sow-button-wire-62a05781b3d0-79\"><div class=\"ow-button-base ow-button-align-left\">\n\t<a href=\"https:\/\/digiboard.htwk-leipzig.de\/ausstellung\/architektur\/gebaeude\/\" class=\"ow-icon-placement-left ow-button-hover\" \t\t>\n\t\t<span>\n\t\t\t\n\t\t\tZur\u00fcck\t\t<\/span>\n\t<\/a>\n<\/div>\n<\/div><\/div><\/div><div id=\"pgc-79-2-1\"  class=\"panel-grid-cell panel-grid-cell-empty\" ><\/div><\/div><\/div>","protected":false},"excerpt":{"rendered":"<p>Die gro\u00dfe Industrie- und Maschinenhalle war das Wahrzeichen der STIGA. Mit ihrer 245 Meter breiten Front beherrschte die Halle das komplette Gel\u00e4nde. Das zust\u00e4ndige Architektenb\u00fcro entschied sich bei der Errichtung f\u00fcr ein Pavillonsystem mit einem gro\u00dfen, wuchtigen Mittelbau und kleineren Anbauten \u2013 das erm\u00f6glichte die n\u00f6tige Flexibilit\u00e4t, als aufgrund der vielen Anmeldungen von Ausstellern eine [&hellip;]<\/p>\n","protected":false},"author":4,"featured_media":0,"parent":72,"menu_order":0,"comment_status":"closed","ping_status":"closed","template":"template-nosidebar.php","meta":[],"_links":{"self":[{"href":"https:\/\/digiboard.htwk-leipzig.de\/ausstellung\/wp-json\/wp\/v2\/pages\/79"}],"collection":[{"href":"https:\/\/digiboard.htwk-leipzig.de\/ausstellung\/wp-json\/wp\/v2\/pages"}],"about":[{"href":"https:\/\/digiboard.htwk-leipzig.de\/ausstellung\/wp-json\/wp\/v2\/types\/page"}],"author":[{"embeddable":true,"href":"https:\/\/digiboard.htwk-leipzig.de\/ausstellung\/wp-json\/wp\/v2\/users\/4"}],"replies":[{"embeddable":true,"href":"https:\/\/digiboard.htwk-leipzig.de\/ausstellung\/wp-json\/wp\/v2\/comments?post=79"}],"version-history":[{"count":31,"href":"https:\/\/digiboard.htwk-leipzig.de\/ausstellung\/wp-json\/wp\/v2\/pages\/79\/revisions"}],"predecessor-version":[{"id":2508,"href":"https:\/\/digiboard.htwk-leipzig.de\/ausstellung\/wp-json\/wp\/v2\/pages\/79\/revisions\/2508"}],"up":[{"embeddable":true,"href":"https:\/\/digiboard.htwk-leipzig.de\/ausstellung\/wp-json\/wp\/v2\/pages\/72"}],"wp:attachment":[{"href":"https:\/\/digiboard.htwk-leipzig.de\/ausstellung\/wp-json\/wp\/v2\/media?parent=79"}],"curies":[{"name":"wp","href":"https:\/\/api.w.org\/{rel}","templated":true}]}}