{"id":77,"date":"2017-12-20T17:36:16","date_gmt":"2017-12-20T16:36:16","guid":{"rendered":"https:\/\/digiboard5.htwk-leipzig.de\/ausstellung\/?page_id=77"},"modified":"2018-11-26T08:43:56","modified_gmt":"2018-11-26T07:43:56","slug":"architekten","status":"publish","type":"page","link":"https:\/\/digiboard.htwk-leipzig.de\/ausstellung\/architektur\/architekten\/","title":{"rendered":"Architekten"},"content":{"rendered":"<div id=\"pl-77\"  class=\"panel-layout\" ><div id=\"pg-77-0\"  class=\"panel-grid panel-no-style\" ><div id=\"pgc-77-0-0\"  class=\"panel-grid-cell\" ><div id=\"panel-77-0-0-0\" class=\"so-panel widget widget_bcn_widget widget_breadcrumb_navxt panel-first-child panel-last-child\" data-index=\"0\" ><div class=\"breadcrumbs\" vocab=\"https:\/\/schema.org\/\" typeof=\"BreadcrumbList\"><!-- Breadcrumb NavXT 7.0.2 -->\n<\/div><\/div><\/div><\/div><div id=\"pg-77-1\"  class=\"panel-grid panel-no-style\" ><div id=\"pgc-77-1-0\"  class=\"panel-grid-cell\" ><div id=\"panel-77-1-0-0\" class=\"so-panel widget widget_sow-editor panel-first-child panel-last-child\" data-index=\"1\" ><div class=\"so-widget-sow-editor so-widget-sow-editor-base\">\n<div class=\"siteorigin-widget-tinymce textwidget\">\n\t<p>Sieben bekannte Leipziger Architekten wurden von der Jury ausgew\u00e4hlt. Sie alle haben nicht nur den Masterplan f\u00fcr die STIGA erstellt, sondern die Stadt w\u00e4hrend ihres Baubooms, den die Reichsgr\u00fcndung 1871 ausl\u00f6ste und der bis zum Ersten Weltkrieg anhielt, bedeutend mitgestaltet. Nachfolgend werden sie kurz alphabetisch vorgestellt \u2013 mit ihrer Baut\u00e4tigkeit auf der STIGA sowie Hinweisen zu einigen weiteren Bauprojekten in der Stadt:<\/p>\n<\/div>\n<\/div><\/div><\/div><\/div><div id=\"pg-77-2\"  class=\"panel-grid panel-no-style\" ><div id=\"pgc-77-2-0\"  class=\"panel-grid-cell\" ><div id=\"panel-77-2-0-0\" class=\"so-panel widget widget_sow-editor panel-first-child panel-last-child\" data-index=\"2\" ><div class=\"so-widget-sow-editor so-widget-sow-editor-base\">\n<div class=\"siteorigin-widget-tinymce textwidget\">\n\t<p><strong>Fritz Drechsler <\/strong>(1861 \u2013 1922)<\/p>\n<p>Besuch der Leipziger <a href=\"https:\/\/de.wikipedia.org\/wiki\/Baugewerkschule\">Baugewerkschule<\/a> und der Kunstakademie, Mitarbeit im Atelier des Architekten <a href=\"https:\/\/de.wikipedia.org\/wiki\/Arwed_Ro%C3%9Fbach\">Arwed Ro\u00dfbach<\/a>, bevor sich Dressler selbstst\u00e4ndig machte. Nach den Entw\u00fcrfen f\u00fcr die STIGA 1897, f\u00fcr die Fritz Drechsler gro\u00dfe Anerkennung durch die Fachwelt erhielt, folgte ein weiterer Erfolg bei einem Wettbewerb f\u00fcr das Vereinshaus des Leipziger K\u00fcnstlervereins (das im Zweiten Weltkrieg zerst\u00f6rte \u201e<a href=\"https:\/\/de.wikipedia.org\/wiki\/K%C3%BCnstlerhaus_(Leipzig)\">K\u00fcnstlerhaus<\/a>\u201c am heutigen Nikischplatz). Drechsler erhielt den ersten Preis und konnte seinen Entwurf im Jugendstil umsetzen. Neben mehreren weiteren Bauten entwarf er f\u00fcr die <a href=\"https:\/\/de.wikipedia.org\/wiki\/Internationale_Baufach-Ausstellung_1913\">Internationale Baufach-Ausstellung <\/a>(IBA) 1913 den historischen Ausstellungsbereich \u201eAlt-Leipzig um 1800\u201c und die Turnhalle f\u00fcr das 12. <a href=\"https:\/\/de.wikipedia.org\/wiki\/Deutsches_Turnfest\">Deutsche Turnfest<\/a> \u2013 mit 5.000 Quadratmetern die damals gr\u00f6\u00dfte Sporthalle in Deutschland.<\/p>\n<p><em>Beitr\u00e4ge zur Ausstellung<\/em><\/p>\n<ul>\n<li>Gartenbauhalle<\/li>\n<li>Th\u00fcringer Dorf<\/li>\n<\/ul>\n<p><em>Au\u00dferhalb der Ausstellung<\/em><\/p>\n<ul>\n<li>Neues K\u00fcnstlerhaus am heutigen Nikischplatz<\/li>\n<li>Rathaus Sch\u00f6nefeld<\/li>\n<li>\u201eAlt-Leipzig um 1800\u201c auf der Internationen Baufach-Ausstellung 1913<\/li>\n<li>Turnhalle f\u00fcr das 12. Deutsche Turnfest 1913<\/li>\n<\/ul>\n<p>&nbsp;<\/p>\n<p>&nbsp;<\/p>\n<\/div>\n<\/div><\/div><\/div><div id=\"pgc-77-2-1\"  class=\"panel-grid-cell\" ><div id=\"panel-77-2-1-0\" class=\"so-panel widget widget_sow-editor panel-first-child panel-last-child\" data-index=\"3\" ><div class=\"so-widget-sow-editor so-widget-sow-editor-base\">\n<div class=\"siteorigin-widget-tinymce textwidget\">\n\t<div id=\"attachment_1266\" style=\"width: 310px\" class=\"wp-caption aligncenter\"><a href=\"https:\/\/digiboard.htwk-leipzig.de\/ausstellung\/wp-content\/uploads\/2018\/05\/Abb.-27.jpg\" rel=\"lightbox\"><img aria-describedby=\"caption-attachment-1266\" loading=\"lazy\" class=\"wp-image-1266\" src=\"https:\/\/digiboard.htwk-leipzig.de\/ausstellung\/wp-content\/uploads\/2018\/05\/Abb.-27-641x1024.jpg\" alt=\"\" width=\"300\" height=\"479\" srcset=\"https:\/\/digiboard.htwk-leipzig.de\/ausstellung\/wp-content\/uploads\/2018\/05\/Abb.-27-641x1024.jpg 641w, https:\/\/digiboard.htwk-leipzig.de\/ausstellung\/wp-content\/uploads\/2018\/05\/Abb.-27-188x300.jpg 188w, https:\/\/digiboard.htwk-leipzig.de\/ausstellung\/wp-content\/uploads\/2018\/05\/Abb.-27.jpg 649w\" sizes=\"(max-width: 300px) 100vw, 300px\" \/><\/a><p id=\"caption-attachment-1266\" class=\"wp-caption-text\"><span style=\"color: #333333;\"><strong>Portrait Fritz Drechsler<\/strong> <\/span><br \/><em>Fotografie aus der \"Zeitschrift f\u00fcr Kunstfreunde und Kunstsammlungen\" von 1911<\/em><\/p><\/div>\n<\/div>\n<\/div><\/div><\/div><\/div><div id=\"pg-77-3\"  class=\"panel-grid panel-no-style\" ><div id=\"pgc-77-3-0\"  class=\"panel-grid-cell\" ><div id=\"panel-77-3-0-0\" class=\"so-panel widget widget_sow-editor panel-first-child panel-last-child\" data-index=\"4\" ><div class=\"so-widget-sow-editor so-widget-sow-editor-base\">\n<div class=\"siteorigin-widget-tinymce textwidget\">\n\t<p><strong>Hans Enger<\/strong><\/p>\n<p><em>Beitr\u00e4ge zur Ausstellung<\/em><\/p>\n<ul>\n<li>Wiener-Caf\u00e9<\/li>\n<li>Hauptbr\u00fccke<\/li>\n<li>Variet\u00e9-Theater<\/li>\n<\/ul>\n<p><em>Au\u00dferhalb der Ausstellung<\/em><\/p>\n<ul>\n<li>Neue Handelsb\u00f6rse am Tr\u00f6ndlinring<\/li>\n<\/ul>\n<p>&nbsp;<\/p>\n<\/div>\n<\/div><\/div><\/div><\/div><div id=\"pg-77-4\"  class=\"panel-grid panel-no-style\" ><div id=\"pgc-77-4-0\"  class=\"panel-grid-cell\" ><div id=\"panel-77-4-0-0\" class=\"so-panel widget widget_sow-editor panel-first-child panel-last-child\" data-index=\"5\" ><div class=\"so-widget-sow-editor so-widget-sow-editor-base\">\n<div class=\"siteorigin-widget-tinymce textwidget\">\n\t<p><strong>Franz Hannemann<\/strong><\/p>\n<p><em>Beitr\u00e4ge zur Ausstellung<\/em><\/p>\n<ul>\n<li>Maschinenhalle<\/li>\n<li>Kunsthalle<\/li>\n<\/ul>\n<p>&nbsp;<\/p>\n<\/div>\n<\/div><\/div><\/div><\/div><div id=\"pg-77-5\"  class=\"panel-grid panel-no-style\" ><div id=\"pgc-77-5-0\"  class=\"panel-grid-cell\" ><div id=\"panel-77-5-0-0\" class=\"so-panel widget widget_sow-editor panel-first-child panel-last-child\" data-index=\"6\" ><div class=\"so-widget-sow-editor so-widget-sow-editor-base\">\n<div class=\"siteorigin-widget-tinymce textwidget\">\n\t<p><strong>Paul M\u00f6bius <\/strong>(1866 \u2013 1907)<\/p>\n<p>Einer der bekanntesten Jugendstil-Architekten in Deutschland. Paul M\u00f6bius studierte von 1882 bis 1888 an der <a href=\"https:\/\/de.wikipedia.org\/wiki\/Hochschule_f%C3%BCr_Grafik_und_Buchkunst_Leipzig\">Leipziger Kunstgewerbeschule<\/a> und trat 1889 eine Stelle im Architekturb\u00fcro <a href=\"https:\/\/de.wikipedia.org\/wiki\/Pfeifer_%26_H%C3%A4ndel\">Pfeifer &amp; H\u00e4ndel<\/a> an. 1899 gr\u00fcndete er zusammen mit Arthur Starke sein eigenes B\u00fcro.<\/p>\n<p>M\u00f6bius entwickelte eine ihm eigene Formensprache im reinsten Jugendstil. Schmuckformen der Fassaden wiederholte er im Inneren der Treppenh\u00e4user, der T\u00fcren und Beschl\u00e4ge sowie weiterer Ausstattungselemente \u2013 ganz im Sinne des Art noveau, der sich durch das Bem\u00fchen um Gesamtkunstwerke auszeichnet.<\/p>\n<p><em>Beitr\u00e4ge zur Ausstellung<\/em><\/p>\n<ul>\n<li>Pavillon der Firmen Nietzschmann und Wommer<\/li>\n<\/ul>\n<p><em>Au\u00dferhalb der Ausstellung<\/em><\/p>\n<ul>\n<li>Mehrere Villen und Mehrfamilienh\u00e4user, haupts\u00e4chlich in Gohlis und Leutzsch<\/li>\n<\/ul>\n<ul>\n<li>Unterstation der Leipziger Elektrizit\u00e4tswerke, Magazingasse 3 (1894\/95, Mitarbeit)<\/li>\n<li>Gesch\u00e4ftshaus Wolanke, Petersstra\u00dfe 9 (1896\/97)<\/li>\n<li>Kunstanstalt Grimme &amp; Hempel, K\u00f6nneritzstra\u00dfe 43 (1897\/198)<\/li>\n<\/ul>\n<\/div>\n<\/div><\/div><\/div><div id=\"pgc-77-5-1\"  class=\"panel-grid-cell\" ><div id=\"panel-77-5-1-0\" class=\"so-panel widget widget_sow-editor panel-first-child panel-last-child\" data-index=\"7\" ><div class=\"so-widget-sow-editor so-widget-sow-editor-base\">\n<div class=\"siteorigin-widget-tinymce textwidget\">\n\t<div id=\"attachment_1272\" style=\"width: 310px\" class=\"wp-caption aligncenter\"><a href=\"https:\/\/digiboard.htwk-leipzig.de\/ausstellung\/wp-content\/uploads\/2018\/05\/Abb.-28.jpg\" rel=\"lightbox\"><img aria-describedby=\"caption-attachment-1272\" loading=\"lazy\" class=\"wp-image-1272\" src=\"https:\/\/digiboard.htwk-leipzig.de\/ausstellung\/wp-content\/uploads\/2018\/05\/Abb.-28.jpg\" alt=\"\" width=\"300\" height=\"428\" srcset=\"https:\/\/digiboard.htwk-leipzig.de\/ausstellung\/wp-content\/uploads\/2018\/05\/Abb.-28.jpg 421w, https:\/\/digiboard.htwk-leipzig.de\/ausstellung\/wp-content\/uploads\/2018\/05\/Abb.-28-211x300.jpg 211w\" sizes=\"(max-width: 300px) 100vw, 300px\" \/><\/a><p id=\"caption-attachment-1272\" class=\"wp-caption-text\"><span style=\"color: #333333;\"><strong>Portrait Paul M\u00f6bius<\/strong><\/span><br \/><em>Fotografie aus \"Spermanns Goldenes Buch vom eigenen Heim\" von 1905<\/em><\/p><\/div>\n<\/div>\n<\/div><\/div><\/div><\/div><div id=\"pg-77-6\"  class=\"panel-grid panel-no-style\" ><div id=\"pgc-77-6-0\"  class=\"panel-grid-cell\" ><div id=\"panel-77-6-0-0\" class=\"so-panel widget widget_sow-editor panel-first-child panel-last-child\" data-index=\"8\" ><div class=\"so-widget-sow-editor so-widget-sow-editor-base\">\n<div class=\"siteorigin-widget-tinymce textwidget\">\n\t<p><strong>Arwed Rossbach <\/strong>(1844 \u2013 1902)<\/p>\n<p>Einer der bedeutendsten Architekten Leipzigs im letzten Drittel des 19. Jahrhunderts war der Stadtrat Arwed Rossbach. Er hatte an der Dresdner Kunstakademie Architektur studiert und sich dort von den Bauten von Gottfried Semper inspirieren lassen. K\u00f6nig Albert verlieh ihm 1891 den Titel <em>K\u00f6niglich S\u00e4chsischer Baurat<\/em> und die Universit\u00e4t Leipzig zeichnete ihn 1897 mit der Ehrendoktorw\u00fcrde aus. In seiner Position als Baurat zeigte er sich verantwortlich f\u00fcr die Leitung \u00fcber Planung und Ausf\u00fchrung der Gel\u00e4ndebebauung.<\/p>\n<p><em>Beitrag zur Ausstellung<\/em><\/p>\n<ul>\n<li>Masterplan f\u00fcr das Ausstellungsgel\u00e4nde und die Geb\u00e4ude<\/li>\n<\/ul>\n<p><em>Bekannte Geb\u00e4ude au\u00dferhalb der Ausstellung<\/em><\/p>\n<ul>\n<li><em>Bibliotheca Albertina<\/em> der Universit\u00e4t Leipzig<\/li>\n<li>Neogotische Fassade der Universit\u00e4tskirche (1968 gesprengt)<\/li>\n<\/ul>\n<\/div>\n<\/div><\/div><\/div><div id=\"pgc-77-6-1\"  class=\"panel-grid-cell\" ><div id=\"panel-77-6-1-0\" class=\"so-panel widget widget_sow-editor panel-first-child panel-last-child\" data-index=\"9\" ><div class=\"so-widget-sow-editor so-widget-sow-editor-base\">\n<div class=\"siteorigin-widget-tinymce textwidget\">\n\t<div id=\"attachment_1261\" style=\"width: 310px\" class=\"wp-caption aligncenter\"><a href=\"https:\/\/digiboard.htwk-leipzig.de\/ausstellung\/wp-content\/uploads\/2018\/05\/Abb.-26-1.jpg\" rel=\"lightbox\"><img aria-describedby=\"caption-attachment-1261\" loading=\"lazy\" class=\"wp-image-1261\" src=\"https:\/\/digiboard.htwk-leipzig.de\/ausstellung\/wp-content\/uploads\/2018\/05\/Abb.-26-1-787x1024.jpg\" alt=\"\" width=\"300\" height=\"390\" srcset=\"https:\/\/digiboard.htwk-leipzig.de\/ausstellung\/wp-content\/uploads\/2018\/05\/Abb.-26-1-787x1024.jpg 787w, https:\/\/digiboard.htwk-leipzig.de\/ausstellung\/wp-content\/uploads\/2018\/05\/Abb.-26-1-231x300.jpg 231w, https:\/\/digiboard.htwk-leipzig.de\/ausstellung\/wp-content\/uploads\/2018\/05\/Abb.-26-1-768x999.jpg 768w, https:\/\/digiboard.htwk-leipzig.de\/ausstellung\/wp-content\/uploads\/2018\/05\/Abb.-26-1-676x879.jpg 676w, https:\/\/digiboard.htwk-leipzig.de\/ausstellung\/wp-content\/uploads\/2018\/05\/Abb.-26-1.jpg 1018w\" sizes=\"(max-width: 300px) 100vw, 300px\" \/><\/a><p id=\"caption-attachment-1261\" class=\"wp-caption-text\"><span style=\"color: #333333;\"><strong>Portrait Arwed Rossbach<\/strong><\/span><br \/><em>Fotografie von 1897<\/em><\/p><\/div>\n<\/div>\n<\/div><\/div><\/div><\/div><div id=\"pg-77-7\"  class=\"panel-grid panel-no-style\" ><div id=\"pgc-77-7-0\"  class=\"panel-grid-cell\" ><div id=\"panel-77-7-0-0\" class=\"so-panel widget widget_sow-editor panel-first-child panel-last-child\" data-index=\"10\" ><div class=\"so-widget-sow-editor so-widget-sow-editor-base\">\n<div class=\"siteorigin-widget-tinymce textwidget\">\n\t<p><strong>August Hermann Schmidt und Arthur Johlige <\/strong>(1858 \u2013 1942 \/ 1857 \u2013 1937)<\/p>\n<p>Die beiden Architekten gr\u00fcndeten das Architekturb\u00fcro Schmidt &amp; Johlige, das zahlreiche Bauten in Leipzig plante und ausf\u00fchrte.<\/p>\n<p><em>Beitr\u00e4ge zur Ausstellung<\/em><\/p>\n<ul>\n<li>Industriehalle<\/li>\n<\/ul>\n<p><em>Au\u00dferhalb der Ausstellung<\/em><\/p>\n<ul>\n<li>Zills Tunnel (1888)<\/li>\n<li>Felsenkeller an der Karl-Heine-Stra\u00dfe (1890)<\/li>\n<li>Gesch\u00e4ftshaus f\u00fcr das Konfektionshaus Franz Ebert am Thomaskirchhof (1902-04, heute Commerzbank-Filiale)<\/li>\n<li>Umbau der Neuen B\u00f6rse (1911)<\/li>\n<\/ul>\n<\/div>\n<\/div><\/div><\/div><\/div><div id=\"pg-77-8\"  class=\"panel-grid panel-no-style\" ><div id=\"pgc-77-8-0\"  class=\"panel-grid-cell\" ><div id=\"panel-77-8-0-0\" class=\"so-panel widget widget_sow-editor panel-first-child panel-last-child\" data-index=\"11\" ><div class=\"so-widget-sow-editor so-widget-sow-editor-base\">\n<div class=\"siteorigin-widget-tinymce textwidget\">\n\t<p><strong>Heinrich Tscharmann <\/strong>(1859 \u2013 1932)<\/p>\n<p>Deutscher Architekt und Baubeamter im s\u00e4chsischen Staatsdienst sowie Hochschullehrer f\u00fcr Architektur an der <a href=\"https:\/\/de.wikipedia.org\/wiki\/Technische_Universit%C3%A4t_Dresden\">Technischen Hochschule Dresden<\/a>.<\/p>\n<p><em>Beitr\u00e4ge zur Ausstellung<\/em><\/p>\n<ul>\n<li>\u201eAltleipziger Messviertel\u201c<\/li>\n<li>Eingang und Verwaltungsbauten<\/li>\n<li>Hauptgastwirtschaft<\/li>\n<\/ul>\n<p><em>Au\u00dferhalb der Ausstellung<\/em><\/p>\n<ul>\n<li>S\u00e4chsische Staatskanzlei in Dresden<\/li>\n<\/ul>\n<p>&nbsp;<\/p>\n<\/div>\n<\/div><\/div><\/div><\/div><div id=\"pg-77-9\"  class=\"panel-grid panel-no-style\" ><div id=\"pgc-77-9-0\"  class=\"panel-grid-cell panel-grid-cell-mobile-last\" ><div id=\"panel-77-9-0-0\" class=\"so-panel widget widget_sow-button panel-first-child panel-last-child\" data-index=\"12\" ><div class=\"so-widget-sow-button so-widget-sow-button-wire-5d09992ef64f-77\"><div class=\"ow-button-base ow-button-align-left\">\n\t<a href=\"https:\/\/digiboard.htwk-leipzig.de\/ausstellung\/architektur\/\" class=\"ow-icon-placement-left ow-button-hover\" \t\t>\n\t\t<span>\n\t\t\t\n\t\t\tZur\u00fcck\t\t<\/span>\n\t<\/a>\n<\/div>\n<\/div><\/div><\/div><div id=\"pgc-77-9-1\"  class=\"panel-grid-cell panel-grid-cell-empty\" ><\/div><\/div><\/div>","protected":false},"excerpt":{"rendered":"<p>Sieben bekannte Leipziger Architekten wurden von der Jury ausgew\u00e4hlt. Sie alle haben nicht nur den Masterplan f\u00fcr die STIGA erstellt, sondern die Stadt w\u00e4hrend ihres Baubooms, den die Reichsgr\u00fcndung 1871 ausl\u00f6ste und der bis zum Ersten Weltkrieg anhielt, bedeutend mitgestaltet. Nachfolgend werden sie kurz alphabetisch vorgestellt \u2013 mit ihrer Baut\u00e4tigkeit auf der STIGA sowie Hinweisen [&hellip;]<\/p>\n","protected":false},"author":4,"featured_media":0,"parent":38,"menu_order":5,"comment_status":"closed","ping_status":"closed","template":"template-nosidebar.php","meta":[],"_links":{"self":[{"href":"https:\/\/digiboard.htwk-leipzig.de\/ausstellung\/wp-json\/wp\/v2\/pages\/77"}],"collection":[{"href":"https:\/\/digiboard.htwk-leipzig.de\/ausstellung\/wp-json\/wp\/v2\/pages"}],"about":[{"href":"https:\/\/digiboard.htwk-leipzig.de\/ausstellung\/wp-json\/wp\/v2\/types\/page"}],"author":[{"embeddable":true,"href":"https:\/\/digiboard.htwk-leipzig.de\/ausstellung\/wp-json\/wp\/v2\/users\/4"}],"replies":[{"embeddable":true,"href":"https:\/\/digiboard.htwk-leipzig.de\/ausstellung\/wp-json\/wp\/v2\/comments?post=77"}],"version-history":[{"count":55,"href":"https:\/\/digiboard.htwk-leipzig.de\/ausstellung\/wp-json\/wp\/v2\/pages\/77\/revisions"}],"predecessor-version":[{"id":2526,"href":"https:\/\/digiboard.htwk-leipzig.de\/ausstellung\/wp-json\/wp\/v2\/pages\/77\/revisions\/2526"}],"up":[{"embeddable":true,"href":"https:\/\/digiboard.htwk-leipzig.de\/ausstellung\/wp-json\/wp\/v2\/pages\/38"}],"wp:attachment":[{"href":"https:\/\/digiboard.htwk-leipzig.de\/ausstellung\/wp-json\/wp\/v2\/media?parent=77"}],"curies":[{"name":"wp","href":"https:\/\/api.w.org\/{rel}","templated":true}]}}