{"id":75,"date":"2017-12-20T17:35:49","date_gmt":"2017-12-20T16:35:49","guid":{"rendered":"https:\/\/digiboard5.htwk-leipzig.de\/ausstellung\/?page_id=75"},"modified":"2018-11-26T08:42:15","modified_gmt":"2018-11-26T07:42:15","slug":"120-jahre-spaeter","status":"publish","type":"page","link":"https:\/\/digiboard.htwk-leipzig.de\/ausstellung\/architektur\/120-jahre-spaeter\/","title":{"rendered":"120 Jahre sp\u00e4ter"},"content":{"rendered":"<div id=\"pl-75\"  class=\"panel-layout\" ><div id=\"pg-75-0\"  class=\"panel-grid panel-no-style\" ><div id=\"pgc-75-0-0\"  class=\"panel-grid-cell\" ><div id=\"panel-75-0-0-0\" class=\"so-panel widget widget_bcn_widget widget_breadcrumb_navxt panel-first-child panel-last-child\" data-index=\"0\" ><div class=\"panel-widget-style panel-widget-style-for-75-0-0-0\" ><div class=\"breadcrumbs\" vocab=\"https:\/\/schema.org\/\" typeof=\"BreadcrumbList\"><!-- Breadcrumb NavXT 7.0.2 -->\n<\/div><\/div><\/div><\/div><\/div><div id=\"pg-75-1\"  class=\"panel-grid panel-no-style\" ><div id=\"pgc-75-1-0\"  class=\"panel-grid-cell\" ><div id=\"panel-75-1-0-0\" class=\"so-panel widget widget_sow-editor panel-first-child panel-last-child\" data-index=\"1\" ><div class=\"so-widget-sow-editor so-widget-sow-editor-base\">\n<div class=\"siteorigin-widget-tinymce textwidget\">\n\t<p>Auf dem Gel\u00e4nde der Ausstellung er\u00f6ffnete zur geplanten Nachnutzung und nach einer Umgestaltung 1898 der \u00f6ffentliche K\u00f6nig-Albert-Park. Er wurde 1955 mit drei weiteren, bereits existierenden Parkanlagen zum Zentralen Kulturpark \u201eClara Zetkin\u201c zusammengef\u00fchrt.<\/p>\n<p>Heute f\u00fchrt die Anton-Bruckner-Allee entlang der ehemaligen Hauptachse durch den Clara-Zetkin-Park \u2013 vorbei an den zwei Teichen, die schon f\u00fcr die STIGA geschaffen wurden, und \u00fcber die Sachsenbr\u00fccke (anstelle der ehemaligen Hauptbr\u00fccke).<\/p>\n<p>Aus den jungen B\u00e4umchen, 1897 entlang der Allee gepflanzt, sind inzwischen gro\u00dfe, beeindruckende B\u00e4ume geworden. Auch die Anh\u00f6hen im Park zeugen von der ehemaligen Ausstellung, denn sie sind aus dem Schutt der abgerissenen Bauten entstanden.<\/p>\n<p>Nur zwei Geb\u00e4ude existieren heute noch vollst\u00e4ndig: Das Blockhaus, in dem die Leipziger Stadtbrauerei F.A. Ulrich ihr Bier ausgeschenkt hatte, ist auf dem Gel\u00e4nde eines Kleingartenvereins in Leipzig-Kleinzschocher zu sehen, ein weiteres Geb\u00e4ude befindet sich in Zwenkau.<\/p>\n<\/div>\n<\/div><\/div><\/div><div id=\"pgc-75-1-1\"  class=\"panel-grid-cell\" ><div id=\"panel-75-1-1-0\" class=\"so-panel widget widget_sow-editor panel-first-child panel-last-child\" data-index=\"2\" ><div class=\"so-widget-sow-editor so-widget-sow-editor-base\">\n<div class=\"siteorigin-widget-tinymce textwidget\">\n\t<div id=\"attachment_1244\" style=\"width: 310px\" class=\"wp-caption aligncenter\"><a href=\"https:\/\/digiboard.htwk-leipzig.de\/ausstellung\/wp-content\/uploads\/2018\/05\/Abb.-24-e1543209917554.jpg\" rel=\"lightbox\"><img aria-describedby=\"caption-attachment-1244\" loading=\"lazy\" class=\"wp-image-1244 size-medium\" src=\"https:\/\/digiboard.htwk-leipzig.de\/ausstellung\/wp-content\/uploads\/2018\/05\/Abb.-24-e1543209917554-300x227.jpg\" alt=\"\" width=\"300\" height=\"227\" srcset=\"https:\/\/digiboard.htwk-leipzig.de\/ausstellung\/wp-content\/uploads\/2018\/05\/Abb.-24-e1543209917554-300x227.jpg 300w, https:\/\/digiboard.htwk-leipzig.de\/ausstellung\/wp-content\/uploads\/2018\/05\/Abb.-24-e1543209917554-768x582.jpg 768w, https:\/\/digiboard.htwk-leipzig.de\/ausstellung\/wp-content\/uploads\/2018\/05\/Abb.-24-e1543209917554-1024x776.jpg 1024w, https:\/\/digiboard.htwk-leipzig.de\/ausstellung\/wp-content\/uploads\/2018\/05\/Abb.-24-e1543209917554-676x512.jpg 676w\" sizes=\"(max-width: 300px) 100vw, 300px\" \/><\/a><p id=\"caption-attachment-1244\" class=\"wp-caption-text\"><span style=\"color: #333333;\"><strong>Blockh\u00fctte der Firma F.A. Ullrich<\/strong><\/span><br \/><em>Fotografie von 1897<\/em><\/p><\/div>\n<div id=\"attachment_1245\" style=\"width: 310px\" class=\"wp-caption aligncenter\"><a href=\"https:\/\/digiboard.htwk-leipzig.de\/ausstellung\/wp-content\/uploads\/2018\/05\/Abb.-25-1.jpg\" rel=\"lightbox\"><img aria-describedby=\"caption-attachment-1245\" loading=\"lazy\" class=\"wp-image-1245 size-medium\" src=\"https:\/\/digiboard.htwk-leipzig.de\/ausstellung\/wp-content\/uploads\/2018\/05\/Abb.-25-1-300x225.jpg\" alt=\"\" width=\"300\" height=\"225\" srcset=\"https:\/\/digiboard.htwk-leipzig.de\/ausstellung\/wp-content\/uploads\/2018\/05\/Abb.-25-1-300x225.jpg 300w, https:\/\/digiboard.htwk-leipzig.de\/ausstellung\/wp-content\/uploads\/2018\/05\/Abb.-25-1-768x576.jpg 768w, https:\/\/digiboard.htwk-leipzig.de\/ausstellung\/wp-content\/uploads\/2018\/05\/Abb.-25-1-1024x768.jpg 1024w, https:\/\/digiboard.htwk-leipzig.de\/ausstellung\/wp-content\/uploads\/2018\/05\/Abb.-25-1-676x507.jpg 676w\" sizes=\"(max-width: 300px) 100vw, 300px\" \/><\/a><p id=\"caption-attachment-1245\" class=\"wp-caption-text\"><span style=\"color: #333333;\"><strong>Vereinshaus des KGV Blockhaus 1894 e.V.<\/strong><\/span><br \/><em>Fotografie von 2016<\/em><\/p><\/div>\n<\/div>\n<\/div><\/div><\/div><\/div><div id=\"pg-75-2\"  class=\"panel-grid panel-no-style\" ><div id=\"pgc-75-2-0\"  class=\"panel-grid-cell panel-grid-cell-mobile-last\" ><div id=\"panel-75-2-0-0\" class=\"so-panel widget widget_sow-button panel-first-child panel-last-child\" data-index=\"3\" ><div class=\"so-widget-sow-button so-widget-sow-button-wire-62a05781b3d0-75\"><div class=\"ow-button-base ow-button-align-left\">\n\t<a href=\"https:\/\/digiboard.htwk-leipzig.de\/ausstellung\/architektur\/\" class=\"ow-icon-placement-left ow-button-hover\" \t\t>\n\t\t<span>\n\t\t\t\n\t\t\tZur\u00fcck\t\t<\/span>\n\t<\/a>\n<\/div>\n<\/div><\/div><\/div><div id=\"pgc-75-2-1\"  class=\"panel-grid-cell panel-grid-cell-empty\" ><\/div><\/div><\/div>","protected":false},"excerpt":{"rendered":"<p>Auf dem Gel\u00e4nde der Ausstellung er\u00f6ffnete zur geplanten Nachnutzung und nach einer Umgestaltung 1898 der \u00f6ffentliche K\u00f6nig-Albert-Park. Er wurde 1955 mit drei weiteren, bereits existierenden Parkanlagen zum Zentralen Kulturpark \u201eClara Zetkin\u201c zusammengef\u00fchrt. Heute f\u00fchrt die Anton-Bruckner-Allee entlang der ehemaligen Hauptachse durch den Clara-Zetkin-Park \u2013 vorbei an den zwei Teichen, die schon f\u00fcr die STIGA geschaffen [&hellip;]<\/p>\n","protected":false},"author":4,"featured_media":0,"parent":38,"menu_order":4,"comment_status":"closed","ping_status":"closed","template":"template-nosidebar.php","meta":[],"_links":{"self":[{"href":"https:\/\/digiboard.htwk-leipzig.de\/ausstellung\/wp-json\/wp\/v2\/pages\/75"}],"collection":[{"href":"https:\/\/digiboard.htwk-leipzig.de\/ausstellung\/wp-json\/wp\/v2\/pages"}],"about":[{"href":"https:\/\/digiboard.htwk-leipzig.de\/ausstellung\/wp-json\/wp\/v2\/types\/page"}],"author":[{"embeddable":true,"href":"https:\/\/digiboard.htwk-leipzig.de\/ausstellung\/wp-json\/wp\/v2\/users\/4"}],"replies":[{"embeddable":true,"href":"https:\/\/digiboard.htwk-leipzig.de\/ausstellung\/wp-json\/wp\/v2\/comments?post=75"}],"version-history":[{"count":21,"href":"https:\/\/digiboard.htwk-leipzig.de\/ausstellung\/wp-json\/wp\/v2\/pages\/75\/revisions"}],"predecessor-version":[{"id":2524,"href":"https:\/\/digiboard.htwk-leipzig.de\/ausstellung\/wp-json\/wp\/v2\/pages\/75\/revisions\/2524"}],"up":[{"embeddable":true,"href":"https:\/\/digiboard.htwk-leipzig.de\/ausstellung\/wp-json\/wp\/v2\/pages\/38"}],"wp:attachment":[{"href":"https:\/\/digiboard.htwk-leipzig.de\/ausstellung\/wp-json\/wp\/v2\/media?parent=75"}],"curies":[{"name":"wp","href":"https:\/\/api.w.org\/{rel}","templated":true}]}}