{"id":70,"date":"2017-12-20T17:34:04","date_gmt":"2017-12-20T16:34:04","guid":{"rendered":"https:\/\/digiboard5.htwk-leipzig.de\/ausstellung\/?page_id=70"},"modified":"2018-11-26T08:32:33","modified_gmt":"2018-11-26T07:32:33","slug":"auf-und-aufbau","status":"publish","type":"page","link":"https:\/\/digiboard.htwk-leipzig.de\/ausstellung\/architektur\/auf-und-aufbau\/","title":{"rendered":"Auf- und Aufbau"},"content":{"rendered":"<div id=\"pl-70\"  class=\"panel-layout\" ><div id=\"pg-70-0\"  class=\"panel-grid panel-no-style\" ><div id=\"pgc-70-0-0\"  class=\"panel-grid-cell\" ><div id=\"panel-70-0-0-0\" class=\"so-panel widget widget_bcn_widget widget_breadcrumb_navxt panel-first-child panel-last-child\" data-index=\"0\" ><div class=\"panel-widget-style panel-widget-style-for-70-0-0-0\" ><div class=\"breadcrumbs\" vocab=\"https:\/\/schema.org\/\" typeof=\"BreadcrumbList\"><!-- Breadcrumb NavXT 7.0.2 -->\n<\/div><\/div><\/div><\/div><\/div><div id=\"pg-70-1\"  class=\"panel-grid panel-no-style\" ><div id=\"pgc-70-1-0\"  class=\"panel-grid-cell\" ><div id=\"panel-70-1-0-0\" class=\"so-panel widget widget_sow-editor panel-first-child panel-last-child\" data-index=\"1\" ><div class=\"so-widget-sow-editor so-widget-sow-editor-base\">\n<div class=\"siteorigin-widget-tinymce textwidget\">\n\t<p>Mit den Bauarbeiten f\u00fcr die Ausstellung wurde im Mai 1895 begonnen. Zun\u00e4chst musste die sumpfige Wiese, die als Standort ausgesucht worden war, trockengelegt und angehoben werden, um den Platz auf ein Niveau mit den Stra\u00dfen zu bringen. F\u00fcr den Transport der ben\u00f6tigten Baumaterialien errichtete man eigens einen Schienenstrang, der direkt zum Gel\u00e4nde f\u00fchrte.<\/p>\n<p>Die meisten Geb\u00e4ude wurden als Holzkonstruktion errichtet \u2013 mehr war nicht notwendig f\u00fcr die tempor\u00e4re Nutzung \u00fcber wenige Monate. Doch mussten Tausende von Pf\u00e4hlen als Fundament in den Boden gerammt werden. Die Arbeiten an den Hauptgeb\u00e4uden konnten im Februar 1896 beginnen, zur Er\u00f6ffnung waren einige der privaten Pavillons noch nicht fertiggestellt.<\/p>\n<p>Nach der sechsmonatigen Laufzeit der STIGA sollten die Geb\u00e4ude m\u00f6glichst schnell wieder abzubauen sein. Darum setzte man auf leichte Bauweise. Immerhin wurde auch Einiges wiederverwendet, so konnten Bauteile der Industrie- und Maschinenhalle beim Bau des Ausflugslokals \u201ePalmengarten\u201c im Leipziger Westen genutzt werden.<\/p>\n<\/div>\n<\/div><\/div><\/div><div id=\"pgc-70-1-1\"  class=\"panel-grid-cell\" ><div id=\"panel-70-1-1-0\" class=\"so-panel widget widget_sow-editor panel-first-child panel-last-child\" data-index=\"2\" ><div class=\"so-widget-sow-editor so-widget-sow-editor-base\">\n<div class=\"siteorigin-widget-tinymce textwidget\">\n\t<div id=\"attachment_1070\" style=\"width: 310px\" class=\"wp-caption aligncenter\"><a href=\"https:\/\/digiboard.htwk-leipzig.de\/ausstellung\/wp-content\/uploads\/2018\/05\/Abb.-11.jpg\" rel=\"lightbox\"><img aria-describedby=\"caption-attachment-1070\" loading=\"lazy\" class=\"wp-image-1070 size-medium\" src=\"https:\/\/digiboard.htwk-leipzig.de\/ausstellung\/wp-content\/uploads\/2018\/05\/Abb.-11-300x164.jpg\" alt=\"\" width=\"300\" height=\"164\" srcset=\"https:\/\/digiboard.htwk-leipzig.de\/ausstellung\/wp-content\/uploads\/2018\/05\/Abb.-11-300x164.jpg 300w, https:\/\/digiboard.htwk-leipzig.de\/ausstellung\/wp-content\/uploads\/2018\/05\/Abb.-11-768x419.jpg 768w, https:\/\/digiboard.htwk-leipzig.de\/ausstellung\/wp-content\/uploads\/2018\/05\/Abb.-11-1024x559.jpg 1024w, https:\/\/digiboard.htwk-leipzig.de\/ausstellung\/wp-content\/uploads\/2018\/05\/Abb.-11-676x369.jpg 676w\" sizes=\"(max-width: 300px) 100vw, 300px\" \/><\/a><p id=\"caption-attachment-1070\" class=\"wp-caption-text\"><span style=\"color: #333333;\"><strong>Ansicht der Maschinenhalle w\u00e4hrend der Aufbauarbeiten <\/strong><\/span><br \/><em>Fotografie von 1897<\/em><\/p><\/div>\n<\/div>\n<\/div><\/div><\/div><\/div><div id=\"pg-70-2\"  class=\"panel-grid panel-no-style\" ><div id=\"pgc-70-2-0\"  class=\"panel-grid-cell panel-grid-cell-mobile-last\" ><div id=\"panel-70-2-0-0\" class=\"so-panel widget widget_sow-button panel-first-child panel-last-child\" data-index=\"3\" ><div class=\"so-widget-sow-button so-widget-sow-button-wire-62a05781b3d0-70\"><div class=\"ow-button-base ow-button-align-left\">\n\t<a href=\"https:\/\/digiboard.htwk-leipzig.de\/ausstellung\/architektur\/\" class=\"ow-icon-placement-left ow-button-hover\" \t\t>\n\t\t<span>\n\t\t\t\n\t\t\tZur\u00fcck\t\t<\/span>\n\t<\/a>\n<\/div>\n<\/div><\/div><\/div><div id=\"pgc-70-2-1\"  class=\"panel-grid-cell panel-grid-cell-empty\" ><\/div><\/div><\/div>","protected":false},"excerpt":{"rendered":"<p>Mit den Bauarbeiten f\u00fcr die Ausstellung wurde im Mai 1895 begonnen. Zun\u00e4chst musste die sumpfige Wiese, die als Standort ausgesucht worden war, trockengelegt und angehoben werden, um den Platz auf ein Niveau mit den Stra\u00dfen zu bringen. F\u00fcr den Transport der ben\u00f6tigten Baumaterialien errichtete man eigens einen Schienenstrang, der direkt zum Gel\u00e4nde f\u00fchrte. Die meisten [&hellip;]<\/p>\n","protected":false},"author":4,"featured_media":0,"parent":38,"menu_order":2,"comment_status":"closed","ping_status":"closed","template":"","meta":[],"_links":{"self":[{"href":"https:\/\/digiboard.htwk-leipzig.de\/ausstellung\/wp-json\/wp\/v2\/pages\/70"}],"collection":[{"href":"https:\/\/digiboard.htwk-leipzig.de\/ausstellung\/wp-json\/wp\/v2\/pages"}],"about":[{"href":"https:\/\/digiboard.htwk-leipzig.de\/ausstellung\/wp-json\/wp\/v2\/types\/page"}],"author":[{"embeddable":true,"href":"https:\/\/digiboard.htwk-leipzig.de\/ausstellung\/wp-json\/wp\/v2\/users\/4"}],"replies":[{"embeddable":true,"href":"https:\/\/digiboard.htwk-leipzig.de\/ausstellung\/wp-json\/wp\/v2\/comments?post=70"}],"version-history":[{"count":39,"href":"https:\/\/digiboard.htwk-leipzig.de\/ausstellung\/wp-json\/wp\/v2\/pages\/70\/revisions"}],"predecessor-version":[{"id":2506,"href":"https:\/\/digiboard.htwk-leipzig.de\/ausstellung\/wp-json\/wp\/v2\/pages\/70\/revisions\/2506"}],"up":[{"embeddable":true,"href":"https:\/\/digiboard.htwk-leipzig.de\/ausstellung\/wp-json\/wp\/v2\/pages\/38"}],"wp:attachment":[{"href":"https:\/\/digiboard.htwk-leipzig.de\/ausstellung\/wp-json\/wp\/v2\/media?parent=70"}],"curies":[{"name":"wp","href":"https:\/\/api.w.org\/{rel}","templated":true}]}}