{"id":66,"date":"2017-12-20T17:33:22","date_gmt":"2017-12-20T16:33:22","guid":{"rendered":"https:\/\/digiboard5.htwk-leipzig.de\/ausstellung\/?page_id=66"},"modified":"2018-11-26T08:31:08","modified_gmt":"2018-11-26T07:31:08","slug":"standort-und-gelaende","status":"publish","type":"page","link":"https:\/\/digiboard.htwk-leipzig.de\/ausstellung\/architektur\/standort-und-gelaende\/","title":{"rendered":"Standort und Gel\u00e4nde"},"content":{"rendered":"<div id=\"pl-66\"  class=\"panel-layout\" ><div id=\"pg-66-0\"  class=\"panel-grid panel-no-style\" ><div id=\"pgc-66-0-0\"  class=\"panel-grid-cell\" ><div id=\"panel-66-0-0-0\" class=\"so-panel widget widget_bcn_widget widget_breadcrumb_navxt panel-first-child panel-last-child\" data-index=\"0\" ><div class=\"panel-widget-style panel-widget-style-for-66-0-0-0\" ><div class=\"breadcrumbs\" vocab=\"https:\/\/schema.org\/\" typeof=\"BreadcrumbList\"><!-- Breadcrumb NavXT 7.0.2 -->\n<\/div><\/div><\/div><\/div><\/div><div id=\"pg-66-1\"  class=\"panel-grid panel-no-style\" ><div id=\"pgc-66-1-0\"  class=\"panel-grid-cell\" ><div id=\"panel-66-1-0-0\" class=\"so-panel widget widget_sow-editor panel-first-child panel-last-child\" data-index=\"1\" ><div class=\"so-widget-sow-editor so-widget-sow-editor-base\">\n<div class=\"siteorigin-widget-tinymce textwidget\">\n\t<p>Als Standort w\u00e4hlte die Stadt Leipzig eine 400.000 Quadratmeter gro\u00dfe sumpfige Wiese im Westen der Innenstadt zwischen Karl-Tauchnitz- und Ferdinand-Lasalle-Stra\u00dfe. Die Mittelachse des Gel\u00e4ndes, die K\u00f6nig-Albert-Allee, verband den Eingang an der Karl-Tauchnitz-Stra\u00dfe, der von zwei hohen Obelisken flankiert wurde, mit der Hauptbr\u00fccke und der dahinterliegenden, alles dominierenden Industrie- und Maschinenhalle. Ausgew\u00e4hlt wurde dieser Platz vor allem aufgrund der N\u00e4he zur Innenstadt: nur etwa zehn Minuten Fu\u00dfweg, und die Anbindung an die st\u00e4dtische Infrastruktur war damit einfach.<\/p>\n<p>Ein wichtiger Teil der Ausstellung war die g\u00e4rtnerische, landschaftliche und k\u00fcnstlerische Gestaltung des Areals. Zwei Teiche und die Einbeziehung des Elsterflutbeckens machten das Wasser zu einem weiteren wichtigen Element. \u00dcberall gab es kleine Tempel, Statuen und Brunnen. Von Beginn an war intendiert, das Gel\u00e4nde sp\u00e4ter in einen \u00f6ffentlichen Park umzuwandeln.<\/p>\n<\/div>\n<\/div><\/div><\/div><div id=\"pgc-66-1-1\"  class=\"panel-grid-cell\" ><div id=\"panel-66-1-1-0\" class=\"so-panel widget widget_sow-editor panel-first-child panel-last-child\" data-index=\"2\" ><div class=\"so-widget-sow-editor so-widget-sow-editor-base\">\n<div class=\"siteorigin-widget-tinymce textwidget\">\n\t<div id=\"attachment_511\" style=\"width: 310px\" class=\"wp-caption aligncenter\"><a href=\"https:\/\/digiboard.htwk-leipzig.de\/ausstellung\/wp-content\/uploads\/2018\/02\/Abb.-10-e1540230581750.jpg\" rel=\"lightbox\"><img aria-describedby=\"caption-attachment-511\" loading=\"lazy\" class=\"wp-image-511 size-medium\" src=\"https:\/\/digiboard.htwk-leipzig.de\/ausstellung\/wp-content\/uploads\/2018\/02\/Abb.-10-e1540230581750-300x206.jpg\" alt=\"\" width=\"300\" height=\"206\" srcset=\"https:\/\/digiboard.htwk-leipzig.de\/ausstellung\/wp-content\/uploads\/2018\/02\/Abb.-10-e1540230581750-300x206.jpg 300w, https:\/\/digiboard.htwk-leipzig.de\/ausstellung\/wp-content\/uploads\/2018\/02\/Abb.-10-e1540230581750-768x526.jpg 768w, https:\/\/digiboard.htwk-leipzig.de\/ausstellung\/wp-content\/uploads\/2018\/02\/Abb.-10-e1540230581750-1024x702.jpg 1024w, https:\/\/digiboard.htwk-leipzig.de\/ausstellung\/wp-content\/uploads\/2018\/02\/Abb.-10-e1540230581750-676x463.jpg 676w, https:\/\/digiboard.htwk-leipzig.de\/ausstellung\/wp-content\/uploads\/2018\/02\/Abb.-10-e1540230581750.jpg 1116w\" sizes=\"(max-width: 300px) 100vw, 300px\" \/><\/a><p id=\"caption-attachment-511\" class=\"wp-caption-text\"><span style=\"color: #333333;\"><strong>Haupteingang zum Ausstellungsgel\u00e4nde <\/strong><\/span><br \/><em>Lithografie von 1897<\/em><\/p><\/div>\n<div id=\"attachment_1534\" style=\"width: 310px\" class=\"wp-caption aligncenter\"><a href=\"https:\/\/digiboard.htwk-leipzig.de\/ausstellung\/wp-content\/uploads\/2018\/05\/Abb.-8-2-e1540231383212.jpg\" rel=\"lightbox\"><img aria-describedby=\"caption-attachment-1534\" loading=\"lazy\" class=\"wp-image-1534 size-medium\" src=\"https:\/\/digiboard.htwk-leipzig.de\/ausstellung\/wp-content\/uploads\/2018\/05\/Abb.-8-2-e1540231383212-300x202.jpg\" alt=\"\" width=\"300\" height=\"202\" srcset=\"https:\/\/digiboard.htwk-leipzig.de\/ausstellung\/wp-content\/uploads\/2018\/05\/Abb.-8-2-e1540231383212-300x202.jpg 300w, https:\/\/digiboard.htwk-leipzig.de\/ausstellung\/wp-content\/uploads\/2018\/05\/Abb.-8-2-e1540231383212-768x518.jpg 768w, https:\/\/digiboard.htwk-leipzig.de\/ausstellung\/wp-content\/uploads\/2018\/05\/Abb.-8-2-e1540231383212-1024x690.jpg 1024w, https:\/\/digiboard.htwk-leipzig.de\/ausstellung\/wp-content\/uploads\/2018\/05\/Abb.-8-2-e1540231383212-676x456.jpg 676w, https:\/\/digiboard.htwk-leipzig.de\/ausstellung\/wp-content\/uploads\/2018\/05\/Abb.-8-2-e1540231383212-272x182.jpg 272w\" sizes=\"(max-width: 300px) 100vw, 300px\" \/><\/a><p id=\"caption-attachment-1534\" class=\"wp-caption-text\"><span style=\"color: #333333;\"><strong>Plan der Stadt Leipzig mit dem Ausstellungsgel\u00e4nde<\/strong><\/span><br \/><em>Werbet\u00fcte der Firma E. Hoffmann (Vorderseite) von 1897<\/em><\/p><\/div>\n<div id=\"attachment_841\" style=\"width: 310px\" class=\"wp-caption aligncenter\"><a href=\"https:\/\/digiboard.htwk-leipzig.de\/ausstellung\/wp-content\/uploads\/2018\/05\/Abb.-9.jpg\" rel=\"lightbox\"><img aria-describedby=\"caption-attachment-841\" loading=\"lazy\" class=\"wp-image-841 size-medium\" src=\"https:\/\/digiboard.htwk-leipzig.de\/ausstellung\/wp-content\/uploads\/2018\/05\/Abb.-9-300x201.jpg\" alt=\"\" width=\"300\" height=\"201\" srcset=\"https:\/\/digiboard.htwk-leipzig.de\/ausstellung\/wp-content\/uploads\/2018\/05\/Abb.-9-300x201.jpg 300w, https:\/\/digiboard.htwk-leipzig.de\/ausstellung\/wp-content\/uploads\/2018\/05\/Abb.-9-768x514.jpg 768w, https:\/\/digiboard.htwk-leipzig.de\/ausstellung\/wp-content\/uploads\/2018\/05\/Abb.-9-1024x685.jpg 1024w, https:\/\/digiboard.htwk-leipzig.de\/ausstellung\/wp-content\/uploads\/2018\/05\/Abb.-9-676x452.jpg 676w, https:\/\/digiboard.htwk-leipzig.de\/ausstellung\/wp-content\/uploads\/2018\/05\/Abb.-9-272x182.jpg 272w\" sizes=\"(max-width: 300px) 100vw, 300px\" \/><\/a><p id=\"caption-attachment-841\" class=\"wp-caption-text\"><span style=\"color: #333333;\"><strong>Blick \u00fcber das Ausstellungsgel\u00e4nde<br \/><\/strong><\/span> <em>Werbet\u00fcte der Firma E. Hoffmann (R\u00fcckseite) von 1897<\/em><\/p><\/div>\n<\/div>\n<\/div><\/div><\/div><\/div><div id=\"pg-66-2\"  class=\"panel-grid panel-no-style\" ><div id=\"pgc-66-2-0\"  class=\"panel-grid-cell panel-grid-cell-mobile-last\" ><div id=\"panel-66-2-0-0\" class=\"so-panel widget widget_sow-button panel-first-child panel-last-child\" data-index=\"3\" ><div class=\"so-widget-sow-button so-widget-sow-button-wire-62a05781b3d0-66\"><div class=\"ow-button-base ow-button-align-left\">\n\t<a href=\"https:\/\/digiboard.htwk-leipzig.de\/ausstellung\/architektur\/\" class=\"ow-icon-placement-left ow-button-hover\" \t\t>\n\t\t<span>\n\t\t\t\n\t\t\tZur\u00fcck\t\t<\/span>\n\t<\/a>\n<\/div>\n<\/div><\/div><\/div><div id=\"pgc-66-2-1\"  class=\"panel-grid-cell panel-grid-cell-empty\" ><\/div><\/div><\/div>","protected":false},"excerpt":{"rendered":"<p>Als Standort w\u00e4hlte die Stadt Leipzig eine 400.000 Quadratmeter gro\u00dfe sumpfige Wiese im Westen der Innenstadt zwischen Karl-Tauchnitz- und Ferdinand-Lasalle-Stra\u00dfe. Die Mittelachse des Gel\u00e4ndes, die K\u00f6nig-Albert-Allee, verband den Eingang an der Karl-Tauchnitz-Stra\u00dfe, der von zwei hohen Obelisken flankiert wurde, mit der Hauptbr\u00fccke und der dahinterliegenden, alles dominierenden Industrie- und Maschinenhalle. Ausgew\u00e4hlt wurde dieser Platz vor [&hellip;]<\/p>\n","protected":false},"author":4,"featured_media":0,"parent":38,"menu_order":1,"comment_status":"closed","ping_status":"closed","template":"","meta":[],"_links":{"self":[{"href":"https:\/\/digiboard.htwk-leipzig.de\/ausstellung\/wp-json\/wp\/v2\/pages\/66"}],"collection":[{"href":"https:\/\/digiboard.htwk-leipzig.de\/ausstellung\/wp-json\/wp\/v2\/pages"}],"about":[{"href":"https:\/\/digiboard.htwk-leipzig.de\/ausstellung\/wp-json\/wp\/v2\/types\/page"}],"author":[{"embeddable":true,"href":"https:\/\/digiboard.htwk-leipzig.de\/ausstellung\/wp-json\/wp\/v2\/users\/4"}],"replies":[{"embeddable":true,"href":"https:\/\/digiboard.htwk-leipzig.de\/ausstellung\/wp-json\/wp\/v2\/comments?post=66"}],"version-history":[{"count":156,"href":"https:\/\/digiboard.htwk-leipzig.de\/ausstellung\/wp-json\/wp\/v2\/pages\/66\/revisions"}],"predecessor-version":[{"id":2502,"href":"https:\/\/digiboard.htwk-leipzig.de\/ausstellung\/wp-json\/wp\/v2\/pages\/66\/revisions\/2502"}],"up":[{"embeddable":true,"href":"https:\/\/digiboard.htwk-leipzig.de\/ausstellung\/wp-json\/wp\/v2\/pages\/38"}],"wp:attachment":[{"href":"https:\/\/digiboard.htwk-leipzig.de\/ausstellung\/wp-json\/wp\/v2\/media?parent=66"}],"curies":[{"name":"wp","href":"https:\/\/api.w.org\/{rel}","templated":true}]}}