{"id":64,"date":"2017-12-20T17:32:45","date_gmt":"2017-12-20T16:32:45","guid":{"rendered":"https:\/\/digiboard5.htwk-leipzig.de\/ausstellung\/?page_id=64"},"modified":"2018-11-26T08:31:57","modified_gmt":"2018-11-26T07:31:57","slug":"vorbilder","status":"publish","type":"page","link":"https:\/\/digiboard.htwk-leipzig.de\/ausstellung\/architektur\/vorbilder\/","title":{"rendered":"Vorbilder"},"content":{"rendered":"<div id=\"pl-64\"  class=\"panel-layout\" ><div id=\"pg-64-0\"  class=\"panel-grid panel-no-style\" ><div id=\"pgc-64-0-0\"  class=\"panel-grid-cell\" ><div id=\"panel-64-0-0-0\" class=\"so-panel widget widget_bcn_widget widget_breadcrumb_navxt panel-first-child panel-last-child\" data-index=\"0\" ><div class=\"panel-widget-style panel-widget-style-for-64-0-0-0\" ><div class=\"breadcrumbs\" vocab=\"https:\/\/schema.org\/\" typeof=\"BreadcrumbList\"><!-- Breadcrumb NavXT 7.0.2 -->\n<\/div><\/div><\/div><\/div><\/div><div id=\"pg-64-1\"  class=\"panel-grid panel-no-style\" ><div id=\"pgc-64-1-0\"  class=\"panel-grid-cell\" ><div id=\"panel-64-1-0-0\" class=\"so-panel widget widget_sow-editor panel-first-child panel-last-child\" data-index=\"1\" ><div class=\"so-widget-sow-editor so-widget-sow-editor-base\">\n<div class=\"siteorigin-widget-tinymce textwidget\">\n\t<p>Die STIGA hat viele Vorbilder: Schon seit den 1820er Jahren gab es zunehmend Ausstellungen in Europa, die Industrieprodukte eines Landes oder einer Region vorstellten. Daraus entwickelten sich die internationalen Weltausstellungen. Seit der ersten Weltausstellung 1851 in London war es \u00fcblich, eigene Ausstellungshallen zu errichten, die gro\u00dfe Vorbildwirkung hatten \u2013 angefangen mit dem Crystal Palace 1851.<\/p>\n<p>Vier Jahre vor der Leipziger Ausstellung fand die Weltausstellung \u201eWorld\u2018s Columbian Exposition\u201c in Chicago statt.<\/p>\n<p>Sie war mit der Aufteilung in die historistischen Ausstellungshallen der \u201eWhite City\u201c und deren Gegenst\u00fcck, den historischen und ethnografischen Inszenierungen der Vergn\u00fcgungsmeile, der \u201eMidway Plaisance\u201c, Vorbild f\u00fcr viele Ausstellungen der n\u00e4chsten Jahre. Auch auf der Leipziger STIGA \u00fcbernahm man diese Verbindung von wei\u00dfen Ausstellungsgeb\u00e4uden \u2013 hier vor allem die Industriehalle \u2013 und den Nachbauten nach historischen Vorbildern, so beispielsweise beim \u201eAltleipziger Messviertel\u201c.<\/p>\n<\/div>\n<\/div><\/div><\/div><div id=\"pgc-64-1-1\"  class=\"panel-grid-cell\" ><div id=\"panel-64-1-1-0\" class=\"so-panel widget widget_sow-editor panel-first-child panel-last-child\" data-index=\"2\" ><div class=\"so-widget-sow-editor so-widget-sow-editor-base\">\n<div class=\"siteorigin-widget-tinymce textwidget\">\n\t<div id=\"attachment_198\" style=\"width: 310px\" class=\"wp-caption aligncenter\"><a href=\"https:\/\/digiboard.htwk-leipzig.de\/ausstellung\/wp-content\/uploads\/2018\/01\/Abb.-6.jpg\" rel=\"lightbox\"><img aria-describedby=\"caption-attachment-198\" loading=\"lazy\" class=\"wp-image-198 size-medium\" src=\"https:\/\/digiboard.htwk-leipzig.de\/ausstellung\/wp-content\/uploads\/2018\/01\/Abb.-6-300x162.jpg\" alt=\"\" width=\"300\" height=\"162\" srcset=\"https:\/\/digiboard.htwk-leipzig.de\/ausstellung\/wp-content\/uploads\/2018\/01\/Abb.-6-300x162.jpg 300w, https:\/\/digiboard.htwk-leipzig.de\/ausstellung\/wp-content\/uploads\/2018\/01\/Abb.-6-768x415.jpg 768w, https:\/\/digiboard.htwk-leipzig.de\/ausstellung\/wp-content\/uploads\/2018\/01\/Abb.-6-1024x554.jpg 1024w, https:\/\/digiboard.htwk-leipzig.de\/ausstellung\/wp-content\/uploads\/2018\/01\/Abb.-6-676x366.jpg 676w\" sizes=\"(max-width: 300px) 100vw, 300px\" \/><\/a><p id=\"caption-attachment-198\" class=\"wp-caption-text\"><span style=\"color: #333333;\"><strong>Der \"Crystal Palace\" auf der Londoner Weltausstellung<\/strong><\/span><br \/><em>Zeichnung von 1851<\/em><\/p><\/div>\n<div id=\"attachment_1099\" style=\"width: 310px\" class=\"wp-caption aligncenter\"><a href=\"https:\/\/digiboard.htwk-leipzig.de\/ausstellung\/wp-content\/uploads\/2018\/05\/Abb.-7-e1540229827310.jpg\" rel=\"lightbox\"><img aria-describedby=\"caption-attachment-1099\" loading=\"lazy\" class=\"wp-image-1099 size-medium\" src=\"https:\/\/digiboard.htwk-leipzig.de\/ausstellung\/wp-content\/uploads\/2018\/05\/Abb.-7-e1540229827310-300x204.jpg\" alt=\"\" width=\"300\" height=\"204\" srcset=\"https:\/\/digiboard.htwk-leipzig.de\/ausstellung\/wp-content\/uploads\/2018\/05\/Abb.-7-e1540229827310-300x204.jpg 300w, https:\/\/digiboard.htwk-leipzig.de\/ausstellung\/wp-content\/uploads\/2018\/05\/Abb.-7-e1540229827310-768x521.jpg 768w, https:\/\/digiboard.htwk-leipzig.de\/ausstellung\/wp-content\/uploads\/2018\/05\/Abb.-7-e1540229827310-1024x695.jpg 1024w, https:\/\/digiboard.htwk-leipzig.de\/ausstellung\/wp-content\/uploads\/2018\/05\/Abb.-7-e1540229827310-676x459.jpg 676w\" sizes=\"(max-width: 300px) 100vw, 300px\" \/><\/a><p id=\"caption-attachment-1099\" class=\"wp-caption-text\"><span style=\"color: #333333;\"><strong>Die Maschinenhalle der \"World's Columbian Exposition\" in Chicago <\/strong><\/span><br \/><em>Fotografie von 1893<\/em><\/p><\/div>\n<\/div>\n<\/div><\/div><\/div><\/div><div id=\"pg-64-2\"  class=\"panel-grid panel-no-style\" ><div id=\"pgc-64-2-0\"  class=\"panel-grid-cell panel-grid-cell-mobile-last\" ><div id=\"panel-64-2-0-0\" class=\"so-panel widget widget_sow-button panel-first-child panel-last-child\" data-index=\"3\" ><div class=\"so-widget-sow-button so-widget-sow-button-wire-62a05781b3d0-64\"><div class=\"ow-button-base ow-button-align-left\">\n\t<a href=\"https:\/\/digiboard.htwk-leipzig.de\/ausstellung\/architektur\/\" class=\"ow-icon-placement-left ow-button-hover\" \t\t>\n\t\t<span>\n\t\t\t\n\t\t\tZur\u00fcck\t\t<\/span>\n\t<\/a>\n<\/div>\n<\/div><\/div><\/div><div id=\"pgc-64-2-1\"  class=\"panel-grid-cell panel-grid-cell-empty\" ><\/div><\/div><\/div>","protected":false},"excerpt":{"rendered":"<p>Die STIGA hat viele Vorbilder: Schon seit den 1820er Jahren gab es zunehmend Ausstellungen in Europa, die Industrieprodukte eines Landes oder einer Region vorstellten. Daraus entwickelten sich die internationalen Weltausstellungen. Seit der ersten Weltausstellung 1851 in London war es \u00fcblich, eigene Ausstellungshallen zu errichten, die gro\u00dfe Vorbildwirkung hatten \u2013 angefangen mit dem Crystal Palace 1851. [&hellip;]<\/p>\n","protected":false},"author":4,"featured_media":0,"parent":38,"menu_order":0,"comment_status":"closed","ping_status":"closed","template":"template-nosidebar.php","meta":[],"_links":{"self":[{"href":"https:\/\/digiboard.htwk-leipzig.de\/ausstellung\/wp-json\/wp\/v2\/pages\/64"}],"collection":[{"href":"https:\/\/digiboard.htwk-leipzig.de\/ausstellung\/wp-json\/wp\/v2\/pages"}],"about":[{"href":"https:\/\/digiboard.htwk-leipzig.de\/ausstellung\/wp-json\/wp\/v2\/types\/page"}],"author":[{"embeddable":true,"href":"https:\/\/digiboard.htwk-leipzig.de\/ausstellung\/wp-json\/wp\/v2\/users\/4"}],"replies":[{"embeddable":true,"href":"https:\/\/digiboard.htwk-leipzig.de\/ausstellung\/wp-json\/wp\/v2\/comments?post=64"}],"version-history":[{"count":24,"href":"https:\/\/digiboard.htwk-leipzig.de\/ausstellung\/wp-json\/wp\/v2\/pages\/64\/revisions"}],"predecessor-version":[{"id":2504,"href":"https:\/\/digiboard.htwk-leipzig.de\/ausstellung\/wp-json\/wp\/v2\/pages\/64\/revisions\/2504"}],"up":[{"embeddable":true,"href":"https:\/\/digiboard.htwk-leipzig.de\/ausstellung\/wp-json\/wp\/v2\/pages\/38"}],"wp:attachment":[{"href":"https:\/\/digiboard.htwk-leipzig.de\/ausstellung\/wp-json\/wp\/v2\/media?parent=64"}],"curies":[{"name":"wp","href":"https:\/\/api.w.org\/{rel}","templated":true}]}}