{"id":60,"date":"2017-12-20T17:31:33","date_gmt":"2017-12-20T16:31:33","guid":{"rendered":"https:\/\/digiboard5.htwk-leipzig.de\/ausstellung\/?page_id=60"},"modified":"2021-10-31T08:37:46","modified_gmt":"2021-10-31T07:37:46","slug":"der-koenigliche-schirmherr-albert-von-sachse","status":"publish","type":"page","link":"https:\/\/digiboard.htwk-leipzig.de\/ausstellung\/ausstellung-im-ueberblick\/der-koenigliche-schirmherr-albert-von-sachse\/","title":{"rendered":"Der k\u00f6nigliche Schirmherr"},"content":{"rendered":"<div id=\"pl-60\"  class=\"panel-layout\" ><div id=\"pg-60-0\"  class=\"panel-grid panel-no-style\" ><div id=\"pgc-60-0-0\"  class=\"panel-grid-cell\" ><div id=\"panel-60-0-0-0\" class=\"so-panel widget widget_bcn_widget widget_breadcrumb_navxt panel-first-child panel-last-child\" data-index=\"0\" ><div class=\"breadcrumbs\" vocab=\"https:\/\/schema.org\/\" typeof=\"BreadcrumbList\"><!-- Breadcrumb NavXT 7.0.2 -->\n<\/div><\/div><\/div><\/div><div id=\"pg-60-1\"  class=\"panel-grid panel-no-style\" ><div id=\"pgc-60-1-0\"  class=\"panel-grid-cell\" ><div id=\"panel-60-1-0-0\" class=\"so-panel widget widget_sow-editor panel-first-child panel-last-child\" data-index=\"1\" ><div class=\"so-widget-sow-editor so-widget-sow-editor-base\">\n<div class=\"siteorigin-widget-tinymce textwidget\">\n\t<p>Er\u00f6ffnet wurde die Ausstellung am 24. April 1897 im Beisein des s\u00e4chsischen K\u00f6nigs Albert und seiner S\u00f6hne \u2013 ein typischer Repr\u00e4sentationsakt Ende des 19. Jahrhunderts, der sowohl der Huldigung des s\u00e4chsischen Monarchen als auch dem prestigetr\u00e4chtigen \u201eRitterschlag\u201c der STIGA und der Stadt Leipzig durch das K\u00f6nigshaus diente: Leipzig wollte seine Rolle als merkantiles und industrielles Zentrum Mitteldeutschlands unterstreichen und festigen.<\/p>\n<p>Nach der Er\u00f6ffnung erhielt die k\u00f6nigliche Familie eine F\u00fchrung \u00fcber das Gel\u00e4nde und konnte die Reiterstatue des Schirmherrn vor der Industriehalle bewundern, die vom Leipziger Bildhauer Carl Seffner geschaffen worden war. Nach Beendigung der STIGA wurden die Ehrungen K\u00f6nig Alberts fortgef\u00fchrt: Anl\u00e4sslich des 25. Thronjubil\u00e4ums 1898 nannte die Stadt Leipzig die auf dem Ausstellungsgel\u00e4nde geschaffene Gartenanlage \u201eK\u00f6nig-Albert-Park\u201c, heute ein Teil des Clara-Zetkin-Parks.<\/p>\n<p>Dem Interesse des K\u00f6nigs f\u00fcr Milit\u00e4r und die Jagd war es vermutlich zu verdanken, dass der Schirmherr der STIGA auch als Aussteller von Jagdtroph\u00e4en und Waffen bei der vierw\u00f6chigen Sonderschau in der Gartenhalle fungierte.<\/p>\n<\/div>\n<\/div><\/div><\/div><div id=\"pgc-60-1-1\"  class=\"panel-grid-cell\" ><div id=\"panel-60-1-1-0\" class=\"so-panel widget widget_sow-editor panel-first-child panel-last-child\" data-index=\"2\" ><div class=\"so-widget-sow-editor so-widget-sow-editor-base\">\n<div class=\"siteorigin-widget-tinymce textwidget\">\n\t<div id=\"attachment_457\" style=\"width: 310px\" class=\"wp-caption aligncenter\"><a href=\"https:\/\/digiboard.htwk-leipzig.de\/ausstellung\/wp-content\/uploads\/2018\/02\/Abb.-4.jpg\" rel=\"lightbox\"><img aria-describedby=\"caption-attachment-457\" loading=\"lazy\" class=\"wp-image-457\" src=\"https:\/\/digiboard.htwk-leipzig.de\/ausstellung\/wp-content\/uploads\/2018\/02\/Abb.-4.jpg\" alt=\"\" width=\"300\" height=\"399\" srcset=\"https:\/\/digiboard.htwk-leipzig.de\/ausstellung\/wp-content\/uploads\/2018\/02\/Abb.-4.jpg 499w, https:\/\/digiboard.htwk-leipzig.de\/ausstellung\/wp-content\/uploads\/2018\/02\/Abb.-4-225x300.jpg 225w\" sizes=\"(max-width: 300px) 100vw, 300px\" \/><\/a><p id=\"caption-attachment-457\" class=\"wp-caption-text\"><span style=\"color: #333333;\"><strong>Portrait K\u00f6nig Albert von Sachsen (1828 \u2013 1902, reg. 1873 \u2013 1902)<\/strong> <\/span><br \/><span style=\"color: #999999;\"><em>Fotografie von 1900<\/em><\/span><\/p><\/div>\n<div id=\"attachment_458\" style=\"width: 310px\" class=\"wp-caption aligncenter\"><a href=\"https:\/\/digiboard.htwk-leipzig.de\/ausstellung\/wp-content\/uploads\/2018\/02\/Abb.-5-e1540229220830.png\" rel=\"lightbox\"><img aria-describedby=\"caption-attachment-458\" loading=\"lazy\" class=\"wp-image-458 size-medium\" src=\"https:\/\/digiboard.htwk-leipzig.de\/ausstellung\/wp-content\/uploads\/2018\/02\/Abb.-5-e1540229220830-300x190.png\" alt=\"\" width=\"300\" height=\"190\" srcset=\"https:\/\/digiboard.htwk-leipzig.de\/ausstellung\/wp-content\/uploads\/2018\/02\/Abb.-5-e1540229220830-300x190.png 300w, https:\/\/digiboard.htwk-leipzig.de\/ausstellung\/wp-content\/uploads\/2018\/02\/Abb.-5-e1540229220830.png 635w\" sizes=\"(max-width: 300px) 100vw, 300px\" \/><\/a><p id=\"caption-attachment-458\" class=\"wp-caption-text\"><span style=\"color: #333333;\"><strong>Ankunft des K\u00f6nigs zur Er\u00f6ffnungsfeier der STIGA<\/strong><\/span><br \/><em>Fotografie vom 24. April 1897<\/em><\/p><\/div>\n<\/div>\n<\/div><\/div><\/div><\/div><div id=\"pg-60-2\"  class=\"panel-grid panel-no-style\" ><div id=\"pgc-60-2-0\"  class=\"panel-grid-cell panel-grid-cell-mobile-last\" ><div id=\"panel-60-2-0-0\" class=\"so-panel widget widget_sow-button panel-first-child panel-last-child\" data-index=\"3\" ><div class=\"so-widget-sow-button so-widget-sow-button-wire-62a05781b3d0-60\"><div class=\"ow-button-base ow-button-align-left\">\n\t<a href=\"https:\/\/digiboard.htwk-leipzig.de\/ausstellung\/ausstellung-im-ueberblick\/\" class=\"ow-icon-placement-left ow-button-hover\" \t\t>\n\t\t<span>\n\t\t\t\n\t\t\tZur\u00fcck\t\t<\/span>\n\t<\/a>\n<\/div>\n<\/div><\/div><\/div><div id=\"pgc-60-2-1\"  class=\"panel-grid-cell panel-grid-cell-empty\" ><\/div><\/div><\/div>","protected":false},"excerpt":{"rendered":"<p>Er\u00f6ffnet wurde die Ausstellung am 24. April 1897 im Beisein des s\u00e4chsischen K\u00f6nigs Albert und seiner S\u00f6hne \u2013 ein typischer Repr\u00e4sentationsakt Ende des 19. Jahrhunderts, der sowohl der Huldigung des s\u00e4chsischen Monarchen als auch dem prestigetr\u00e4chtigen \u201eRitterschlag\u201c der STIGA und der Stadt Leipzig durch das K\u00f6nigshaus diente: Leipzig wollte seine Rolle als merkantiles und industrielles [&hellip;]<\/p>\n","protected":false},"author":4,"featured_media":0,"parent":35,"menu_order":0,"comment_status":"closed","ping_status":"closed","template":"template-nosidebar.php","meta":[],"_links":{"self":[{"href":"https:\/\/digiboard.htwk-leipzig.de\/ausstellung\/wp-json\/wp\/v2\/pages\/60"}],"collection":[{"href":"https:\/\/digiboard.htwk-leipzig.de\/ausstellung\/wp-json\/wp\/v2\/pages"}],"about":[{"href":"https:\/\/digiboard.htwk-leipzig.de\/ausstellung\/wp-json\/wp\/v2\/types\/page"}],"author":[{"embeddable":true,"href":"https:\/\/digiboard.htwk-leipzig.de\/ausstellung\/wp-json\/wp\/v2\/users\/4"}],"replies":[{"embeddable":true,"href":"https:\/\/digiboard.htwk-leipzig.de\/ausstellung\/wp-json\/wp\/v2\/comments?post=60"}],"version-history":[{"count":111,"href":"https:\/\/digiboard.htwk-leipzig.de\/ausstellung\/wp-json\/wp\/v2\/pages\/60\/revisions"}],"predecessor-version":[{"id":2630,"href":"https:\/\/digiboard.htwk-leipzig.de\/ausstellung\/wp-json\/wp\/v2\/pages\/60\/revisions\/2630"}],"up":[{"embeddable":true,"href":"https:\/\/digiboard.htwk-leipzig.de\/ausstellung\/wp-json\/wp\/v2\/pages\/35"}],"wp:attachment":[{"href":"https:\/\/digiboard.htwk-leipzig.de\/ausstellung\/wp-json\/wp\/v2\/media?parent=60"}],"curies":[{"name":"wp","href":"https:\/\/api.w.org\/{rel}","templated":true}]}}