{"id":571,"date":"2018-02-28T10:22:52","date_gmt":"2018-02-28T09:22:52","guid":{"rendered":"https:\/\/digiboard5.htwk-leipzig.de\/ausstellung\/?page_id=571"},"modified":"2018-11-26T13:48:59","modified_gmt":"2018-11-26T12:48:59","slug":"ausstellung-im-swa","status":"publish","type":"page","link":"https:\/\/digiboard.htwk-leipzig.de\/ausstellung\/ausstellung-im-swa\/","title":{"rendered":"Ausstellung im S\u00e4chsischen Wirtschaftsarchiv Leipzig e.V. (SWA)"},"content":{"rendered":"<div id=\"pl-571\"  class=\"panel-layout\" ><div id=\"pg-571-0\"  class=\"panel-grid panel-no-style\" ><div id=\"pgc-571-0-0\"  class=\"panel-grid-cell\" ><div id=\"panel-571-0-0-0\" class=\"so-panel widget widget_sow-editor panel-first-child panel-last-child\" data-index=\"0\" ><div class=\"so-widget-sow-editor so-widget-sow-editor-base\">\n<div class=\"siteorigin-widget-tinymce textwidget\">\n\t<p><strong>Er\u00f6ffnung zum 120. Jubil\u00e4um der STIGA am 10. August 2017<\/strong><\/p>\n<p>Seit den 1820er Jahren begannen sich auch im deutschsprachigen Raum Industrie- und Gewerbeausstellungen zu etablieren, die vor allem mit b\u00fcrgerschaftlichem Engagement verbunden waren. Man wollte einer breiten \u00d6ffentlichkeit pr\u00e4sentieren, welche innovativen industriellen und handwerklichen Produkte auch im K\u00f6nigreich Sachsen geschaffen worden waren. Ebenso entwickelten sich die Leistungsschauen zu \u201ebunten Paraden\u201c b\u00fcrgerlicher Selbstdarstellung.<\/p>\n<p>Im Rahmen der 5. Tage der Industriekultur in Leipzig widmete sich das SWA dieser gro\u00dfen Leistungsschau in Leipzig, die von April bis Oktober 1897 \u00fcber 2 Millionen Besucher in ihren Bann zog. Noch heute ist sie mit dem Clara-Zetkin-Park und seinen Wegef\u00fchrungen f\u00fcr die Leipziger in Erinnerung. Das damit verbundene Engagement des Leipziger B\u00fcrgertums im Einvernehmen mit der Stadtverwaltung war beispielhaft und sollte f\u00fcr die j\u00fcngere Generation immer einmal wieder ins Bewusstsein gerufen werden. Die STIGA z\u00e4hlt heute als gr\u00f6\u00dfte und bedeutendste Schau ihrer Art in Sachsen.<\/p>\n<p>Gezeigt wurden in der Ausstellung im SWA vor allem Werbeobjekte der STIGA, angefangen von Werbeplakaten, \u00fcber Notizblock, F\u00e4cher, Prospekte bis hin zu zahlreichen Ausstellungsmedaillen. Hervorzuheben w\u00e4re auch ein originaler runder Tisch mit St\u00fchlen aus dem \u201eBlockhaus\u201c, das zur STIGA als Gastst\u00e4tte f\u00fcr die Ausstellungsteilnehmer errichtet worden war.<\/p>\n<p>Begleitet wurde die Vinissage durch einen Vortrag von Dr. Enrico Hochmuth zum Thema \u201eZwischen Volksfest und Leistungsschau. Industrie- und Gewerbeausstellungen in Leipzig.\u201c Weit \u00fcber 50 Besucher h\u00f6rten seinen interessanten Beitrag, stellten zahlreiche Fragen und verweilten anschlie\u00dfend lange in der Ausstellung und bei guten Gespr\u00e4chen.<\/p>\n<\/div>\n<\/div><\/div><\/div><\/div><div id=\"pg-571-1\"  class=\"panel-grid panel-no-style\" ><div id=\"pgc-571-1-0\"  class=\"panel-grid-cell panel-grid-cell-mobile-last\" ><div id=\"panel-571-1-0-0\" class=\"so-panel widget widget_sow-button panel-first-child panel-last-child\" data-index=\"1\" ><div class=\"so-widget-sow-button so-widget-sow-button-wire-62a05781b3d0-571\"><div class=\"ow-button-base ow-button-align-left\">\n\t<a href=\"https:\/\/digiboard.htwk-leipzig.de\/ausstellung\/\" class=\"ow-icon-placement-left ow-button-hover\" \t\t>\n\t\t<span>\n\t\t\t\n\t\t\tZur\u00fcck\t\t<\/span>\n\t<\/a>\n<\/div>\n<\/div><\/div><\/div><div id=\"pgc-571-1-1\"  class=\"panel-grid-cell panel-grid-cell-empty\" ><\/div><\/div><\/div>","protected":false},"excerpt":{"rendered":"<p>Er\u00f6ffnung zum 120. Jubil\u00e4um der STIGA am 10. August 2017 Seit den 1820er Jahren begannen sich auch im deutschsprachigen Raum Industrie- und Gewerbeausstellungen zu etablieren, die vor allem mit b\u00fcrgerschaftlichem Engagement verbunden waren. Man wollte einer breiten \u00d6ffentlichkeit pr\u00e4sentieren, welche innovativen industriellen und handwerklichen Produkte auch im K\u00f6nigreich Sachsen geschaffen worden waren. Ebenso entwickelten sich [&hellip;]<\/p>\n","protected":false},"author":2,"featured_media":0,"parent":0,"menu_order":0,"comment_status":"closed","ping_status":"closed","template":"template-nosidebar.php","meta":[],"_links":{"self":[{"href":"https:\/\/digiboard.htwk-leipzig.de\/ausstellung\/wp-json\/wp\/v2\/pages\/571"}],"collection":[{"href":"https:\/\/digiboard.htwk-leipzig.de\/ausstellung\/wp-json\/wp\/v2\/pages"}],"about":[{"href":"https:\/\/digiboard.htwk-leipzig.de\/ausstellung\/wp-json\/wp\/v2\/types\/page"}],"author":[{"embeddable":true,"href":"https:\/\/digiboard.htwk-leipzig.de\/ausstellung\/wp-json\/wp\/v2\/users\/2"}],"replies":[{"embeddable":true,"href":"https:\/\/digiboard.htwk-leipzig.de\/ausstellung\/wp-json\/wp\/v2\/comments?post=571"}],"version-history":[{"count":21,"href":"https:\/\/digiboard.htwk-leipzig.de\/ausstellung\/wp-json\/wp\/v2\/pages\/571\/revisions"}],"predecessor-version":[{"id":2624,"href":"https:\/\/digiboard.htwk-leipzig.de\/ausstellung\/wp-json\/wp\/v2\/pages\/571\/revisions\/2624"}],"wp:attachment":[{"href":"https:\/\/digiboard.htwk-leipzig.de\/ausstellung\/wp-json\/wp\/v2\/media?parent=571"}],"curies":[{"name":"wp","href":"https:\/\/api.w.org\/{rel}","templated":true}]}}