{"id":38,"date":"2017-11-18T19:04:59","date_gmt":"2017-11-18T18:04:59","guid":{"rendered":"https:\/\/digiboard5.htwk-leipzig.de\/ausstellung\/?page_id=38"},"modified":"2018-11-26T08:45:06","modified_gmt":"2018-11-26T07:45:06","slug":"architektur","status":"publish","type":"page","link":"https:\/\/digiboard.htwk-leipzig.de\/ausstellung\/architektur\/","title":{"rendered":"Architektur"},"content":{"rendered":"<div id=\"pl-38\"  class=\"panel-layout\" ><div id=\"pg-38-0\"  class=\"panel-grid panel-no-style\" ><div id=\"pgc-38-0-0\"  class=\"panel-grid-cell\" ><div id=\"panel-38-0-0-0\" class=\"so-panel widget widget_sow-editor panel-first-child panel-last-child\" data-index=\"0\" ><div class=\"so-widget-sow-editor so-widget-sow-editor-base\">\n<div class=\"siteorigin-widget-tinymce textwidget\">\n\t<p>Nach dem Vorbild der im 19. Jahrhundert aufgekommenen Gewerbe- und Weltausstellungen plante man f\u00fcr die STIGA eigene Ausstellungsbauten. W\u00e4hrend des Planungsprozesses \u2013 nachdem man sich f\u00fcr ein noch brachliegendes Gel\u00e4nde im Westen Leipzigs entschieden hatte \u2013 wurde ein Wettbewerb ausgerufen. Die Jury aus namhaften Architekten pr\u00e4mierte schlie\u00dflich sieben Leipziger Kollegen. Unter Leitung des K\u00f6niglich S\u00e4chsischen Baurates Arwed Rossbach sollten sie ein gemeinsames Konzept f\u00fcr die gesamte Ausstellung entwerfen und die Umsetzung \u00fcberwachen. Dieser Masterplan enthielt alle Hauptgeb\u00e4ude der Ausstellung und wurde sp\u00e4ter um die privaten Pavillons einiger Firmen erg\u00e4nzt.<\/p>\n<p>Mit gro\u00dfem finanziellem Aufwand \u2013 die Baukosten betrugen rund 1,5 Millionen Reichsmark \u2013 realisierte man alle Geb\u00e4ude, die nur f\u00fcr sechs Monaten stehen sollten. Nach Ende der Ausstellung wurden die meisten Geb\u00e4ude abgerissen. Das Gel\u00e4nde wurde nach einer Umgestaltung als Park erhalten und ist heute als Teil des Clara-Zetkin-Parks immer noch vorhanden.<\/p>\n<\/div>\n<\/div><\/div><\/div><\/div><div id=\"pg-38-1\"  class=\"panel-grid panel-has-style\" ><div class=\"panel-row-style panel-row-style-for-38-1\" ><div id=\"pgc-38-1-0\"  class=\"panel-grid-cell\" ><div id=\"panel-38-1-0-0\" class=\"so-panel widget widget_sow-hero panel-first-child panel-last-child\" data-index=\"1\" ><div class=\"so-widget-sow-hero so-widget-sow-hero-default-5cf67813386f-38\"><div class=\"sow-slider-base\" style=\"display: none\"><ul class=\"sow-slider-images\" data-settings=\"{&quot;pagination&quot;:true,&quot;speed&quot;:800,&quot;timeout&quot;:8000,&quot;paused&quot;:false,&quot;pause_on_hover&quot;:false,&quot;swipe&quot;:false,&quot;nav_always_show_desktop&quot;:&quot;&quot;,&quot;nav_always_show_mobile&quot;:&quot;&quot;,&quot;breakpoint&quot;:&quot;780px&quot;,&quot;unmute&quot;:false}\">\t\t<li class=\"sow-slider-image  sow-slider-image-cover\" style=\"background-color: #333333;cursor: pointer;\" data-url=\"{&quot;url&quot;:&quot;https:\\\/\\\/digiboard.htwk-leipzig.de\\\/ausstellung\\\/architektur\\\/vorbilder\\\/&quot;,&quot;new_window&quot;:false}\" >\n\t\t\t\t\t<div class=\"sow-slider-image-container\">\n\t\t\t<div class=\"sow-slider-image-wrapper\">\n\t\t\t\t<h1 style=\"text-align: right\">Vorbilder<\/h1>\t\t\t<\/div>\n\t\t<\/div>\n\t\t<div class=\"sow-slider-image-overlay sow-slider-image-cover\" style=\"background-image: url(https:\/\/digiboard.htwk-leipzig.de\/ausstellung\/wp-content\/uploads\/2018\/05\/Abb.-6.jpg);opacity: 0.5\"  ><\/div>\t\t<\/li>\n\t\t<\/ul>\t\t\t\t<ol class=\"sow-slider-pagination\">\n\t\t\t\t\t\t\t\t\t\t\t<li><a href=\"#\" data-goto=\"0\" aria-label=\"display slide 1\"><\/a><\/li>\n\t\t\t\t\t\t\t\t\t<\/ol>\n\n\t\t\t\t<div class=\"sow-slide-nav sow-slide-nav-next\">\n\t\t\t\t\t<a href=\"#\" data-goto=\"next\" aria-label=\"next slide\" data-action=\"next\">\n\t\t\t\t\t\t<em class=\"sow-sld-icon-thin-right\"><\/em>\n\t\t\t\t\t<\/a>\n\t\t\t\t<\/div>\n\n\t\t\t\t<div class=\"sow-slide-nav sow-slide-nav-prev\">\n\t\t\t\t\t<a href=\"#\" data-goto=\"previous\" aria-label=\"previous slide\" data-action=\"prev\">\n\t\t\t\t\t\t<em class=\"sow-sld-icon-thin-left\"><\/em>\n\t\t\t\t\t<\/a>\n\t\t\t\t<\/div>\n\t\t\t\t<\/div><\/div><\/div><\/div><div id=\"pgc-38-1-1\"  class=\"panel-grid-cell\" ><div id=\"panel-38-1-1-0\" class=\"so-panel widget widget_sow-hero panel-first-child panel-last-child\" data-index=\"2\" ><div class=\"so-widget-sow-hero so-widget-sow-hero-default-5cf67813386f-38\"><div class=\"sow-slider-base\" style=\"display: none\"><ul class=\"sow-slider-images\" data-settings=\"{&quot;pagination&quot;:true,&quot;speed&quot;:800,&quot;timeout&quot;:8000,&quot;paused&quot;:false,&quot;pause_on_hover&quot;:false,&quot;swipe&quot;:false,&quot;nav_always_show_desktop&quot;:&quot;&quot;,&quot;nav_always_show_mobile&quot;:&quot;&quot;,&quot;breakpoint&quot;:&quot;780px&quot;,&quot;unmute&quot;:false}\">\t\t<li class=\"sow-slider-image  sow-slider-image-cover\" style=\"background-color: #333333;cursor: pointer;\" data-url=\"{&quot;url&quot;:&quot;https:\\\/\\\/digiboard.htwk-leipzig.de\\\/ausstellung\\\/architektur\\\/standort-und-gelaende\\\/&quot;,&quot;new_window&quot;:false}\" >\n\t\t\t\t\t<div class=\"sow-slider-image-container\">\n\t\t\t<div class=\"sow-slider-image-wrapper\">\n\t\t\t\t<h1 style=\"text-align: right\">Standort und Gel\u00e4nde<\/h1>\t\t\t<\/div>\n\t\t<\/div>\n\t\t<div class=\"sow-slider-image-overlay sow-slider-image-cover\" style=\"background-image: url(https:\/\/digiboard.htwk-leipzig.de\/ausstellung\/wp-content\/uploads\/2018\/05\/Abb.-8-1.jpg);opacity: 0.5\"  ><\/div>\t\t<\/li>\n\t\t<\/ul>\t\t\t\t<ol class=\"sow-slider-pagination\">\n\t\t\t\t\t\t\t\t\t\t\t<li><a href=\"#\" data-goto=\"0\" aria-label=\"display slide 1\"><\/a><\/li>\n\t\t\t\t\t\t\t\t\t<\/ol>\n\n\t\t\t\t<div class=\"sow-slide-nav sow-slide-nav-next\">\n\t\t\t\t\t<a href=\"#\" data-goto=\"next\" aria-label=\"next slide\" data-action=\"next\">\n\t\t\t\t\t\t<em class=\"sow-sld-icon-thin-right\"><\/em>\n\t\t\t\t\t<\/a>\n\t\t\t\t<\/div>\n\n\t\t\t\t<div class=\"sow-slide-nav sow-slide-nav-prev\">\n\t\t\t\t\t<a href=\"#\" data-goto=\"previous\" aria-label=\"previous slide\" data-action=\"prev\">\n\t\t\t\t\t\t<em class=\"sow-sld-icon-thin-left\"><\/em>\n\t\t\t\t\t<\/a>\n\t\t\t\t<\/div>\n\t\t\t\t<\/div><\/div><\/div><\/div><div id=\"pgc-38-1-2\"  class=\"panel-grid-cell\" ><div id=\"panel-38-1-2-0\" class=\"so-panel widget widget_sow-hero panel-first-child panel-last-child\" data-index=\"3\" ><div class=\"so-widget-sow-hero so-widget-sow-hero-default-5cf67813386f-38\"><div class=\"sow-slider-base\" style=\"display: none\"><ul class=\"sow-slider-images\" data-settings=\"{&quot;pagination&quot;:true,&quot;speed&quot;:800,&quot;timeout&quot;:8000,&quot;paused&quot;:false,&quot;pause_on_hover&quot;:false,&quot;swipe&quot;:false,&quot;nav_always_show_desktop&quot;:&quot;&quot;,&quot;nav_always_show_mobile&quot;:&quot;&quot;,&quot;breakpoint&quot;:&quot;780px&quot;,&quot;unmute&quot;:false}\">\t\t<li class=\"sow-slider-image  sow-slider-image-cover\" style=\"background-color: #333333;cursor: pointer;\" data-url=\"{&quot;url&quot;:&quot;https:\\\/\\\/digiboard.htwk-leipzig.de\\\/ausstellung\\\/architektur\\\/auf-und-aufbau\\\/&quot;,&quot;new_window&quot;:false}\" >\n\t\t\t\t\t<div class=\"sow-slider-image-container\">\n\t\t\t<div class=\"sow-slider-image-wrapper\">\n\t\t\t\t<h1 style=\"text-align: right\">Auf- und Abbau<\/h1>\t\t\t<\/div>\n\t\t<\/div>\n\t\t<div class=\"sow-slider-image-overlay sow-slider-image-cover\" style=\"background-image: url(https:\/\/digiboard.htwk-leipzig.de\/ausstellung\/wp-content\/uploads\/2018\/05\/Abb.-11-1.jpg);opacity: 0.5\"  ><\/div>\t\t<\/li>\n\t\t<\/ul>\t\t\t\t<ol class=\"sow-slider-pagination\">\n\t\t\t\t\t\t\t\t\t\t\t<li><a href=\"#\" data-goto=\"0\" aria-label=\"display slide 1\"><\/a><\/li>\n\t\t\t\t\t\t\t\t\t<\/ol>\n\n\t\t\t\t<div class=\"sow-slide-nav sow-slide-nav-next\">\n\t\t\t\t\t<a href=\"#\" data-goto=\"next\" aria-label=\"next slide\" data-action=\"next\">\n\t\t\t\t\t\t<em class=\"sow-sld-icon-thin-right\"><\/em>\n\t\t\t\t\t<\/a>\n\t\t\t\t<\/div>\n\n\t\t\t\t<div class=\"sow-slide-nav sow-slide-nav-prev\">\n\t\t\t\t\t<a href=\"#\" data-goto=\"previous\" aria-label=\"previous slide\" data-action=\"prev\">\n\t\t\t\t\t\t<em class=\"sow-sld-icon-thin-left\"><\/em>\n\t\t\t\t\t<\/a>\n\t\t\t\t<\/div>\n\t\t\t\t<\/div><\/div><\/div><\/div><\/div><\/div><div id=\"pg-38-2\"  class=\"panel-grid panel-no-style\" ><div id=\"pgc-38-2-0\"  class=\"panel-grid-cell\" ><div id=\"panel-38-2-0-0\" class=\"so-panel widget widget_sow-hero panel-first-child panel-last-child\" data-index=\"4\" ><div class=\"so-widget-sow-hero so-widget-sow-hero-default-5cf67813386f-38\"><div class=\"sow-slider-base\" style=\"display: none\"><ul class=\"sow-slider-images\" data-settings=\"{&quot;pagination&quot;:true,&quot;speed&quot;:800,&quot;timeout&quot;:8000,&quot;paused&quot;:false,&quot;pause_on_hover&quot;:false,&quot;swipe&quot;:false,&quot;nav_always_show_desktop&quot;:&quot;&quot;,&quot;nav_always_show_mobile&quot;:&quot;&quot;,&quot;breakpoint&quot;:&quot;780px&quot;,&quot;unmute&quot;:false}\">\t\t<li class=\"sow-slider-image  sow-slider-image-cover\" style=\"background-color: #333333;cursor: pointer;\" data-url=\"{&quot;url&quot;:&quot;https:\\\/\\\/digiboard.htwk-leipzig.de\\\/ausstellung\\\/architektur\\\/gebaeude\\\/&quot;,&quot;new_window&quot;:false}\" >\n\t\t\t\t\t<div class=\"sow-slider-image-container\">\n\t\t\t<div class=\"sow-slider-image-wrapper\">\n\t\t\t\t<h1 style=\"text-align: right\">Geb\u00e4ude<\/h1>\t\t\t<\/div>\n\t\t<\/div>\n\t\t<div class=\"sow-slider-image-overlay sow-slider-image-cover\" style=\"background-image: url(https:\/\/digiboard.htwk-leipzig.de\/ausstellung\/wp-content\/uploads\/2018\/05\/Abb.-20.jpg);opacity: 0.5\"  ><\/div>\t\t<\/li>\n\t\t<\/ul>\t\t\t\t<ol class=\"sow-slider-pagination\">\n\t\t\t\t\t\t\t\t\t\t\t<li><a href=\"#\" data-goto=\"0\" aria-label=\"display slide 1\"><\/a><\/li>\n\t\t\t\t\t\t\t\t\t<\/ol>\n\n\t\t\t\t<div class=\"sow-slide-nav sow-slide-nav-next\">\n\t\t\t\t\t<a href=\"#\" data-goto=\"next\" aria-label=\"next slide\" data-action=\"next\">\n\t\t\t\t\t\t<em class=\"sow-sld-icon-thin-right\"><\/em>\n\t\t\t\t\t<\/a>\n\t\t\t\t<\/div>\n\n\t\t\t\t<div class=\"sow-slide-nav sow-slide-nav-prev\">\n\t\t\t\t\t<a href=\"#\" data-goto=\"previous\" aria-label=\"previous slide\" data-action=\"prev\">\n\t\t\t\t\t\t<em class=\"sow-sld-icon-thin-left\"><\/em>\n\t\t\t\t\t<\/a>\n\t\t\t\t<\/div>\n\t\t\t\t<\/div><\/div><\/div><\/div><div id=\"pgc-38-2-1\"  class=\"panel-grid-cell\" ><div id=\"panel-38-2-1-0\" class=\"so-panel widget widget_sow-hero panel-first-child panel-last-child\" data-index=\"5\" ><div class=\"so-widget-sow-hero so-widget-sow-hero-default-5cf67813386f-38\"><div class=\"sow-slider-base\" style=\"display: none\"><ul class=\"sow-slider-images\" data-settings=\"{&quot;pagination&quot;:true,&quot;speed&quot;:800,&quot;timeout&quot;:8000,&quot;paused&quot;:false,&quot;pause_on_hover&quot;:false,&quot;swipe&quot;:false,&quot;nav_always_show_desktop&quot;:&quot;&quot;,&quot;nav_always_show_mobile&quot;:&quot;&quot;,&quot;breakpoint&quot;:&quot;780px&quot;,&quot;unmute&quot;:false}\">\t\t<li class=\"sow-slider-image  sow-slider-image-cover\" style=\"background-color: #333333;cursor: pointer;\" data-url=\"{&quot;url&quot;:&quot;https:\\\/\\\/digiboard.htwk-leipzig.de\\\/ausstellung\\\/architektur\\\/120-jahre-spaeter\\\/&quot;,&quot;new_window&quot;:false}\" >\n\t\t\t\t\t<div class=\"sow-slider-image-container\">\n\t\t\t<div class=\"sow-slider-image-wrapper\">\n\t\t\t\t<h1 style=\"text-align: right\">120 Jahre sp\u00e4ter<\/h1>\t\t\t<\/div>\n\t\t<\/div>\n\t\t<div class=\"sow-slider-image-overlay sow-slider-image-cover\" style=\"background-image: url(https:\/\/digiboard.htwk-leipzig.de\/ausstellung\/wp-content\/uploads\/2018\/05\/Abb.-25.jpg);opacity: 0.5\"  ><\/div>\t\t<\/li>\n\t\t<\/ul>\t\t\t\t<ol class=\"sow-slider-pagination\">\n\t\t\t\t\t\t\t\t\t\t\t<li><a href=\"#\" data-goto=\"0\" aria-label=\"display slide 1\"><\/a><\/li>\n\t\t\t\t\t\t\t\t\t<\/ol>\n\n\t\t\t\t<div class=\"sow-slide-nav sow-slide-nav-next\">\n\t\t\t\t\t<a href=\"#\" data-goto=\"next\" aria-label=\"next slide\" data-action=\"next\">\n\t\t\t\t\t\t<em class=\"sow-sld-icon-thin-right\"><\/em>\n\t\t\t\t\t<\/a>\n\t\t\t\t<\/div>\n\n\t\t\t\t<div class=\"sow-slide-nav sow-slide-nav-prev\">\n\t\t\t\t\t<a href=\"#\" data-goto=\"previous\" aria-label=\"previous slide\" data-action=\"prev\">\n\t\t\t\t\t\t<em class=\"sow-sld-icon-thin-left\"><\/em>\n\t\t\t\t\t<\/a>\n\t\t\t\t<\/div>\n\t\t\t\t<\/div><\/div><\/div><\/div><div id=\"pgc-38-2-2\"  class=\"panel-grid-cell\" ><div id=\"panel-38-2-2-0\" class=\"so-panel widget widget_sow-hero panel-first-child panel-last-child\" data-index=\"6\" ><div class=\"so-widget-sow-hero so-widget-sow-hero-default-5cf67813386f-38\"><div class=\"sow-slider-base\" style=\"display: none\"><ul class=\"sow-slider-images\" data-settings=\"{&quot;pagination&quot;:true,&quot;speed&quot;:800,&quot;timeout&quot;:8000,&quot;paused&quot;:false,&quot;pause_on_hover&quot;:false,&quot;swipe&quot;:false,&quot;nav_always_show_desktop&quot;:&quot;&quot;,&quot;nav_always_show_mobile&quot;:&quot;&quot;,&quot;breakpoint&quot;:&quot;780px&quot;,&quot;unmute&quot;:false}\">\t\t<li class=\"sow-slider-image  sow-slider-image-cover\" style=\"background-color: #333333;cursor: pointer;\" data-url=\"{&quot;url&quot;:&quot;https:\\\/\\\/digiboard.htwk-leipzig.de\\\/ausstellung\\\/architektur\\\/architekten\\\/&quot;,&quot;new_window&quot;:false}\" >\n\t\t\t\t\t<div class=\"sow-slider-image-container\">\n\t\t\t<div class=\"sow-slider-image-wrapper\">\n\t\t\t\t<h1 style=\"text-align: right\">Architekten<\/h1>\t\t\t<\/div>\n\t\t<\/div>\n\t\t<div class=\"sow-slider-image-overlay sow-slider-image-cover\" style=\"background-image: url(https:\/\/digiboard.htwk-leipzig.de\/ausstellung\/wp-content\/uploads\/2018\/05\/Abb.-26.jpg);opacity: 0.5\"  ><\/div>\t\t<\/li>\n\t\t<\/ul>\t\t\t\t<ol class=\"sow-slider-pagination\">\n\t\t\t\t\t\t\t\t\t\t\t<li><a href=\"#\" data-goto=\"0\" aria-label=\"display slide 1\"><\/a><\/li>\n\t\t\t\t\t\t\t\t\t<\/ol>\n\n\t\t\t\t<div class=\"sow-slide-nav sow-slide-nav-next\">\n\t\t\t\t\t<a href=\"#\" data-goto=\"next\" aria-label=\"next slide\" data-action=\"next\">\n\t\t\t\t\t\t<em class=\"sow-sld-icon-thin-right\"><\/em>\n\t\t\t\t\t<\/a>\n\t\t\t\t<\/div>\n\n\t\t\t\t<div class=\"sow-slide-nav sow-slide-nav-prev\">\n\t\t\t\t\t<a href=\"#\" data-goto=\"previous\" aria-label=\"previous slide\" data-action=\"prev\">\n\t\t\t\t\t\t<em class=\"sow-sld-icon-thin-left\"><\/em>\n\t\t\t\t\t<\/a>\n\t\t\t\t<\/div>\n\t\t\t\t<\/div><\/div><\/div><\/div><\/div><\/div>","protected":false},"excerpt":{"rendered":"<p>Nach dem Vorbild der im 19. Jahrhundert aufgekommenen Gewerbe- und Weltausstellungen plante man f\u00fcr die STIGA eigene Ausstellungsbauten. W\u00e4hrend des Planungsprozesses \u2013 nachdem man sich f\u00fcr ein noch brachliegendes Gel\u00e4nde im Westen Leipzigs entschieden hatte \u2013 wurde ein Wettbewerb ausgerufen. Die Jury aus namhaften Architekten pr\u00e4mierte schlie\u00dflich sieben Leipziger Kollegen. Unter Leitung des K\u00f6niglich S\u00e4chsischen [&hellip;]<\/p>\n","protected":false},"author":4,"featured_media":0,"parent":0,"menu_order":2,"comment_status":"closed","ping_status":"closed","template":"template-nosidebar.php","meta":[],"_links":{"self":[{"href":"https:\/\/digiboard.htwk-leipzig.de\/ausstellung\/wp-json\/wp\/v2\/pages\/38"}],"collection":[{"href":"https:\/\/digiboard.htwk-leipzig.de\/ausstellung\/wp-json\/wp\/v2\/pages"}],"about":[{"href":"https:\/\/digiboard.htwk-leipzig.de\/ausstellung\/wp-json\/wp\/v2\/types\/page"}],"author":[{"embeddable":true,"href":"https:\/\/digiboard.htwk-leipzig.de\/ausstellung\/wp-json\/wp\/v2\/users\/4"}],"replies":[{"embeddable":true,"href":"https:\/\/digiboard.htwk-leipzig.de\/ausstellung\/wp-json\/wp\/v2\/comments?post=38"}],"version-history":[{"count":76,"href":"https:\/\/digiboard.htwk-leipzig.de\/ausstellung\/wp-json\/wp\/v2\/pages\/38\/revisions"}],"predecessor-version":[{"id":2528,"href":"https:\/\/digiboard.htwk-leipzig.de\/ausstellung\/wp-json\/wp\/v2\/pages\/38\/revisions\/2528"}],"wp:attachment":[{"href":"https:\/\/digiboard.htwk-leipzig.de\/ausstellung\/wp-json\/wp\/v2\/media?parent=38"}],"curies":[{"name":"wp","href":"https:\/\/api.w.org\/{rel}","templated":true}]}}