{"id":35,"date":"2017-11-18T19:03:11","date_gmt":"2017-11-18T18:03:11","guid":{"rendered":"https:\/\/digiboard5.htwk-leipzig.de\/ausstellung\/?page_id=35"},"modified":"2021-10-31T09:39:55","modified_gmt":"2021-10-31T08:39:55","slug":"ausstellung-im-ueberblick","status":"publish","type":"page","link":"https:\/\/digiboard.htwk-leipzig.de\/ausstellung\/ausstellung-im-ueberblick\/","title":{"rendered":"Ausstellung im \u00dcberblick"},"content":{"rendered":"<div id=\"pl-35\"  class=\"panel-layout\" ><div id=\"pg-35-0\"  class=\"panel-grid panel-no-style\" ><div id=\"pgc-35-0-0\"  class=\"panel-grid-cell\" ><div id=\"panel-35-0-0-0\" class=\"so-panel widget widget_sow-editor panel-first-child panel-last-child\" data-index=\"0\" ><div class=\"so-widget-sow-editor so-widget-sow-editor-base\">\n<div class=\"siteorigin-widget-tinymce textwidget\">\n\t<p>Die S\u00e4chsisch-Th\u00fcringische Industrie- und Gewerbeausstellung \u00f6ffnete am 24. April 1897 ihre Tore. Die feierliche Er\u00f6ffnung der bis dahin gr\u00f6\u00dften Industrie-und Gewerbeausstellung in Mitteldeutschland fand in Anwesenheit des k\u00f6niglichen Schirmherrn Albert von Sachsen statt.<\/p>\n<p>In den vorausgegangenen drei Jahren war es mit Hilfe eines Masterplanes gelungen, das insgesamt 400.000 Quadratmeter gro\u00dfe Gel\u00e4nde entlang des Elsterflutbettes zu gestalten. Der Plan stammte von dem renommierten K\u00f6niglich S\u00e4chsischen Baurat Arwed Rossbach. Auf dem gesamten Gel\u00e4nde entstanden neun Ausstellungshallen sowie zehn Pavillons.<\/p>\n<p>An der Ausstellung nahmen insgesamt 3.027 Aussteller teil \u2013 in zwanzig Gruppen unterteilt, darunter Maschinen und Metallindustrie, Ingenieur- und Bauwesen, Elektrotechnik, Textilbranchen, Buchgewerbe und Transportwesen. Anreiz f\u00fcr viele Aussteller war die M\u00f6glichkeit, eine der beliebten Auszeichnungen zu erhalten.<\/p>\n<p>Neben der Pr\u00e4sentation industrieller und gewerblicher Erzeugnisse lockten zahlreiche weitere Attraktionen zur Unterhaltung. Neben einem Kneipen- und einem Vergn\u00fcgungsviertel gab es Kunst- wie Gartenbauausstellungen sowie eine Kolonialausstellung mit sogenannter V\u00f6lkerschau. Landesbezogen waren auch die aufwendigen Inszenierungen eines Th\u00fcringer D\u00f6rfchens und das \u201eAltleipziger Messviertel\u201c.<\/p>\n<p>Als die STIGA am 19. Oktober 1897 ihre Tore schloss, hatten 2,3 Millionen Menschen das Ausstellungsgel\u00e4nde besucht. Von den 3.027 Ausstellern wurden knapp 1.400 pr\u00e4miert. Dennoch rechnete sich das Unternehmen nicht: Trotz quantitativen Erfolgs ergab sich das enorme finanzielle Defizit von 660.685 Reichsmark.<\/p>\n<p>Nach der Ausstellung wurden die meisten Geb\u00e4ude, darunter auch die gro\u00dfe Haupthalle f\u00fcr Industrie und Maschinen, abgerissen, immerhin Teile davon weiterverwendet. Einige Geb\u00e4ude wurden an anderer Stelle wiederaufgebaut, wie eine Blockh\u00fctte, die heute als Gartenlokal in Leipzig-Kleinzschocher zu bewundern ist. Das Gel\u00e4nde der Ausstellung wurde nach einer landschaftsg\u00e4rtnerischen Umgestaltung der \u00d6ffentlichkeit als K\u00f6nig-Albert-Park \u00fcbergeben. Heute ist er als Teil des Clara-Zetkin-Parks bekannt und dient der Naherholung.<\/p>\n<\/div>\n<\/div><\/div><\/div><div id=\"pgc-35-0-1\"  class=\"panel-grid-cell\" ><div id=\"panel-35-0-1-0\" class=\"so-panel widget widget_sow-editor panel-first-child panel-last-child\" data-index=\"1\" ><div class=\"so-widget-sow-editor so-widget-sow-editor-base\">\n<div class=\"siteorigin-widget-tinymce textwidget\">\n\t<div id=\"attachment_470\" style=\"width: 310px\" class=\"wp-caption aligncenter\"><a href=\"https:\/\/digiboard.htwk-leipzig.de\/ausstellung\/wp-content\/uploads\/2018\/02\/Abb.-3-e1519685368507.jpg\" rel=\"lightbox\"><img aria-describedby=\"caption-attachment-470\" loading=\"lazy\" class=\"wp-image-470\" src=\"https:\/\/digiboard.htwk-leipzig.de\/ausstellung\/wp-content\/uploads\/2018\/02\/Abb.-3-e1519685368507.jpg\" alt=\"\" width=\"300\" height=\"439\" srcset=\"https:\/\/digiboard.htwk-leipzig.de\/ausstellung\/wp-content\/uploads\/2018\/02\/Abb.-3-e1519685368507.jpg 890w, https:\/\/digiboard.htwk-leipzig.de\/ausstellung\/wp-content\/uploads\/2018\/02\/Abb.-3-e1519685368507-205x300.jpg 205w, https:\/\/digiboard.htwk-leipzig.de\/ausstellung\/wp-content\/uploads\/2018\/02\/Abb.-3-e1519685368507-768x1124.jpg 768w, https:\/\/digiboard.htwk-leipzig.de\/ausstellung\/wp-content\/uploads\/2018\/02\/Abb.-3-e1519685368507-699x1024.jpg 699w, https:\/\/digiboard.htwk-leipzig.de\/ausstellung\/wp-content\/uploads\/2018\/02\/Abb.-3-e1519685368507-676x990.jpg 676w\" sizes=\"(max-width: 300px) 100vw, 300px\" \/><\/a><p id=\"caption-attachment-470\" class=\"wp-caption-text\"><span style=\"color: #333333;\"><strong>Lageplan der Ausstellung<\/strong> <\/span><br \/><em>Chromolithografie von 1897<\/em><\/p><\/div>\n<div id=\"attachment_469\" style=\"width: 310px\" class=\"wp-caption aligncenter\"><a href=\"https:\/\/digiboard.htwk-leipzig.de\/ausstellung\/wp-content\/uploads\/2018\/02\/Abb.-2-e1540228908618.png\" rel=\"lightbox\"><img aria-describedby=\"caption-attachment-469\" loading=\"lazy\" class=\"wp-image-469 size-medium\" src=\"https:\/\/digiboard.htwk-leipzig.de\/ausstellung\/wp-content\/uploads\/2018\/02\/Abb.-2-e1540228908618-300x221.png\" alt=\"\" width=\"300\" height=\"221\" srcset=\"https:\/\/digiboard.htwk-leipzig.de\/ausstellung\/wp-content\/uploads\/2018\/02\/Abb.-2-e1540228908618-300x221.png 300w, https:\/\/digiboard.htwk-leipzig.de\/ausstellung\/wp-content\/uploads\/2018\/02\/Abb.-2-e1540228908618.png 646w\" sizes=\"(max-width: 300px) 100vw, 300px\" \/><\/a><p id=\"caption-attachment-469\" class=\"wp-caption-text\"><span style=\"color: #333333;\"><strong>Blick auf die K\u00f6nig-Albert-Allee<\/strong> <\/span><br \/><em>Fotografie von 1897<\/em><\/p><\/div>\n<\/div>\n<\/div><\/div><\/div><\/div><div id=\"pg-35-1\"  class=\"panel-grid panel-has-style\" ><div class=\"panel-row-style panel-row-style-for-35-1\" ><div id=\"pgc-35-1-0\"  class=\"panel-grid-cell panel-grid-cell-empty\" ><\/div><div id=\"pgc-35-1-1\"  class=\"panel-grid-cell panel-grid-cell-mobile-last\" ><div id=\"panel-35-1-1-0\" class=\"so-panel widget widget_sow-hero panel-first-child panel-last-child\" data-index=\"2\" ><div class=\"so-widget-sow-hero so-widget-sow-hero-default-5cf67813386f-35\"><div class=\"sow-slider-base\" style=\"display: none\"><ul class=\"sow-slider-images\" data-settings=\"{&quot;pagination&quot;:true,&quot;speed&quot;:800,&quot;timeout&quot;:8000,&quot;paused&quot;:false,&quot;pause_on_hover&quot;:false,&quot;swipe&quot;:false,&quot;nav_always_show_desktop&quot;:&quot;&quot;,&quot;nav_always_show_mobile&quot;:&quot;&quot;,&quot;breakpoint&quot;:&quot;780px&quot;,&quot;unmute&quot;:false}\">\t\t<li class=\"sow-slider-image  sow-slider-image-cover\" style=\"background-color: #333333;cursor: pointer;\" data-url=\"{&quot;url&quot;:&quot;https:\\\/\\\/digiboard.htwk-leipzig.de\\\/ausstellung\\\/ausstellung-im-ueberblick\\\/der-koenigliche-schirmherr-albert-von-sachse\\\/&quot;,&quot;new_window&quot;:false}\" >\n\t\t\t\t\t<div class=\"sow-slider-image-container\">\n\t\t\t<div class=\"sow-slider-image-wrapper\">\n\t\t\t\t<h1 style=\"text-align: right\">Der k\u00f6nigliche Schirmherr<\/h1>\t\t\t<\/div>\n\t\t<\/div>\n\t\t<div class=\"sow-slider-image-overlay sow-slider-image-cover\" style=\"background-image: url(https:\/\/digiboard.htwk-leipzig.de\/ausstellung\/wp-content\/uploads\/2018\/01\/Abb.-4-1.jpg);opacity: 0.5\"  ><\/div>\t\t<\/li>\n\t\t<\/ul>\t\t\t\t<ol class=\"sow-slider-pagination\">\n\t\t\t\t\t\t\t\t\t\t\t<li><a href=\"#\" data-goto=\"0\" aria-label=\"display slide 1\"><\/a><\/li>\n\t\t\t\t\t\t\t\t\t<\/ol>\n\n\t\t\t\t<div class=\"sow-slide-nav sow-slide-nav-next\">\n\t\t\t\t\t<a href=\"#\" data-goto=\"next\" aria-label=\"next slide\" data-action=\"next\">\n\t\t\t\t\t\t<em class=\"sow-sld-icon-thin-right\"><\/em>\n\t\t\t\t\t<\/a>\n\t\t\t\t<\/div>\n\n\t\t\t\t<div class=\"sow-slide-nav sow-slide-nav-prev\">\n\t\t\t\t\t<a href=\"#\" data-goto=\"previous\" aria-label=\"previous slide\" data-action=\"prev\">\n\t\t\t\t\t\t<em class=\"sow-sld-icon-thin-left\"><\/em>\n\t\t\t\t\t<\/a>\n\t\t\t\t<\/div>\n\t\t\t\t<\/div><\/div><\/div><\/div><div id=\"pgc-35-1-2\"  class=\"panel-grid-cell panel-grid-cell-empty\" ><\/div><\/div><\/div><\/div>","protected":false},"excerpt":{"rendered":"<p>Die S\u00e4chsisch-Th\u00fcringische Industrie- und Gewerbeausstellung \u00f6ffnete am 24. April 1897 ihre Tore. Die feierliche Er\u00f6ffnung der bis dahin gr\u00f6\u00dften Industrie-und Gewerbeausstellung in Mitteldeutschland fand in Anwesenheit des k\u00f6niglichen Schirmherrn Albert von Sachsen statt. In den vorausgegangenen drei Jahren war es mit Hilfe eines Masterplanes gelungen, das insgesamt 400.000 Quadratmeter gro\u00dfe Gel\u00e4nde entlang des Elsterflutbettes zu [&hellip;]<\/p>\n","protected":false},"author":4,"featured_media":0,"parent":0,"menu_order":1,"comment_status":"closed","ping_status":"closed","template":"template-nosidebar.php","meta":[],"_links":{"self":[{"href":"https:\/\/digiboard.htwk-leipzig.de\/ausstellung\/wp-json\/wp\/v2\/pages\/35"}],"collection":[{"href":"https:\/\/digiboard.htwk-leipzig.de\/ausstellung\/wp-json\/wp\/v2\/pages"}],"about":[{"href":"https:\/\/digiboard.htwk-leipzig.de\/ausstellung\/wp-json\/wp\/v2\/types\/page"}],"author":[{"embeddable":true,"href":"https:\/\/digiboard.htwk-leipzig.de\/ausstellung\/wp-json\/wp\/v2\/users\/4"}],"replies":[{"embeddable":true,"href":"https:\/\/digiboard.htwk-leipzig.de\/ausstellung\/wp-json\/wp\/v2\/comments?post=35"}],"version-history":[{"count":66,"href":"https:\/\/digiboard.htwk-leipzig.de\/ausstellung\/wp-json\/wp\/v2\/pages\/35\/revisions"}],"predecessor-version":[{"id":2637,"href":"https:\/\/digiboard.htwk-leipzig.de\/ausstellung\/wp-json\/wp\/v2\/pages\/35\/revisions\/2637"}],"wp:attachment":[{"href":"https:\/\/digiboard.htwk-leipzig.de\/ausstellung\/wp-json\/wp\/v2\/media?parent=35"}],"curies":[{"name":"wp","href":"https:\/\/api.w.org\/{rel}","templated":true}]}}