{"id":162,"date":"2017-12-20T18:03:03","date_gmt":"2017-12-20T17:03:03","guid":{"rendered":"https:\/\/digiboard5.htwk-leipzig.de\/ausstellung\/?page_id=162"},"modified":"2018-11-26T09:43:00","modified_gmt":"2018-11-26T08:43:00","slug":"reklame-und-souvenirs","status":"publish","type":"page","link":"https:\/\/digiboard.htwk-leipzig.de\/ausstellung\/vermarktung\/oeffentlichkeitsarbeit\/reklame-und-souvenirs\/","title":{"rendered":"Reklame und Souvenirs"},"content":{"rendered":"<div id=\"pl-162\"  class=\"panel-layout\" ><div id=\"pg-162-0\"  class=\"panel-grid panel-no-style\" ><div id=\"pgc-162-0-0\"  class=\"panel-grid-cell\" ><div id=\"panel-162-0-0-0\" class=\"so-panel widget widget_bcn_widget widget_breadcrumb_navxt panel-first-child panel-last-child\" data-index=\"0\" ><div class=\"breadcrumbs\" vocab=\"https:\/\/schema.org\/\" typeof=\"BreadcrumbList\"><!-- Breadcrumb NavXT 7.0.2 -->\n<\/div><\/div><\/div><\/div><div id=\"pg-162-1\"  class=\"panel-grid panel-no-style\" ><div id=\"pgc-162-1-0\"  class=\"panel-grid-cell\" ><div id=\"panel-162-1-0-0\" class=\"so-panel widget widget_sow-editor panel-first-child panel-last-child\" data-index=\"1\" ><div class=\"so-widget-sow-editor so-widget-sow-editor-base\">\n<div class=\"siteorigin-widget-tinymce textwidget\">\n\t<p>Offiziell produziert wurden Plakate und <a href=\"https:\/\/digiboard.htwk-leipzig.de\/ausstellung\/vermarktung\/oeffentlichkeitsarbeit\/reklame-und-souvenirs\/ansichtskarten\/\">Ansichtskarten<\/a>, die im Auftrag des Presseausschusses von der Kunstanstalt Louis Glaser in Leipzig gefertigt wurden. Doch gab es ebenso Ansichtskarten als <a href=\"https:\/\/digiboard.htwk-leipzig.de\/ausstellung\/vermarktung\/oeffentlichkeitsarbeit\/reklame-und-souvenirs\/private-werbetraeger\/\">private Werbetr\u00e4ger<\/a>, wie von der Firma M\u00e4dler. F\u00fcr Fotografien w\u00e4hrend der Ausstellung war allein die Firma Meisenbach Riffarth &amp; Co. zust\u00e4ndig. Fotografien in Kabinett- und Gro\u00dfformaten, 5.000 Lichtdruckbilder und 200.000 Farbfotografien wurden auf der STIGA vertrieben.<\/p>\n<p>Viele Souvenirs waren zugleich Reklameartikel, wie die Skatbl\u00e4tter der Altenburger Spielkartenfabrik Schneider &amp; Co. oder der F\u00e4cher von \u201eKathreiner\u2019s Malzkaffee-Fabriken\u201c. Besonders raffiniert waren die offiziellen Werbema\u00dfnahmen in Hotels und Gastronomiebetrieben: In einer Auflage von 500.000 Exemplaren wurden mehrfarbig bedruckte Speisekartenvorlagen zur Verf\u00fcgung gestellt, die auf der R\u00fcckseite einen Werbetext zur STIGA trugen.<\/p>\n<\/div>\n<\/div><\/div><\/div><div id=\"pgc-162-1-1\"  class=\"panel-grid-cell\" ><div id=\"panel-162-1-1-0\" class=\"so-panel widget widget_sow-editor panel-first-child panel-last-child\" data-index=\"2\" ><div class=\"so-widget-sow-editor so-widget-sow-editor-base\">\n<div class=\"siteorigin-widget-tinymce textwidget\">\n\t<div id=\"attachment_1191\" style=\"width: 310px\" class=\"wp-caption aligncenter\"><a href=\"https:\/\/digiboard.htwk-leipzig.de\/ausstellung\/wp-content\/uploads\/2018\/05\/Abb.-69.jpg\" rel=\"lightbox\"><img aria-describedby=\"caption-attachment-1191\" loading=\"lazy\" class=\"wp-image-1191\" src=\"https:\/\/digiboard.htwk-leipzig.de\/ausstellung\/wp-content\/uploads\/2018\/05\/Abb.-69-202x300.jpg\" alt=\"\" width=\"300\" height=\"445\" srcset=\"https:\/\/digiboard.htwk-leipzig.de\/ausstellung\/wp-content\/uploads\/2018\/05\/Abb.-69-202x300.jpg 202w, https:\/\/digiboard.htwk-leipzig.de\/ausstellung\/wp-content\/uploads\/2018\/05\/Abb.-69.jpg 675w\" sizes=\"(max-width: 300px) 100vw, 300px\" \/><\/a><p id=\"caption-attachment-1191\" class=\"wp-caption-text\"><span style=\"color: #000000;\"><strong>Offizielle Ausstellungsplakate<\/strong><\/span><\/p><\/div>\n<div id=\"attachment_1190\" style=\"width: 310px\" class=\"wp-caption aligncenter\"><a href=\"https:\/\/digiboard.htwk-leipzig.de\/ausstellung\/wp-content\/uploads\/2018\/05\/Abb.-68.jpg\" rel=\"lightbox\"><img aria-describedby=\"caption-attachment-1190\" loading=\"lazy\" class=\"wp-image-1190 size-medium\" src=\"https:\/\/digiboard.htwk-leipzig.de\/ausstellung\/wp-content\/uploads\/2018\/05\/Abb.-68-300x161.jpg\" alt=\"\" width=\"300\" height=\"161\" srcset=\"https:\/\/digiboard.htwk-leipzig.de\/ausstellung\/wp-content\/uploads\/2018\/05\/Abb.-68-300x161.jpg 300w, https:\/\/digiboard.htwk-leipzig.de\/ausstellung\/wp-content\/uploads\/2018\/05\/Abb.-68-768x413.jpg 768w, https:\/\/digiboard.htwk-leipzig.de\/ausstellung\/wp-content\/uploads\/2018\/05\/Abb.-68-1024x551.jpg 1024w, https:\/\/digiboard.htwk-leipzig.de\/ausstellung\/wp-content\/uploads\/2018\/05\/Abb.-68-676x364.jpg 676w, https:\/\/digiboard.htwk-leipzig.de\/ausstellung\/wp-content\/uploads\/2018\/05\/Abb.-68.jpg 1255w\" sizes=\"(max-width: 300px) 100vw, 300px\" \/><\/a><p id=\"caption-attachment-1190\" class=\"wp-caption-text\"><strong><span style=\"color: #333333;\">Handf\u00e4cher mit Werbeaufdruck der STIGA von 1897<\/span><\/strong><\/p><\/div>\n<\/div>\n<\/div><\/div><\/div><\/div><div id=\"pg-162-2\"  class=\"panel-grid panel-no-style\" ><div id=\"pgc-162-2-0\"  class=\"panel-grid-cell panel-grid-cell-mobile-last\" ><div id=\"panel-162-2-0-0\" class=\"so-panel widget widget_sow-button panel-first-child panel-last-child\" data-index=\"3\" ><div class=\"so-widget-sow-button so-widget-sow-button-wire-62a05781b3d0-162\"><div class=\"ow-button-base ow-button-align-left\">\n\t<a href=\"https:\/\/digiboard.htwk-leipzig.de\/ausstellung\/vermarktung\/oeffentlichkeitsarbeit\/\" class=\"ow-icon-placement-left ow-button-hover\" \t\t>\n\t\t<span>\n\t\t\t\n\t\t\tZur\u00fcck\t\t<\/span>\n\t<\/a>\n<\/div>\n<\/div><\/div><\/div><div id=\"pgc-162-2-1\"  class=\"panel-grid-cell panel-grid-cell-empty\" ><\/div><\/div><\/div>","protected":false},"excerpt":{"rendered":"<p>Offiziell produziert wurden Plakate und Ansichtskarten, die im Auftrag des Presseausschusses von der Kunstanstalt Louis Glaser in Leipzig gefertigt wurden. Doch gab es ebenso Ansichtskarten als private Werbetr\u00e4ger, wie von der Firma M\u00e4dler. F\u00fcr Fotografien w\u00e4hrend der Ausstellung war allein die Firma Meisenbach Riffarth &amp; Co. zust\u00e4ndig. Fotografien in Kabinett- und Gro\u00dfformaten, 5.000 Lichtdruckbilder und [&hellip;]<\/p>\n","protected":false},"author":4,"featured_media":0,"parent":155,"menu_order":2,"comment_status":"closed","ping_status":"closed","template":"template-nosidebar.php","meta":[],"_links":{"self":[{"href":"https:\/\/digiboard.htwk-leipzig.de\/ausstellung\/wp-json\/wp\/v2\/pages\/162"}],"collection":[{"href":"https:\/\/digiboard.htwk-leipzig.de\/ausstellung\/wp-json\/wp\/v2\/pages"}],"about":[{"href":"https:\/\/digiboard.htwk-leipzig.de\/ausstellung\/wp-json\/wp\/v2\/types\/page"}],"author":[{"embeddable":true,"href":"https:\/\/digiboard.htwk-leipzig.de\/ausstellung\/wp-json\/wp\/v2\/users\/4"}],"replies":[{"embeddable":true,"href":"https:\/\/digiboard.htwk-leipzig.de\/ausstellung\/wp-json\/wp\/v2\/comments?post=162"}],"version-history":[{"count":45,"href":"https:\/\/digiboard.htwk-leipzig.de\/ausstellung\/wp-json\/wp\/v2\/pages\/162\/revisions"}],"predecessor-version":[{"id":2596,"href":"https:\/\/digiboard.htwk-leipzig.de\/ausstellung\/wp-json\/wp\/v2\/pages\/162\/revisions\/2596"}],"up":[{"embeddable":true,"href":"https:\/\/digiboard.htwk-leipzig.de\/ausstellung\/wp-json\/wp\/v2\/pages\/155"}],"wp:attachment":[{"href":"https:\/\/digiboard.htwk-leipzig.de\/ausstellung\/wp-json\/wp\/v2\/media?parent=162"}],"curies":[{"name":"wp","href":"https:\/\/api.w.org\/{rel}","templated":true}]}}