{"id":159,"date":"2017-12-20T18:02:30","date_gmt":"2017-12-20T17:02:30","guid":{"rendered":"https:\/\/digiboard5.htwk-leipzig.de\/ausstellung\/?page_id=159"},"modified":"2018-11-26T09:42:08","modified_gmt":"2018-11-26T08:42:08","slug":"offizieller-fuehrer","status":"publish","type":"page","link":"https:\/\/digiboard.htwk-leipzig.de\/ausstellung\/vermarktung\/oeffentlichkeitsarbeit\/offizieller-fuehrer\/","title":{"rendered":"Offizieller F\u00fchrer"},"content":{"rendered":"<div id=\"pl-159\"  class=\"panel-layout\" ><div id=\"pg-159-0\"  class=\"panel-grid panel-no-style\" ><div id=\"pgc-159-0-0\"  class=\"panel-grid-cell\" ><div id=\"panel-159-0-0-0\" class=\"so-panel widget widget_bcn_widget widget_breadcrumb_navxt panel-first-child panel-last-child\" data-index=\"0\" ><div class=\"breadcrumbs\" vocab=\"https:\/\/schema.org\/\" typeof=\"BreadcrumbList\"><!-- Breadcrumb NavXT 7.0.2 -->\n<\/div><\/div><\/div><\/div><div id=\"pg-159-1\"  class=\"panel-grid panel-no-style\" ><div id=\"pgc-159-1-0\"  class=\"panel-grid-cell\" ><div id=\"panel-159-1-0-0\" class=\"so-panel widget widget_sow-editor panel-first-child panel-last-child\" data-index=\"1\" ><div class=\"so-widget-sow-editor so-widget-sow-editor-base\">\n<div class=\"siteorigin-widget-tinymce textwidget\">\n\t<p>Im Auftrag des gesch\u00e4ftsf\u00fchrenden Ausschusses erstellte der Presseausschuss unter der Leitung des Redakteurs Leonhard Fraenkel einen \u201eOfficiellen F\u00fchrer\u201c. Er sollte einen \u00dcberblick zur Ausstellung bieten, \u00fcber technische Innovationen informieren und Empfehlungen f\u00fcr die Verpflegung vor Ort geben.<\/p>\n<p>Zudem produzierten einige Aussteller ihre eigenen F\u00fchrer, bei denen es sich allerdings eher um erweiterte Werbekataloge oder -prospekte f\u00fcr die jeweilige Firma handelte. Einen separaten F\u00fchrer gab es zudem f\u00fcr die \u201eKunsthalle\u201c und ihre Ausstellung. Am Eingang der Halle konnte die Auflistung aller K\u00fcnstler mit ihren Werken und einigen Farbabbildungen erworben werden.<\/p>\n<\/div>\n<\/div><\/div><\/div><\/div><div id=\"pg-159-2\"  class=\"panel-grid panel-no-style\" ><div id=\"pgc-159-2-0\"  class=\"panel-grid-cell\" ><div id=\"panel-159-2-0-0\" class=\"so-panel widget widget_sow-editor panel-first-child panel-last-child\" data-index=\"2\" ><div class=\"so-widget-sow-editor so-widget-sow-editor-base\">\n<div class=\"siteorigin-widget-tinymce textwidget\">\n\t<div id=\"attachment_1141\" style=\"width: 310px\" class=\"wp-caption aligncenter\"><a href=\"https:\/\/digiboard.htwk-leipzig.de\/ausstellung\/wp-content\/uploads\/2018\/05\/Abb.-71-1-e1527694635681.jpg\" rel=\"lightbox\"><img aria-describedby=\"caption-attachment-1141\" loading=\"lazy\" class=\"wp-image-1141\" src=\"https:\/\/digiboard.htwk-leipzig.de\/ausstellung\/wp-content\/uploads\/2018\/05\/Abb.-71-1-e1527694635681-234x300.jpg\" alt=\"\" width=\"300\" height=\"384\" srcset=\"https:\/\/digiboard.htwk-leipzig.de\/ausstellung\/wp-content\/uploads\/2018\/05\/Abb.-71-1-e1527694635681-234x300.jpg 234w, https:\/\/digiboard.htwk-leipzig.de\/ausstellung\/wp-content\/uploads\/2018\/05\/Abb.-71-1-e1527694635681.jpg 279w\" sizes=\"(max-width: 300px) 100vw, 300px\" \/><\/a><p id=\"caption-attachment-1141\" class=\"wp-caption-text\"><span style=\"color: #333333;\"><strong>\"Officieller F\u00fchrer\" der STIGA von 1897<\/strong><\/span><\/p><\/div>\n<\/div>\n<\/div><\/div><\/div><div id=\"pgc-159-2-1\"  class=\"panel-grid-cell\" ><div id=\"panel-159-2-1-0\" class=\"so-panel widget widget_sow-editor panel-first-child panel-last-child\" data-index=\"3\" ><div class=\"so-widget-sow-editor so-widget-sow-editor-base\">\n<div class=\"siteorigin-widget-tinymce textwidget\">\n\t<div id=\"attachment_1149\" style=\"width: 310px\" class=\"wp-caption aligncenter\"><a href=\"https:\/\/digiboard.htwk-leipzig.de\/ausstellung\/wp-content\/uploads\/2018\/05\/Abb.-72-e1527694712550.jpg\" rel=\"lightbox\"><img aria-describedby=\"caption-attachment-1149\" loading=\"lazy\" class=\"wp-image-1149\" src=\"https:\/\/digiboard.htwk-leipzig.de\/ausstellung\/wp-content\/uploads\/2018\/05\/Abb.-72-e1527694712550-239x300.jpg\" alt=\"\" width=\"300\" height=\"377\" srcset=\"https:\/\/digiboard.htwk-leipzig.de\/ausstellung\/wp-content\/uploads\/2018\/05\/Abb.-72-e1527694712550-239x300.jpg 239w, https:\/\/digiboard.htwk-leipzig.de\/ausstellung\/wp-content\/uploads\/2018\/05\/Abb.-72-e1527694712550.jpg 354w\" sizes=\"(max-width: 300px) 100vw, 300px\" \/><\/a><p id=\"caption-attachment-1149\" class=\"wp-caption-text\"><span style=\"color: #333333;\"><strong>F\u00fchrer der Elektrizit\u00e4ts-Aktiengesellschaft, vormals Schuckert &amp; Co. von 1897<\/strong><\/span><\/p><\/div>\n<\/div>\n<\/div><\/div><\/div><\/div><div id=\"pg-159-3\"  class=\"panel-grid panel-no-style\" ><div id=\"pgc-159-3-0\"  class=\"panel-grid-cell panel-grid-cell-mobile-last\" ><div id=\"panel-159-3-0-0\" class=\"so-panel widget widget_sow-button panel-first-child panel-last-child\" data-index=\"4\" ><div class=\"so-widget-sow-button so-widget-sow-button-wire-62a05781b3d0-159\"><div class=\"ow-button-base ow-button-align-left\">\n\t<a href=\"https:\/\/digiboard.htwk-leipzig.de\/ausstellung\/vermarktung\/oeffentlichkeitsarbeit\/\" class=\"ow-icon-placement-left ow-button-hover\" \t\t>\n\t\t<span>\n\t\t\t\n\t\t\tZur\u00fcck\t\t<\/span>\n\t<\/a>\n<\/div>\n<\/div><\/div><\/div><div id=\"pgc-159-3-1\"  class=\"panel-grid-cell panel-grid-cell-empty\" ><\/div><\/div><\/div>","protected":false},"excerpt":{"rendered":"<p>Im Auftrag des gesch\u00e4ftsf\u00fchrenden Ausschusses erstellte der Presseausschuss unter der Leitung des Redakteurs Leonhard Fraenkel einen \u201eOfficiellen F\u00fchrer\u201c. Er sollte einen \u00dcberblick zur Ausstellung bieten, \u00fcber technische Innovationen informieren und Empfehlungen f\u00fcr die Verpflegung vor Ort geben. Zudem produzierten einige Aussteller ihre eigenen F\u00fchrer, bei denen es sich allerdings eher um erweiterte Werbekataloge oder -prospekte [&hellip;]<\/p>\n","protected":false},"author":4,"featured_media":0,"parent":155,"menu_order":1,"comment_status":"closed","ping_status":"closed","template":"template-nosidebar.php","meta":[],"_links":{"self":[{"href":"https:\/\/digiboard.htwk-leipzig.de\/ausstellung\/wp-json\/wp\/v2\/pages\/159"}],"collection":[{"href":"https:\/\/digiboard.htwk-leipzig.de\/ausstellung\/wp-json\/wp\/v2\/pages"}],"about":[{"href":"https:\/\/digiboard.htwk-leipzig.de\/ausstellung\/wp-json\/wp\/v2\/types\/page"}],"author":[{"embeddable":true,"href":"https:\/\/digiboard.htwk-leipzig.de\/ausstellung\/wp-json\/wp\/v2\/users\/4"}],"replies":[{"embeddable":true,"href":"https:\/\/digiboard.htwk-leipzig.de\/ausstellung\/wp-json\/wp\/v2\/comments?post=159"}],"version-history":[{"count":31,"href":"https:\/\/digiboard.htwk-leipzig.de\/ausstellung\/wp-json\/wp\/v2\/pages\/159\/revisions"}],"predecessor-version":[{"id":2594,"href":"https:\/\/digiboard.htwk-leipzig.de\/ausstellung\/wp-json\/wp\/v2\/pages\/159\/revisions\/2594"}],"up":[{"embeddable":true,"href":"https:\/\/digiboard.htwk-leipzig.de\/ausstellung\/wp-json\/wp\/v2\/pages\/155"}],"wp:attachment":[{"href":"https:\/\/digiboard.htwk-leipzig.de\/ausstellung\/wp-json\/wp\/v2\/media?parent=159"}],"curies":[{"name":"wp","href":"https:\/\/api.w.org\/{rel}","templated":true}]}}