{"id":157,"date":"2017-12-20T18:02:16","date_gmt":"2017-12-20T17:02:16","guid":{"rendered":"https:\/\/digiboard5.htwk-leipzig.de\/ausstellung\/?page_id=157"},"modified":"2018-11-26T09:41:05","modified_gmt":"2018-11-26T08:41:05","slug":"ausstellungszeitung","status":"publish","type":"page","link":"https:\/\/digiboard.htwk-leipzig.de\/ausstellung\/vermarktung\/oeffentlichkeitsarbeit\/ausstellungszeitung\/","title":{"rendered":"Ausstellungszeitung"},"content":{"rendered":"<div id=\"pl-157\"  class=\"panel-layout\" ><div id=\"pg-157-0\"  class=\"panel-grid panel-no-style\" ><div id=\"pgc-157-0-0\"  class=\"panel-grid-cell\" ><div id=\"panel-157-0-0-0\" class=\"so-panel widget widget_bcn_widget widget_breadcrumb_navxt panel-first-child panel-last-child\" data-index=\"0\" ><div class=\"panel-widget-style panel-widget-style-for-157-0-0-0\" ><div class=\"breadcrumbs\" vocab=\"https:\/\/schema.org\/\" typeof=\"BreadcrumbList\"><!-- Breadcrumb NavXT 7.0.2 -->\n<\/div><\/div><\/div><\/div><\/div><div id=\"pg-157-1\"  class=\"panel-grid panel-no-style\" ><div id=\"pgc-157-1-0\"  class=\"panel-grid-cell\" ><div id=\"panel-157-1-0-0\" class=\"so-panel widget widget_sow-editor panel-first-child panel-last-child\" data-index=\"1\" ><div class=\"so-widget-sow-editor so-widget-sow-editor-base\">\n<div class=\"siteorigin-widget-tinymce textwidget\">\n\t<p>Sie erschien erstmals am 20. Januar 1894, um fr\u00fchzeitig f\u00fcr die Ausstellung zu werben: Ein wichtiges Instrument der \u00d6ffentlichkeitsarbeit war die Ausstellungszeitung. Bereits im April 1894 ging man von der monatlichen Erscheinungsweise auf die w\u00f6chentliche Ausgabe \u00fcber. Von M\u00e4rz 1897 an erschien die Zeitung dann zweimal w\u00f6chentlich und mit Beginn der Ausstellung sogar t\u00e4glich. Die Auflage betrug anfangs 3.000, w\u00e4hrend der Ausstellung 10.000 Exemplare.<\/p>\n<p>Berichtet wurde haupts\u00e4chlich \u00fcber die Aussteller und ihre Produkte sowie \u00fcber alle Neuigkeiten und Programmpunkte der STIGA. Gedruckt wurden die Exemplare in der Maschinenhalle mit einer Rotationsschnellpresse f\u00fcr wechselnde Formate von Koenig &amp; Bauer aus Kloster Oberzell bei W\u00fcrzburg.<\/p>\n<\/div>\n<\/div><\/div><\/div><div id=\"pgc-157-1-1\"  class=\"panel-grid-cell\" ><div id=\"panel-157-1-1-0\" class=\"so-panel widget widget_sow-editor panel-first-child panel-last-child\" data-index=\"2\" ><div class=\"so-widget-sow-editor so-widget-sow-editor-base\">\n<div class=\"siteorigin-widget-tinymce textwidget\">\n\t<div id=\"attachment_1177\" style=\"width: 310px\" class=\"wp-caption aligncenter\"><a href=\"https:\/\/digiboard.htwk-leipzig.de\/ausstellung\/wp-content\/uploads\/2018\/05\/Abb.-70-e1542910575119.png\" rel=\"lightbox\"><img aria-describedby=\"caption-attachment-1177\" loading=\"lazy\" class=\"wp-image-1177 size-medium\" src=\"https:\/\/digiboard.htwk-leipzig.de\/ausstellung\/wp-content\/uploads\/2018\/05\/Abb.-70-e1542910575119-300x198.png\" alt=\"\" width=\"300\" height=\"198\" srcset=\"https:\/\/digiboard.htwk-leipzig.de\/ausstellung\/wp-content\/uploads\/2018\/05\/Abb.-70-e1542910575119-300x198.png 300w, https:\/\/digiboard.htwk-leipzig.de\/ausstellung\/wp-content\/uploads\/2018\/05\/Abb.-70-e1542910575119-676x446.png 676w, https:\/\/digiboard.htwk-leipzig.de\/ausstellung\/wp-content\/uploads\/2018\/05\/Abb.-70-e1542910575119.png 708w\" sizes=\"(max-width: 300px) 100vw, 300px\" \/><\/a><p id=\"caption-attachment-1177\" class=\"wp-caption-text\"><span style=\"color: #333333;\"><strong>Rotationspresse der Firma Koenig &amp; Bauer f\u00fcr wechselnde Formate<\/strong><\/span><br \/><em>Lithografie von 1897 aus dem \u201eOfficiellen F\u00fchrer\u201c<\/em><\/p><\/div>\n<\/div>\n<\/div><\/div><\/div><\/div><div id=\"pg-157-2\"  class=\"panel-grid panel-no-style\" ><div id=\"pgc-157-2-0\"  class=\"panel-grid-cell panel-grid-cell-mobile-last\" ><div id=\"panel-157-2-0-0\" class=\"so-panel widget widget_sow-button panel-first-child panel-last-child\" data-index=\"3\" ><div class=\"so-widget-sow-button so-widget-sow-button-wire-62a05781b3d0-157\"><div class=\"ow-button-base ow-button-align-left\">\n\t<a href=\"https:\/\/digiboard.htwk-leipzig.de\/ausstellung\/vermarktung\/oeffentlichkeitsarbeit\/\" class=\"ow-icon-placement-left ow-button-hover\" \t\t>\n\t\t<span>\n\t\t\t\n\t\t\tZur\u00fcck\t\t<\/span>\n\t<\/a>\n<\/div>\n<\/div><\/div><\/div><div id=\"pgc-157-2-1\"  class=\"panel-grid-cell panel-grid-cell-empty\" ><\/div><\/div><\/div>","protected":false},"excerpt":{"rendered":"<p>Sie erschien erstmals am 20. Januar 1894, um fr\u00fchzeitig f\u00fcr die Ausstellung zu werben: Ein wichtiges Instrument der \u00d6ffentlichkeitsarbeit war die Ausstellungszeitung. Bereits im April 1894 ging man von der monatlichen Erscheinungsweise auf die w\u00f6chentliche Ausgabe \u00fcber. Von M\u00e4rz 1897 an erschien die Zeitung dann zweimal w\u00f6chentlich und mit Beginn der Ausstellung sogar t\u00e4glich. Die [&hellip;]<\/p>\n","protected":false},"author":4,"featured_media":0,"parent":155,"menu_order":0,"comment_status":"closed","ping_status":"closed","template":"template-nosidebar.php","meta":[],"_links":{"self":[{"href":"https:\/\/digiboard.htwk-leipzig.de\/ausstellung\/wp-json\/wp\/v2\/pages\/157"}],"collection":[{"href":"https:\/\/digiboard.htwk-leipzig.de\/ausstellung\/wp-json\/wp\/v2\/pages"}],"about":[{"href":"https:\/\/digiboard.htwk-leipzig.de\/ausstellung\/wp-json\/wp\/v2\/types\/page"}],"author":[{"embeddable":true,"href":"https:\/\/digiboard.htwk-leipzig.de\/ausstellung\/wp-json\/wp\/v2\/users\/4"}],"replies":[{"embeddable":true,"href":"https:\/\/digiboard.htwk-leipzig.de\/ausstellung\/wp-json\/wp\/v2\/comments?post=157"}],"version-history":[{"count":16,"href":"https:\/\/digiboard.htwk-leipzig.de\/ausstellung\/wp-json\/wp\/v2\/pages\/157\/revisions"}],"predecessor-version":[{"id":2592,"href":"https:\/\/digiboard.htwk-leipzig.de\/ausstellung\/wp-json\/wp\/v2\/pages\/157\/revisions\/2592"}],"up":[{"embeddable":true,"href":"https:\/\/digiboard.htwk-leipzig.de\/ausstellung\/wp-json\/wp\/v2\/pages\/155"}],"wp:attachment":[{"href":"https:\/\/digiboard.htwk-leipzig.de\/ausstellung\/wp-json\/wp\/v2\/media?parent=157"}],"curies":[{"name":"wp","href":"https:\/\/api.w.org\/{rel}","templated":true}]}}