{"id":1551,"date":"2018-05-29T15:50:49","date_gmt":"2018-05-29T13:50:49","guid":{"rendered":"https:\/\/digiboard5.htwk-leipzig.de\/ausstellung\/?page_id=1551"},"modified":"2018-11-26T08:38:45","modified_gmt":"2018-11-26T07:38:45","slug":"hauptgastwirtschaft-und-wiener-cafe","status":"publish","type":"page","link":"https:\/\/digiboard.htwk-leipzig.de\/ausstellung\/architektur\/gebaeude\/hauptgastwirtschaft-und-wiener-cafe\/","title":{"rendered":"Hauptgastwirtschaft und Wiener-Caf\u00e9"},"content":{"rendered":"<div id=\"pl-1551\"  class=\"panel-layout\" ><div id=\"pg-1551-0\"  class=\"panel-grid panel-no-style\" ><div id=\"pgc-1551-0-0\"  class=\"panel-grid-cell\" ><div id=\"panel-1551-0-0-0\" class=\"so-panel widget widget_bcn_widget widget_breadcrumb_navxt panel-first-child panel-last-child\" data-index=\"0\" ><div class=\"panel-widget-style panel-widget-style-for-1551-0-0-0\" ><div class=\"breadcrumbs\" vocab=\"https:\/\/schema.org\/\" typeof=\"BreadcrumbList\"><!-- Breadcrumb NavXT 7.0.2 -->\n<\/div><\/div><\/div><\/div><\/div><div id=\"pg-1551-1\"  class=\"panel-grid panel-no-style\" ><div id=\"pgc-1551-1-0\"  class=\"panel-grid-cell\" ><div id=\"panel-1551-1-0-0\" class=\"so-panel widget widget_sow-editor panel-first-child panel-last-child\" data-index=\"1\" ><div class=\"so-widget-sow-editor so-widget-sow-editor-base\">\n<div class=\"siteorigin-widget-tinymce textwidget\">\n\t<p>Im \u00e4hnlichen Stil wie die Industriehalle war die Hauptgastwirtschaft gehalten. Sie hob sich wei\u00df leuchtend vor dem dunkelgr\u00fcnen Wald im Hintergrund ab und wirkte damit hell und einladend. Gleich am gro\u00dfen Teich gelegen, hatte man von hier eine gute Aussicht auf das Kneipenviertel und die Industriehalle am anderen Ufer des Elsterflutbeckens. Drei Terrassen umgaben den mit Fahnen und Kugeln geschm\u00fcckten Bau. Im gro\u00dfen Bankettsaal \u2013 mit einer L\u00e4nge von 22 Metern \u2013 wurden die Festessen zur Er\u00f6ffnungs- und Schlussfeier sowie zu zahlreichen weiteren Anl\u00e4ssen gegeben.<\/p>\n<p>Gleich gegen\u00fcber, auf der anderen Seite des Teiches lag das \u201eWiener-Caf\u00e9\u201c. Von der Glashalle des Geb\u00e4udes hatte man einen ebenso guten Blick auf das Gel\u00e4nde wie von den Terrassen der Hauptgastwirtschaft aus.<\/p>\n<p><strong>Architekt der Hauptgastwirtschaft<\/strong>: Heinrich Tscharmann<br \/>\n<strong>Architekt des Wiener-Caf\u00e9s<\/strong>: Hans Enger<\/p>\n<\/div>\n<\/div><\/div><\/div><div id=\"pgc-1551-1-1\"  class=\"panel-grid-cell\" ><div id=\"panel-1551-1-1-0\" class=\"so-panel widget widget_sow-editor panel-first-child panel-last-child\" data-index=\"2\" ><div class=\"so-widget-sow-editor so-widget-sow-editor-base\">\n<div class=\"siteorigin-widget-tinymce textwidget\">\n\t<div id=\"attachment_1552\" style=\"width: 310px\" class=\"wp-caption aligncenter\"><a href=\"https:\/\/digiboard.htwk-leipzig.de\/ausstellung\/wp-content\/uploads\/2018\/05\/Abb.-18-e1540300741243.jpg\" rel=\"lightbox\"><img aria-describedby=\"caption-attachment-1552\" loading=\"lazy\" class=\"wp-image-1552 size-medium\" src=\"https:\/\/digiboard.htwk-leipzig.de\/ausstellung\/wp-content\/uploads\/2018\/05\/Abb.-18-e1540300741243-300x145.jpg\" alt=\"\" width=\"300\" height=\"145\" srcset=\"https:\/\/digiboard.htwk-leipzig.de\/ausstellung\/wp-content\/uploads\/2018\/05\/Abb.-18-e1540300741243-300x145.jpg 300w, https:\/\/digiboard.htwk-leipzig.de\/ausstellung\/wp-content\/uploads\/2018\/05\/Abb.-18-e1540300741243-768x370.jpg 768w, https:\/\/digiboard.htwk-leipzig.de\/ausstellung\/wp-content\/uploads\/2018\/05\/Abb.-18-e1540300741243-676x326.jpg 676w, https:\/\/digiboard.htwk-leipzig.de\/ausstellung\/wp-content\/uploads\/2018\/05\/Abb.-18-e1540300741243.jpg 794w\" sizes=\"(max-width: 300px) 100vw, 300px\" \/><\/a><p id=\"caption-attachment-1552\" class=\"wp-caption-text\"><span style=\"color: #333333;\"><strong>Hauptgastwirtschaft <\/strong><\/span><br \/><em>Grafik von 1897<\/em><\/p><\/div>\n<div id=\"attachment_1566\" style=\"width: 310px\" class=\"wp-caption aligncenter\"><a href=\"https:\/\/digiboard.htwk-leipzig.de\/ausstellung\/wp-content\/uploads\/2018\/05\/Abb.-19-e1540300536389.jpg\" rel=\"lightbox\"><img aria-describedby=\"caption-attachment-1566\" loading=\"lazy\" class=\"wp-image-1566 size-medium\" src=\"https:\/\/digiboard.htwk-leipzig.de\/ausstellung\/wp-content\/uploads\/2018\/05\/Abb.-19-e1540300536389-300x226.jpg\" alt=\"\" width=\"300\" height=\"226\" srcset=\"https:\/\/digiboard.htwk-leipzig.de\/ausstellung\/wp-content\/uploads\/2018\/05\/Abb.-19-e1540300536389-300x226.jpg 300w, https:\/\/digiboard.htwk-leipzig.de\/ausstellung\/wp-content\/uploads\/2018\/05\/Abb.-19-e1540300536389.jpg 670w\" sizes=\"(max-width: 300px) 100vw, 300px\" \/><\/a><p id=\"caption-attachment-1566\" class=\"wp-caption-text\"><span style=\"color: #333333;\"><strong>Innenraum der Hauptgastwirtschaft<\/strong> <\/span><br \/><em>Fotografie von 1897<\/em><\/p><\/div>\n<div id=\"attachment_1569\" style=\"width: 310px\" class=\"wp-caption aligncenter\"><a href=\"https:\/\/digiboard.htwk-leipzig.de\/ausstellung\/wp-content\/uploads\/2018\/05\/Abb.-20-2-e1540300598882.jpg\" rel=\"lightbox\"><img aria-describedby=\"caption-attachment-1569\" loading=\"lazy\" class=\"wp-image-1569 size-medium\" src=\"https:\/\/digiboard.htwk-leipzig.de\/ausstellung\/wp-content\/uploads\/2018\/05\/Abb.-20-2-e1540300598882-300x216.jpg\" alt=\"\" width=\"300\" height=\"216\" srcset=\"https:\/\/digiboard.htwk-leipzig.de\/ausstellung\/wp-content\/uploads\/2018\/05\/Abb.-20-2-e1540300598882-300x216.jpg 300w, https:\/\/digiboard.htwk-leipzig.de\/ausstellung\/wp-content\/uploads\/2018\/05\/Abb.-20-2-e1540300598882.jpg 563w\" sizes=\"(max-width: 300px) 100vw, 300px\" \/><\/a><p id=\"caption-attachment-1569\" class=\"wp-caption-text\"><span style=\"color: #333333;\"><strong>\u201eWiener-Caf\u00e9\u201c mit gro\u00dfem Teich und Industriehalle im Hintergrund<\/strong> <\/span><br \/><em>Grafik von 1897<\/em><\/p><\/div>\n<\/div>\n<\/div><\/div><\/div><\/div><div id=\"pg-1551-2\"  class=\"panel-grid panel-no-style\" ><div id=\"pgc-1551-2-0\"  class=\"panel-grid-cell panel-grid-cell-mobile-last\" ><div id=\"panel-1551-2-0-0\" class=\"so-panel widget widget_sow-button panel-first-child panel-last-child\" data-index=\"3\" ><div class=\"so-widget-sow-button so-widget-sow-button-wire-62a05781b3d0-1551\"><div class=\"ow-button-base ow-button-align-left\">\n\t<a href=\"https:\/\/digiboard.htwk-leipzig.de\/ausstellung\/architektur\/gebaeude\/\" class=\"ow-icon-placement-left ow-button-hover\" \t\t>\n\t\t<span>\n\t\t\t\n\t\t\tZur\u00fcck\t\t<\/span>\n\t<\/a>\n<\/div>\n<\/div><\/div><\/div><div id=\"pgc-1551-2-1\"  class=\"panel-grid-cell panel-grid-cell-empty\" ><\/div><\/div><\/div>","protected":false},"excerpt":{"rendered":"<p>Im \u00e4hnlichen Stil wie die Industriehalle war die Hauptgastwirtschaft gehalten. Sie hob sich wei\u00df leuchtend vor dem dunkelgr\u00fcnen Wald im Hintergrund ab und wirkte damit hell und einladend. Gleich am gro\u00dfen Teich gelegen, hatte man von hier eine gute Aussicht auf das Kneipenviertel und die Industriehalle am anderen Ufer des Elsterflutbeckens. Drei Terrassen umgaben den [&hellip;]<\/p>\n","protected":false},"author":3,"featured_media":0,"parent":72,"menu_order":3,"comment_status":"closed","ping_status":"closed","template":"","meta":[],"_links":{"self":[{"href":"https:\/\/digiboard.htwk-leipzig.de\/ausstellung\/wp-json\/wp\/v2\/pages\/1551"}],"collection":[{"href":"https:\/\/digiboard.htwk-leipzig.de\/ausstellung\/wp-json\/wp\/v2\/pages"}],"about":[{"href":"https:\/\/digiboard.htwk-leipzig.de\/ausstellung\/wp-json\/wp\/v2\/types\/page"}],"author":[{"embeddable":true,"href":"https:\/\/digiboard.htwk-leipzig.de\/ausstellung\/wp-json\/wp\/v2\/users\/3"}],"replies":[{"embeddable":true,"href":"https:\/\/digiboard.htwk-leipzig.de\/ausstellung\/wp-json\/wp\/v2\/comments?post=1551"}],"version-history":[{"count":53,"href":"https:\/\/digiboard.htwk-leipzig.de\/ausstellung\/wp-json\/wp\/v2\/pages\/1551\/revisions"}],"predecessor-version":[{"id":2514,"href":"https:\/\/digiboard.htwk-leipzig.de\/ausstellung\/wp-json\/wp\/v2\/pages\/1551\/revisions\/2514"}],"up":[{"embeddable":true,"href":"https:\/\/digiboard.htwk-leipzig.de\/ausstellung\/wp-json\/wp\/v2\/pages\/72"}],"wp:attachment":[{"href":"https:\/\/digiboard.htwk-leipzig.de\/ausstellung\/wp-json\/wp\/v2\/media?parent=1551"}],"curies":[{"name":"wp","href":"https:\/\/api.w.org\/{rel}","templated":true}]}}