{"id":155,"date":"2017-12-20T18:02:02","date_gmt":"2017-12-20T17:02:02","guid":{"rendered":"https:\/\/digiboard5.htwk-leipzig.de\/ausstellung\/?page_id=155"},"modified":"2018-11-22T19:12:45","modified_gmt":"2018-11-22T18:12:45","slug":"oeffentlichkeitsarbeit","status":"publish","type":"page","link":"https:\/\/digiboard.htwk-leipzig.de\/ausstellung\/vermarktung\/oeffentlichkeitsarbeit\/","title":{"rendered":"\u00d6ffentlichkeitsarbeit"},"content":{"rendered":"<div id=\"pl-155\"  class=\"panel-layout\" ><div id=\"pg-155-0\"  class=\"panel-grid panel-no-style\" ><div id=\"pgc-155-0-0\"  class=\"panel-grid-cell\" ><div id=\"panel-155-0-0-0\" class=\"so-panel widget widget_bcn_widget widget_breadcrumb_navxt panel-first-child panel-last-child\" data-index=\"0\" ><div class=\"breadcrumbs\" vocab=\"https:\/\/schema.org\/\" typeof=\"BreadcrumbList\"><!-- Breadcrumb NavXT 7.0.2 -->\n<\/div><\/div><\/div><\/div><div id=\"pg-155-1\"  class=\"panel-grid panel-no-style\" ><div id=\"pgc-155-1-0\"  class=\"panel-grid-cell\" ><div id=\"panel-155-1-0-0\" class=\"so-panel widget widget_sow-editor panel-first-child panel-last-child\" data-index=\"1\" ><div class=\"so-widget-sow-editor so-widget-sow-editor-base\">\n<div class=\"siteorigin-widget-tinymce textwidget\">\n\t<p>Bereits im Vorfeld pr\u00e4sentierte eine Wanderausstellung Ideen und konkrete Pl\u00e4ne zur STIGA. Ein Presseausschuss platzierte Inserate und Presseartikel in regionalen wie \u00fcberregionalen Printmedien und koordinierte Werbeaktionen. Sogar eine Zeitung wurde herausgegeben, die seit Ausstellungsbeginn t\u00e4glich erschien. Der Presseausschuss war zudem beauftragt, einen \u201eofficiellen F\u00fchrer\u201c und einen Katalog zur Ausstellung herauszugeben.<\/p>\n<p>Von der Ansichtskarte bis zur Zigarettendose: zur Erinnerung an den Besuch wurden vielerlei Souvenirs produziert \u2013 sowohl von den Ausstellungsleitern wie den ausstellenden Firmen. Neben den \u00fcblichen Merchandise-Produkten wurden auch Gebrauchsg\u00fcter und -produkte mit Ausstellungsreklame versehen.<\/p>\n<\/div>\n<\/div><\/div><\/div><\/div><div id=\"pg-155-2\"  class=\"panel-grid panel-has-style\" ><div class=\"panel-row-style panel-row-style-for-155-2\" ><div id=\"pgc-155-2-0\"  class=\"panel-grid-cell\" ><div id=\"panel-155-2-0-0\" class=\"so-panel widget widget_sow-hero panel-first-child panel-last-child\" data-index=\"2\" ><div class=\"so-widget-sow-hero so-widget-sow-hero-default-5cf67813386f-155\"><div class=\"sow-slider-base\" style=\"display: none\"><ul class=\"sow-slider-images\" data-settings=\"{&quot;pagination&quot;:true,&quot;speed&quot;:800,&quot;timeout&quot;:8000,&quot;paused&quot;:false,&quot;pause_on_hover&quot;:false,&quot;swipe&quot;:false,&quot;nav_always_show_desktop&quot;:&quot;&quot;,&quot;nav_always_show_mobile&quot;:&quot;&quot;,&quot;breakpoint&quot;:&quot;780px&quot;,&quot;unmute&quot;:false}\">\t\t<li class=\"sow-slider-image  sow-slider-image-cover\" style=\"background-color: #333333;cursor: pointer;\" data-url=\"{&quot;url&quot;:&quot;https:\\\/\\\/digiboard.htwk-leipzig.de\\\/ausstellung\\\/vermarktung\\\/oeffentlichkeitsarbeit\\\/ausstellungszeitung\\\/&quot;,&quot;new_window&quot;:false}\" >\n\t\t\t\t\t<div class=\"sow-slider-image-container\">\n\t\t\t<div class=\"sow-slider-image-wrapper\">\n\t\t\t\t<h1 style=\"text-align: right\">Ausstellungszeitung<\/h1>\n\t\t\t<\/div>\n\t\t<\/div>\n\t\t<div class=\"sow-slider-image-overlay sow-slider-image-cover\" style=\"background-image: url(https:\/\/digiboard.htwk-leipzig.de\/ausstellung\/wp-content\/uploads\/2018\/05\/Abb.-70q.png);opacity: 0.5\"  ><\/div>\t\t<\/li>\n\t\t<\/ul>\t\t\t\t<ol class=\"sow-slider-pagination\">\n\t\t\t\t\t\t\t\t\t\t\t<li><a href=\"#\" data-goto=\"0\" aria-label=\"display slide 1\"><\/a><\/li>\n\t\t\t\t\t\t\t\t\t<\/ol>\n\n\t\t\t\t<div class=\"sow-slide-nav sow-slide-nav-next\">\n\t\t\t\t\t<a href=\"#\" data-goto=\"next\" aria-label=\"next slide\" data-action=\"next\">\n\t\t\t\t\t\t<em class=\"sow-sld-icon-thin-right\"><\/em>\n\t\t\t\t\t<\/a>\n\t\t\t\t<\/div>\n\n\t\t\t\t<div class=\"sow-slide-nav sow-slide-nav-prev\">\n\t\t\t\t\t<a href=\"#\" data-goto=\"previous\" aria-label=\"previous slide\" data-action=\"prev\">\n\t\t\t\t\t\t<em class=\"sow-sld-icon-thin-left\"><\/em>\n\t\t\t\t\t<\/a>\n\t\t\t\t<\/div>\n\t\t\t\t<\/div><\/div><\/div><\/div><div id=\"pgc-155-2-1\"  class=\"panel-grid-cell\" ><div id=\"panel-155-2-1-0\" class=\"so-panel widget widget_sow-hero panel-first-child panel-last-child\" data-index=\"3\" ><div class=\"so-widget-sow-hero so-widget-sow-hero-default-5cf67813386f-155\"><div class=\"sow-slider-base\" style=\"display: none\"><ul class=\"sow-slider-images\" data-settings=\"{&quot;pagination&quot;:true,&quot;speed&quot;:800,&quot;timeout&quot;:8000,&quot;paused&quot;:false,&quot;pause_on_hover&quot;:false,&quot;swipe&quot;:false,&quot;nav_always_show_desktop&quot;:&quot;&quot;,&quot;nav_always_show_mobile&quot;:&quot;&quot;,&quot;breakpoint&quot;:&quot;780px&quot;,&quot;unmute&quot;:false}\">\t\t<li class=\"sow-slider-image  sow-slider-image-cover\" style=\"background-color: #333333;cursor: pointer;\" data-url=\"{&quot;url&quot;:&quot;https:\\\/\\\/digiboard.htwk-leipzig.de\\\/ausstellung\\\/vermarktung\\\/oeffentlichkeitsarbeit\\\/offizieller-fuehrer\\\/&quot;,&quot;new_window&quot;:false}\" >\n\t\t\t\t\t<div class=\"sow-slider-image-container\">\n\t\t\t<div class=\"sow-slider-image-wrapper\">\n\t\t\t\t<h1 style=\"text-align: right\">Offizieller F\u00fchrer<\/h1>\n\t\t\t<\/div>\n\t\t<\/div>\n\t\t<div class=\"sow-slider-image-overlay sow-slider-image-cover\" style=\"background-image: url(https:\/\/digiboard.htwk-leipzig.de\/ausstellung\/wp-content\/uploads\/2018\/05\/Abb.-71q.jpg);opacity: 0.5\"  ><\/div>\t\t<\/li>\n\t\t<\/ul>\t\t\t\t<ol class=\"sow-slider-pagination\">\n\t\t\t\t\t\t\t\t\t\t\t<li><a href=\"#\" data-goto=\"0\" aria-label=\"display slide 1\"><\/a><\/li>\n\t\t\t\t\t\t\t\t\t<\/ol>\n\n\t\t\t\t<div class=\"sow-slide-nav sow-slide-nav-next\">\n\t\t\t\t\t<a href=\"#\" data-goto=\"next\" aria-label=\"next slide\" data-action=\"next\">\n\t\t\t\t\t\t<em class=\"sow-sld-icon-thin-right\"><\/em>\n\t\t\t\t\t<\/a>\n\t\t\t\t<\/div>\n\n\t\t\t\t<div class=\"sow-slide-nav sow-slide-nav-prev\">\n\t\t\t\t\t<a href=\"#\" data-goto=\"previous\" aria-label=\"previous slide\" data-action=\"prev\">\n\t\t\t\t\t\t<em class=\"sow-sld-icon-thin-left\"><\/em>\n\t\t\t\t\t<\/a>\n\t\t\t\t<\/div>\n\t\t\t\t<\/div><\/div><\/div><\/div><div id=\"pgc-155-2-2\"  class=\"panel-grid-cell\" ><div id=\"panel-155-2-2-0\" class=\"so-panel widget widget_sow-hero panel-first-child panel-last-child\" data-index=\"4\" ><div class=\"so-widget-sow-hero so-widget-sow-hero-default-5cf67813386f-155\"><div class=\"sow-slider-base\" style=\"display: none\"><ul class=\"sow-slider-images\" data-settings=\"{&quot;pagination&quot;:true,&quot;speed&quot;:800,&quot;timeout&quot;:8000,&quot;paused&quot;:false,&quot;pause_on_hover&quot;:false,&quot;swipe&quot;:false,&quot;nav_always_show_desktop&quot;:&quot;&quot;,&quot;nav_always_show_mobile&quot;:&quot;&quot;,&quot;breakpoint&quot;:&quot;780px&quot;,&quot;unmute&quot;:false}\">\t\t<li class=\"sow-slider-image  sow-slider-image-cover\" style=\"background-color: #333333;cursor: pointer;\" data-url=\"{&quot;url&quot;:&quot;https:\\\/\\\/digiboard.htwk-leipzig.de\\\/ausstellung\\\/vermarktung\\\/oeffentlichkeitsarbeit\\\/reklame-und-souvenirs\\\/&quot;,&quot;new_window&quot;:false}\" >\n\t\t\t\t\t<div class=\"sow-slider-image-container\">\n\t\t\t<div class=\"sow-slider-image-wrapper\">\n\t\t\t\t<h1 style=\"text-align: right\">Reklame\/Souvenirs<\/h1>\n\t\t\t<\/div>\n\t\t<\/div>\n\t\t<div class=\"sow-slider-image-overlay sow-slider-image-cover\" style=\"background-image: url(https:\/\/digiboard.htwk-leipzig.de\/ausstellung\/wp-content\/uploads\/2018\/05\/Abb.-73bq.jpg);opacity: 0.5\"  ><\/div>\t\t<\/li>\n\t\t<\/ul>\t\t\t\t<ol class=\"sow-slider-pagination\">\n\t\t\t\t\t\t\t\t\t\t\t<li><a href=\"#\" data-goto=\"0\" aria-label=\"display slide 1\"><\/a><\/li>\n\t\t\t\t\t\t\t\t\t<\/ol>\n\n\t\t\t\t<div class=\"sow-slide-nav sow-slide-nav-next\">\n\t\t\t\t\t<a href=\"#\" data-goto=\"next\" aria-label=\"next slide\" data-action=\"next\">\n\t\t\t\t\t\t<em class=\"sow-sld-icon-thin-right\"><\/em>\n\t\t\t\t\t<\/a>\n\t\t\t\t<\/div>\n\n\t\t\t\t<div class=\"sow-slide-nav sow-slide-nav-prev\">\n\t\t\t\t\t<a href=\"#\" data-goto=\"previous\" aria-label=\"previous slide\" data-action=\"prev\">\n\t\t\t\t\t\t<em class=\"sow-sld-icon-thin-left\"><\/em>\n\t\t\t\t\t<\/a>\n\t\t\t\t<\/div>\n\t\t\t\t<\/div><\/div><\/div><\/div><\/div><\/div><div id=\"pg-155-3\"  class=\"panel-grid panel-no-style\" ><div id=\"pgc-155-3-0\"  class=\"panel-grid-cell panel-grid-cell-mobile-last\" ><div id=\"panel-155-3-0-0\" class=\"so-panel widget widget_sow-button panel-first-child panel-last-child\" data-index=\"5\" ><div class=\"so-widget-sow-button so-widget-sow-button-wire-62a05781b3d0-155\"><div class=\"ow-button-base ow-button-align-left\">\n\t<a href=\"https:\/\/digiboard.htwk-leipzig.de\/ausstellung\/vermarktung\/\" class=\"ow-icon-placement-left ow-button-hover\" \t\t>\n\t\t<span>\n\t\t\t\n\t\t\tZur\u00fcck\t\t<\/span>\n\t<\/a>\n<\/div>\n<\/div><\/div><\/div><div id=\"pgc-155-3-1\"  class=\"panel-grid-cell panel-grid-cell-empty\" ><\/div><\/div><\/div>","protected":false},"excerpt":{"rendered":"<p>Bereits im Vorfeld pr\u00e4sentierte eine Wanderausstellung Ideen und konkrete Pl\u00e4ne zur STIGA. Ein Presseausschuss platzierte Inserate und Presseartikel in regionalen wie \u00fcberregionalen Printmedien und koordinierte Werbeaktionen. Sogar eine Zeitung wurde herausgegeben, die seit Ausstellungsbeginn t\u00e4glich erschien. Der Presseausschuss war zudem beauftragt, einen \u201eofficiellen F\u00fchrer\u201c und einen Katalog zur Ausstellung herauszugeben. Von der Ansichtskarte bis zur [&hellip;]<\/p>\n","protected":false},"author":4,"featured_media":0,"parent":46,"menu_order":2,"comment_status":"closed","ping_status":"closed","template":"template-nosidebar.php","meta":[],"_links":{"self":[{"href":"https:\/\/digiboard.htwk-leipzig.de\/ausstellung\/wp-json\/wp\/v2\/pages\/155"}],"collection":[{"href":"https:\/\/digiboard.htwk-leipzig.de\/ausstellung\/wp-json\/wp\/v2\/pages"}],"about":[{"href":"https:\/\/digiboard.htwk-leipzig.de\/ausstellung\/wp-json\/wp\/v2\/types\/page"}],"author":[{"embeddable":true,"href":"https:\/\/digiboard.htwk-leipzig.de\/ausstellung\/wp-json\/wp\/v2\/users\/4"}],"replies":[{"embeddable":true,"href":"https:\/\/digiboard.htwk-leipzig.de\/ausstellung\/wp-json\/wp\/v2\/comments?post=155"}],"version-history":[{"count":20,"href":"https:\/\/digiboard.htwk-leipzig.de\/ausstellung\/wp-json\/wp\/v2\/pages\/155\/revisions"}],"predecessor-version":[{"id":2265,"href":"https:\/\/digiboard.htwk-leipzig.de\/ausstellung\/wp-json\/wp\/v2\/pages\/155\/revisions\/2265"}],"up":[{"embeddable":true,"href":"https:\/\/digiboard.htwk-leipzig.de\/ausstellung\/wp-json\/wp\/v2\/pages\/46"}],"wp:attachment":[{"href":"https:\/\/digiboard.htwk-leipzig.de\/ausstellung\/wp-json\/wp\/v2\/media?parent=155"}],"curies":[{"name":"wp","href":"https:\/\/api.w.org\/{rel}","templated":true}]}}