{"id":152,"date":"2017-12-20T18:01:43","date_gmt":"2017-12-20T17:01:43","guid":{"rendered":"https:\/\/digiboard5.htwk-leipzig.de\/ausstellung\/?page_id=152"},"modified":"2018-11-26T09:40:09","modified_gmt":"2018-11-26T08:40:09","slug":"personentransport","status":"publish","type":"page","link":"https:\/\/digiboard.htwk-leipzig.de\/ausstellung\/vermarktung\/personentransport\/","title":{"rendered":"Personentransport"},"content":{"rendered":"<div id=\"pl-152\"  class=\"panel-layout\" ><div id=\"pg-152-0\"  class=\"panel-grid panel-no-style\" ><div id=\"pgc-152-0-0\"  class=\"panel-grid-cell\" ><div id=\"panel-152-0-0-0\" class=\"so-panel widget widget_bcn_widget widget_breadcrumb_navxt panel-first-child panel-last-child\" data-index=\"0\" ><div class=\"breadcrumbs\" vocab=\"https:\/\/schema.org\/\" typeof=\"BreadcrumbList\"><!-- Breadcrumb NavXT 7.0.2 -->\n<\/div><\/div><\/div><\/div><div id=\"pg-152-1\"  class=\"panel-grid panel-no-style\" ><div id=\"pgc-152-1-0\"  class=\"panel-grid-cell\" ><div id=\"panel-152-1-0-0\" class=\"so-panel widget widget_sow-editor panel-first-child panel-last-child\" data-index=\"1\" ><div class=\"so-widget-sow-editor so-widget-sow-editor-base\">\n<div class=\"siteorigin-widget-tinymce textwidget\">\n\t<p>Die STIGA sollte zu einem massentouristischen Ereignis werden. Dementsprechend musste die Infrastruktur stimmen, die schon mit dem Transport begann. Neue Verbindungen wurden von den beiden damals existierenden Stra\u00dfenbahngesellschaften eingerichtet. Die Bahnen fuhren alle f\u00fcnf bis zehn Minuten zum Ausstellungsgel\u00e4nde. Zudem warteten Pferdedroschken, die damaligen Taxis, an den sechs Leipziger Bahnh\u00f6fen.<\/p>\n<p>Wer am Gel\u00e4nde angekommen war, konnte gleich in die elektrische Bahn auf dem Ausstellungsgel\u00e4nde umsteigen, um sich mit der zwanzigmin\u00fctigen Rundfahrt einen ersten \u00dcberblick zu verschaffen oder einen der acht Haltestellen gezielt anzufahren. Lange brauchte man nie warten: Die Bahn fuhr alle zweieinhalb Minuten.<\/p>\n<\/div>\n<\/div><\/div><\/div><div id=\"pgc-152-1-1\"  class=\"panel-grid-cell\" ><div id=\"panel-152-1-1-0\" class=\"so-panel widget widget_sow-editor panel-first-child panel-last-child\" data-index=\"2\" ><div class=\"so-widget-sow-editor so-widget-sow-editor-base\">\n<div class=\"siteorigin-widget-tinymce textwidget\">\n\t<div id=\"attachment_1197\" style=\"width: 310px\" class=\"wp-caption aligncenter\"><a href=\"https:\/\/digiboard.htwk-leipzig.de\/ausstellung\/wp-content\/uploads\/2018\/05\/Abb.-67-e1542910049572.png\" rel=\"lightbox\"><img aria-describedby=\"caption-attachment-1197\" loading=\"lazy\" class=\"wp-image-1197 size-medium\" src=\"https:\/\/digiboard.htwk-leipzig.de\/ausstellung\/wp-content\/uploads\/2018\/05\/Abb.-67-e1542910049572-300x186.png\" alt=\"\" width=\"300\" height=\"186\" srcset=\"https:\/\/digiboard.htwk-leipzig.de\/ausstellung\/wp-content\/uploads\/2018\/05\/Abb.-67-e1542910049572-300x186.png 300w, https:\/\/digiboard.htwk-leipzig.de\/ausstellung\/wp-content\/uploads\/2018\/05\/Abb.-67-e1542910049572-768x477.png 768w, https:\/\/digiboard.htwk-leipzig.de\/ausstellung\/wp-content\/uploads\/2018\/05\/Abb.-67-e1542910049572-676x420.png 676w, https:\/\/digiboard.htwk-leipzig.de\/ausstellung\/wp-content\/uploads\/2018\/05\/Abb.-67-e1542910049572.png 880w\" sizes=\"(max-width: 300px) 100vw, 300px\" \/><\/a><p id=\"caption-attachment-1197\" class=\"wp-caption-text\"><span style=\"color: #333333;\"><strong>Stra\u00dfenbahnverbindung in die Innenstadt<\/strong><\/span><br \/><em>Karte aus dem \"Officiellen F\u00fchrer\" von 1897<\/em><\/p><\/div>\n<\/div>\n<\/div><\/div><\/div><\/div><div id=\"pg-152-2\"  class=\"panel-grid panel-no-style\" ><div id=\"pgc-152-2-0\"  class=\"panel-grid-cell panel-grid-cell-mobile-last\" ><div id=\"panel-152-2-0-0\" class=\"so-panel widget widget_sow-button panel-first-child panel-last-child\" data-index=\"3\" ><div class=\"so-widget-sow-button so-widget-sow-button-wire-62a05781b3d0-152\"><div class=\"ow-button-base ow-button-align-left\">\n\t<a href=\"https:\/\/digiboard.htwk-leipzig.de\/ausstellung\/vermarktung\/\" class=\"ow-icon-placement-left ow-button-hover\" \t\t>\n\t\t<span>\n\t\t\t\n\t\t\tZur\u00fcck\t\t<\/span>\n\t<\/a>\n<\/div>\n<\/div><\/div><\/div><div id=\"pgc-152-2-1\"  class=\"panel-grid-cell panel-grid-cell-empty\" ><\/div><\/div><\/div>","protected":false},"excerpt":{"rendered":"<p>Die STIGA sollte zu einem massentouristischen Ereignis werden. Dementsprechend musste die Infrastruktur stimmen, die schon mit dem Transport begann. Neue Verbindungen wurden von den beiden damals existierenden Stra\u00dfenbahngesellschaften eingerichtet. Die Bahnen fuhren alle f\u00fcnf bis zehn Minuten zum Ausstellungsgel\u00e4nde. Zudem warteten Pferdedroschken, die damaligen Taxis, an den sechs Leipziger Bahnh\u00f6fen. Wer am Gel\u00e4nde angekommen war, [&hellip;]<\/p>\n","protected":false},"author":4,"featured_media":0,"parent":46,"menu_order":1,"comment_status":"closed","ping_status":"closed","template":"template-nosidebar.php","meta":[],"_links":{"self":[{"href":"https:\/\/digiboard.htwk-leipzig.de\/ausstellung\/wp-json\/wp\/v2\/pages\/152"}],"collection":[{"href":"https:\/\/digiboard.htwk-leipzig.de\/ausstellung\/wp-json\/wp\/v2\/pages"}],"about":[{"href":"https:\/\/digiboard.htwk-leipzig.de\/ausstellung\/wp-json\/wp\/v2\/types\/page"}],"author":[{"embeddable":true,"href":"https:\/\/digiboard.htwk-leipzig.de\/ausstellung\/wp-json\/wp\/v2\/users\/4"}],"replies":[{"embeddable":true,"href":"https:\/\/digiboard.htwk-leipzig.de\/ausstellung\/wp-json\/wp\/v2\/comments?post=152"}],"version-history":[{"count":14,"href":"https:\/\/digiboard.htwk-leipzig.de\/ausstellung\/wp-json\/wp\/v2\/pages\/152\/revisions"}],"predecessor-version":[{"id":2590,"href":"https:\/\/digiboard.htwk-leipzig.de\/ausstellung\/wp-json\/wp\/v2\/pages\/152\/revisions\/2590"}],"up":[{"embeddable":true,"href":"https:\/\/digiboard.htwk-leipzig.de\/ausstellung\/wp-json\/wp\/v2\/pages\/46"}],"wp:attachment":[{"href":"https:\/\/digiboard.htwk-leipzig.de\/ausstellung\/wp-json\/wp\/v2\/media?parent=152"}],"curies":[{"name":"wp","href":"https:\/\/api.w.org\/{rel}","templated":true}]}}