{"id":148,"date":"2017-12-20T18:01:16","date_gmt":"2017-12-20T17:01:16","guid":{"rendered":"https:\/\/digiboard5.htwk-leipzig.de\/ausstellung\/?page_id=148"},"modified":"2018-11-26T09:39:07","modified_gmt":"2018-11-26T08:39:07","slug":"eintrittspreise","status":"publish","type":"page","link":"https:\/\/digiboard.htwk-leipzig.de\/ausstellung\/vermarktung\/eintrittspreise\/","title":{"rendered":"Eintrittspreise"},"content":{"rendered":"<div id=\"pl-148\"  class=\"panel-layout\" ><div id=\"pg-148-0\"  class=\"panel-grid panel-no-style\" ><div id=\"pgc-148-0-0\"  class=\"panel-grid-cell\" ><div id=\"panel-148-0-0-0\" class=\"so-panel widget widget_bcn_widget widget_breadcrumb_navxt panel-first-child panel-last-child\" data-index=\"0\" ><div class=\"breadcrumbs\" vocab=\"https:\/\/schema.org\/\" typeof=\"BreadcrumbList\"><!-- Breadcrumb NavXT 7.0.2 -->\n<\/div><\/div><\/div><\/div><div id=\"pg-148-1\"  class=\"panel-grid panel-no-style\" ><div id=\"pgc-148-1-0\"  class=\"panel-grid-cell\" ><div id=\"panel-148-1-0-0\" class=\"so-panel widget widget_sow-editor panel-first-child panel-last-child\" data-index=\"1\" ><div class=\"so-widget-sow-editor so-widget-sow-editor-base\">\n<div class=\"siteorigin-widget-tinymce textwidget\">\n\t<p>Teil der Vermarktungsstrategie war ein abgestuftes System der Eintrittspreise:<\/p>\n<ul>\n<li>F\u00fcr normale Besucher kostete die Tageskarte 50 Pfennige.<\/li>\n<li>An besonderen Tagen, den sogenannten Elitetagen, an denen die Geb\u00e4ude und der Park zur Nacht beleuchtet waren, wurde der Eintrittspreis auf 1 Reichsmark (RM) erh\u00f6ht.<\/li>\n<li>F\u00fcr Kinder wurde jeweils die H\u00e4lfte des Preises verlangt. Ihnen war es aber nicht gestattet, ohne Begleitung Erwachsener das Gel\u00e4nde zu besuchen. Mit einem Kinderwagen war der Einlass untersagt.<\/li>\n<li>Wer die Ausstellung bereits morgens von 8 bis 10 Uhr sehen wollte, konnte das mit Zahlung des doppelten Tagespreises tun.<\/li>\n<\/ul>\n<p>Die Kosten f\u00fcr den Eintritt, Verpflegung und weitere Attraktionen auf der Ausstellung waren \u00fcberdurchschnittlich hoch angesetzt, doch gab es reduzierten Eintritt an den sogenannten Arbeiter- und Beamtensonntagen und f\u00fcr Kinder an den \u201eKindertagen\u201c. Zudem bot eine Dauerkarte die M\u00f6glichkeit des mehrfachen Besuchs. Bereits vor Weihnachten 1896 wurde sie zum Verkauf angeboten und fand als Geschenkidee so gro\u00dfen Zuspruch, dass bald mehrere Tausend davon verkauft waren \u2013 f\u00fcr M\u00e4nner zum Preis von 15 RM, f\u00fcr Damen 10 RM.<\/p>\n<\/div>\n<\/div><\/div><\/div><div id=\"pgc-148-1-1\"  class=\"panel-grid-cell\" ><div id=\"panel-148-1-1-0\" class=\"so-panel widget widget_sow-editor panel-first-child panel-last-child\" data-index=\"2\" ><div class=\"so-widget-sow-editor so-widget-sow-editor-base\">\n<div class=\"siteorigin-widget-tinymce textwidget\">\n\t<div id=\"attachment_1379\" style=\"width: 310px\" class=\"wp-caption aligncenter\"><a href=\"https:\/\/digiboard.htwk-leipzig.de\/ausstellung\/wp-content\/uploads\/2018\/05\/Abb.-65-2-e1542909704235.png\" rel=\"lightbox\"><img aria-describedby=\"caption-attachment-1379\" loading=\"lazy\" class=\"wp-image-1379 size-medium\" src=\"https:\/\/digiboard.htwk-leipzig.de\/ausstellung\/wp-content\/uploads\/2018\/05\/Abb.-65-2-e1542909704235-300x223.png\" alt=\"\" width=\"300\" height=\"223\" srcset=\"https:\/\/digiboard.htwk-leipzig.de\/ausstellung\/wp-content\/uploads\/2018\/05\/Abb.-65-2-e1542909704235-300x223.png 300w, https:\/\/digiboard.htwk-leipzig.de\/ausstellung\/wp-content\/uploads\/2018\/05\/Abb.-65-2-e1542909704235.png 660w\" sizes=\"(max-width: 300px) 100vw, 300px\" \/><\/a><p id=\"caption-attachment-1379\" class=\"wp-caption-text\"><span style=\"color: #333333;\"><strong>Menschenmassen an einem Sonntag auf der K\u00f6nig-Albert-Allee des Ausstellungsgel\u00e4ndes<\/strong><\/span><br \/><em>Fotografie von 1897<\/em><\/p><\/div>\n<div id=\"attachment_1380\" style=\"width: 310px\" class=\"wp-caption aligncenter\"><a href=\"https:\/\/digiboard.htwk-leipzig.de\/ausstellung\/wp-content\/uploads\/2018\/05\/Abb.-66.png\" rel=\"lightbox\"><img aria-describedby=\"caption-attachment-1380\" loading=\"lazy\" class=\"wp-image-1380 size-medium\" src=\"https:\/\/digiboard.htwk-leipzig.de\/ausstellung\/wp-content\/uploads\/2018\/05\/Abb.-66-300x240.png\" alt=\"\" width=\"300\" height=\"240\" srcset=\"https:\/\/digiboard.htwk-leipzig.de\/ausstellung\/wp-content\/uploads\/2018\/05\/Abb.-66-300x240.png 300w, https:\/\/digiboard.htwk-leipzig.de\/ausstellung\/wp-content\/uploads\/2018\/05\/Abb.-66-768x613.png 768w, https:\/\/digiboard.htwk-leipzig.de\/ausstellung\/wp-content\/uploads\/2018\/05\/Abb.-66-676x540.png 676w, https:\/\/digiboard.htwk-leipzig.de\/ausstellung\/wp-content\/uploads\/2018\/05\/Abb.-66.png 800w\" sizes=\"(max-width: 300px) 100vw, 300px\" \/><\/a><p id=\"caption-attachment-1380\" class=\"wp-caption-text\"><span style=\"color: #333333;\"><strong>Allgemeine Bestimmungen f\u00fcr die Besucher<\/strong><\/span><br \/><em>Ausschnitt aus dem \"Officiellen F\u00fchrer\" von 1897<\/em><\/p><\/div>\n<\/div>\n<\/div><\/div><\/div><\/div><div id=\"pg-148-2\"  class=\"panel-grid panel-no-style\" ><div id=\"pgc-148-2-0\"  class=\"panel-grid-cell\" ><div id=\"panel-148-2-0-0\" class=\"so-panel widget widget_sow-editor panel-first-child panel-last-child\" data-index=\"3\" ><div class=\"so-widget-sow-editor so-widget-sow-editor-base\">\n<div class=\"siteorigin-widget-tinymce textwidget\">\n\t<p><a href=\"https:\/\/digiboard.htwk-leipzig.de\/ausstellung\/wp-content\/uploads\/2018\/05\/Abb.-63.jpg\" rel=\"lightbox\"><img loading=\"lazy\" class=\"aligncenter wp-image-1377\" src=\"https:\/\/digiboard.htwk-leipzig.de\/ausstellung\/wp-content\/uploads\/2018\/05\/Abb.-63-189x300.jpg\" alt=\"\" width=\"300\" height=\"477\" srcset=\"https:\/\/digiboard.htwk-leipzig.de\/ausstellung\/wp-content\/uploads\/2018\/05\/Abb.-63-189x300.jpg 189w, https:\/\/digiboard.htwk-leipzig.de\/ausstellung\/wp-content\/uploads\/2018\/05\/Abb.-63-768x1221.jpg 768w, https:\/\/digiboard.htwk-leipzig.de\/ausstellung\/wp-content\/uploads\/2018\/05\/Abb.-63-644x1024.jpg 644w, https:\/\/digiboard.htwk-leipzig.de\/ausstellung\/wp-content\/uploads\/2018\/05\/Abb.-63-676x1075.jpg 676w, https:\/\/digiboard.htwk-leipzig.de\/ausstellung\/wp-content\/uploads\/2018\/05\/Abb.-63.jpg 1063w\" sizes=\"(max-width: 300px) 100vw, 300px\" \/><\/a><\/p>\n<\/div>\n<\/div><\/div><\/div><div id=\"pgc-148-2-1\"  class=\"panel-grid-cell panel-grid-cell-mobile-last\" ><div id=\"panel-148-2-1-0\" class=\"so-panel widget widget_sow-editor panel-first-child panel-last-child\" data-index=\"4\" ><div class=\"so-widget-sow-editor so-widget-sow-editor-base\">\n<div class=\"siteorigin-widget-tinymce textwidget\">\n\t<div id=\"attachment_1378\" style=\"width: 310px\" class=\"wp-caption aligncenter\"><a href=\"https:\/\/digiboard.htwk-leipzig.de\/ausstellung\/wp-content\/uploads\/2018\/05\/Abb.-64.jpg\" rel=\"lightbox\"><img aria-describedby=\"caption-attachment-1378\" loading=\"lazy\" class=\"wp-image-1378\" src=\"https:\/\/digiboard.htwk-leipzig.de\/ausstellung\/wp-content\/uploads\/2018\/05\/Abb.-64-192x300.jpg\" alt=\"\" width=\"300\" height=\"469\" srcset=\"https:\/\/digiboard.htwk-leipzig.de\/ausstellung\/wp-content\/uploads\/2018\/05\/Abb.-64-192x300.jpg 192w, https:\/\/digiboard.htwk-leipzig.de\/ausstellung\/wp-content\/uploads\/2018\/05\/Abb.-64-768x1200.jpg 768w, https:\/\/digiboard.htwk-leipzig.de\/ausstellung\/wp-content\/uploads\/2018\/05\/Abb.-64-656x1024.jpg 656w, https:\/\/digiboard.htwk-leipzig.de\/ausstellung\/wp-content\/uploads\/2018\/05\/Abb.-64-676x1056.jpg 676w, https:\/\/digiboard.htwk-leipzig.de\/ausstellung\/wp-content\/uploads\/2018\/05\/Abb.-64.jpg 1082w\" sizes=\"(max-width: 300px) 100vw, 300px\" \/><\/a><p id=\"caption-attachment-1378\" class=\"wp-caption-text\"><span style=\"color: #333333;\"><strong>Dauerkarte zur Ausstellung mit Foto und Angaben \u00fcber den Besitzer von 1896\/1897<\/strong><\/span><\/p><\/div>\n<\/div>\n<\/div><\/div><\/div><div id=\"pgc-148-2-2\"  class=\"panel-grid-cell panel-grid-cell-empty\" ><\/div><\/div><div id=\"pg-148-3\"  class=\"panel-grid panel-no-style\" ><div id=\"pgc-148-3-0\"  class=\"panel-grid-cell panel-grid-cell-mobile-last\" ><div id=\"panel-148-3-0-0\" class=\"so-panel widget widget_sow-button panel-first-child panel-last-child\" data-index=\"5\" ><div class=\"so-widget-sow-button so-widget-sow-button-wire-62a05781b3d0-148\"><div class=\"ow-button-base ow-button-align-left\">\n\t<a href=\"https:\/\/digiboard.htwk-leipzig.de\/ausstellung\/vermarktung\/\" class=\"ow-icon-placement-left ow-button-hover\" \t\t>\n\t\t<span>\n\t\t\t\n\t\t\tZur\u00fcck\t\t<\/span>\n\t<\/a>\n<\/div>\n<\/div><\/div><\/div><div id=\"pgc-148-3-1\"  class=\"panel-grid-cell panel-grid-cell-empty\" ><\/div><\/div><\/div>","protected":false},"excerpt":{"rendered":"<p>Teil der Vermarktungsstrategie war ein abgestuftes System der Eintrittspreise: F\u00fcr normale Besucher kostete die Tageskarte 50 Pfennige. An besonderen Tagen, den sogenannten Elitetagen, an denen die Geb\u00e4ude und der Park zur Nacht beleuchtet waren, wurde der Eintrittspreis auf 1 Reichsmark (RM) erh\u00f6ht. F\u00fcr Kinder wurde jeweils die H\u00e4lfte des Preises verlangt. Ihnen war es aber [&hellip;]<\/p>\n","protected":false},"author":4,"featured_media":0,"parent":46,"menu_order":0,"comment_status":"closed","ping_status":"closed","template":"template-nosidebar.php","meta":[],"_links":{"self":[{"href":"https:\/\/digiboard.htwk-leipzig.de\/ausstellung\/wp-json\/wp\/v2\/pages\/148"}],"collection":[{"href":"https:\/\/digiboard.htwk-leipzig.de\/ausstellung\/wp-json\/wp\/v2\/pages"}],"about":[{"href":"https:\/\/digiboard.htwk-leipzig.de\/ausstellung\/wp-json\/wp\/v2\/types\/page"}],"author":[{"embeddable":true,"href":"https:\/\/digiboard.htwk-leipzig.de\/ausstellung\/wp-json\/wp\/v2\/users\/4"}],"replies":[{"embeddable":true,"href":"https:\/\/digiboard.htwk-leipzig.de\/ausstellung\/wp-json\/wp\/v2\/comments?post=148"}],"version-history":[{"count":44,"href":"https:\/\/digiboard.htwk-leipzig.de\/ausstellung\/wp-json\/wp\/v2\/pages\/148\/revisions"}],"predecessor-version":[{"id":2588,"href":"https:\/\/digiboard.htwk-leipzig.de\/ausstellung\/wp-json\/wp\/v2\/pages\/148\/revisions\/2588"}],"up":[{"embeddable":true,"href":"https:\/\/digiboard.htwk-leipzig.de\/ausstellung\/wp-json\/wp\/v2\/pages\/46"}],"wp:attachment":[{"href":"https:\/\/digiboard.htwk-leipzig.de\/ausstellung\/wp-json\/wp\/v2\/media?parent=148"}],"curies":[{"name":"wp","href":"https:\/\/api.w.org\/{rel}","templated":true}]}}