{"id":146,"date":"2017-12-20T18:00:54","date_gmt":"2017-12-20T17:00:54","guid":{"rendered":"https:\/\/digiboard5.htwk-leipzig.de\/ausstellung\/?page_id=146"},"modified":"2018-11-26T09:26:57","modified_gmt":"2018-11-26T08:26:57","slug":"die-beleuchtete-ausstellung","status":"publish","type":"page","link":"https:\/\/digiboard.htwk-leipzig.de\/ausstellung\/unterhaltung\/attraktionen\/die-beleuchtete-ausstellung\/","title":{"rendered":"Beleuchtete Ausstellung"},"content":{"rendered":"<div id=\"pl-146\"  class=\"panel-layout\" ><div id=\"pg-146-0\"  class=\"panel-grid panel-no-style\" ><div id=\"pgc-146-0-0\"  class=\"panel-grid-cell\" ><div id=\"panel-146-0-0-0\" class=\"so-panel widget widget_bcn_widget widget_breadcrumb_navxt panel-first-child panel-last-child\" data-index=\"0\" ><div class=\"panel-widget-style panel-widget-style-for-146-0-0-0\" ><div class=\"breadcrumbs\" vocab=\"https:\/\/schema.org\/\" typeof=\"BreadcrumbList\"><!-- Breadcrumb NavXT 7.0.2 -->\n<\/div><\/div><\/div><\/div><\/div><div id=\"pg-146-1\"  class=\"panel-grid panel-no-style\" ><div id=\"pgc-146-1-0\"  class=\"panel-grid-cell\" ><div id=\"panel-146-1-0-0\" class=\"so-panel widget widget_sow-editor panel-first-child panel-last-child\" data-index=\"1\" ><div class=\"so-widget-sow-editor so-widget-sow-editor-base\">\n<div class=\"siteorigin-widget-tinymce textwidget\">\n\t<p>Elektrische Maschinen gab es bereits um 1850, doch erst Ende des 19. Jahrhunderts wurde Elektrizit\u00e4t f\u00fcr infrastrukturelle Versorgung eingesetzt. Umso au\u00dfergew\u00f6hnlicher und fortschrittlicher, dass durch die Firma Schuckert &amp; Co. das gesamte Gel\u00e4nde der STIGA elektrisch versorgt wurde.<\/p>\n<p>Besonders spektakul\u00e4r waren die beleuchteten N\u00e4chte. Bei Eintritt der Dunkelheit sorgten 50.000 Lampen, verteilt im Park und den einzelnen Geb\u00e4uden, f\u00fcr stimmungsvolle Illumination. Dieses Spektakel fand immer an den Montagen, den sogenannten Elitetagen, statt. Dabei gab es in der Mitte des gro\u00dfen Teiches eine bis zu vierzig Meter hohe Wasserfont\u00e4ne, die an diesen besonderen Tagen in bunten Farben leuchtete.<\/p>\n<\/div>\n<\/div><\/div><\/div><div id=\"pgc-146-1-1\"  class=\"panel-grid-cell\" ><div id=\"panel-146-1-1-0\" class=\"so-panel widget widget_sow-editor panel-first-child panel-last-child\" data-index=\"2\" ><div class=\"so-widget-sow-editor so-widget-sow-editor-base\">\n<div class=\"siteorigin-widget-tinymce textwidget\">\n\t<div id=\"attachment_1337\" style=\"width: 310px\" class=\"wp-caption aligncenter\"><a href=\"https:\/\/digiboard.htwk-leipzig.de\/ausstellung\/wp-content\/uploads\/2018\/05\/Abb.-62-e1542896052665.png\" rel=\"lightbox\"><img aria-describedby=\"caption-attachment-1337\" loading=\"lazy\" class=\"wp-image-1337 size-medium\" src=\"https:\/\/digiboard.htwk-leipzig.de\/ausstellung\/wp-content\/uploads\/2018\/05\/Abb.-62-e1542896052665-300x195.png\" alt=\"\" width=\"300\" height=\"195\" srcset=\"https:\/\/digiboard.htwk-leipzig.de\/ausstellung\/wp-content\/uploads\/2018\/05\/Abb.-62-e1542896052665-300x195.png 300w, https:\/\/digiboard.htwk-leipzig.de\/ausstellung\/wp-content\/uploads\/2018\/05\/Abb.-62-e1542896052665-676x439.png 676w, https:\/\/digiboard.htwk-leipzig.de\/ausstellung\/wp-content\/uploads\/2018\/05\/Abb.-62-e1542896052665.png 695w\" sizes=\"(max-width: 300px) 100vw, 300px\" \/><\/a><p id=\"caption-attachment-1337\" class=\"wp-caption-text\"><span style=\"color: #333333;\"><strong>Ansicht der STIGA mit beleuchteten Geb\u00e4uden<\/strong><\/span><br \/><em>Fotografie von 1897<\/em><\/p><\/div>\n<div id=\"attachment_1372\" style=\"width: 310px\" class=\"wp-caption aligncenter\"><a href=\"https:\/\/digiboard.htwk-leipzig.de\/ausstellung\/wp-content\/uploads\/2018\/05\/Abb.-61-2.jpg\" rel=\"lightbox\"><img aria-describedby=\"caption-attachment-1372\" loading=\"lazy\" class=\"wp-image-1372 size-medium\" src=\"https:\/\/digiboard.htwk-leipzig.de\/ausstellung\/wp-content\/uploads\/2018\/05\/Abb.-61-2-300x195.jpg\" alt=\"\" width=\"300\" height=\"195\" srcset=\"https:\/\/digiboard.htwk-leipzig.de\/ausstellung\/wp-content\/uploads\/2018\/05\/Abb.-61-2-300x195.jpg 300w, https:\/\/digiboard.htwk-leipzig.de\/ausstellung\/wp-content\/uploads\/2018\/05\/Abb.-61-2-768x500.jpg 768w, https:\/\/digiboard.htwk-leipzig.de\/ausstellung\/wp-content\/uploads\/2018\/05\/Abb.-61-2-1024x667.jpg 1024w, https:\/\/digiboard.htwk-leipzig.de\/ausstellung\/wp-content\/uploads\/2018\/05\/Abb.-61-2-676x440.jpg 676w\" sizes=\"(max-width: 300px) 100vw, 300px\" \/><\/a><p id=\"caption-attachment-1372\" class=\"wp-caption-text\"><span style=\"color: #333333;\"><strong>Ansichtskarte mit der Lichtfont\u00e4ne im gro\u00dfen Teich<\/strong><\/span><br \/><em>Farblithographie von 1897<\/em><\/p><\/div>\n<\/div>\n<\/div><\/div><\/div><\/div><div id=\"pg-146-2\"  class=\"panel-grid panel-no-style\" ><div id=\"pgc-146-2-0\"  class=\"panel-grid-cell panel-grid-cell-mobile-last\" ><div id=\"panel-146-2-0-0\" class=\"so-panel widget widget_sow-button panel-first-child panel-last-child\" data-index=\"3\" ><div class=\"so-widget-sow-button so-widget-sow-button-wire-62a05781b3d0-146\"><div class=\"ow-button-base ow-button-align-left\">\n\t<a href=\"https:\/\/digiboard.htwk-leipzig.de\/ausstellung\/unterhaltung\/attraktionen\/\" class=\"ow-icon-placement-left ow-button-hover\" \t\t>\n\t\t<span>\n\t\t\t\n\t\t\tZur\u00fcck\t\t<\/span>\n\t<\/a>\n<\/div>\n<\/div><\/div><\/div><div id=\"pgc-146-2-1\"  class=\"panel-grid-cell panel-grid-cell-empty\" ><\/div><\/div><\/div>","protected":false},"excerpt":{"rendered":"<p>Elektrische Maschinen gab es bereits um 1850, doch erst Ende des 19. Jahrhunderts wurde Elektrizit\u00e4t f\u00fcr infrastrukturelle Versorgung eingesetzt. Umso au\u00dfergew\u00f6hnlicher und fortschrittlicher, dass durch die Firma Schuckert &amp; Co. das gesamte Gel\u00e4nde der STIGA elektrisch versorgt wurde. Besonders spektakul\u00e4r waren die beleuchteten N\u00e4chte. Bei Eintritt der Dunkelheit sorgten 50.000 Lampen, verteilt im Park und [&hellip;]<\/p>\n","protected":false},"author":4,"featured_media":0,"parent":129,"menu_order":5,"comment_status":"closed","ping_status":"closed","template":"template-nosidebar.php","meta":[],"_links":{"self":[{"href":"https:\/\/digiboard.htwk-leipzig.de\/ausstellung\/wp-json\/wp\/v2\/pages\/146"}],"collection":[{"href":"https:\/\/digiboard.htwk-leipzig.de\/ausstellung\/wp-json\/wp\/v2\/pages"}],"about":[{"href":"https:\/\/digiboard.htwk-leipzig.de\/ausstellung\/wp-json\/wp\/v2\/types\/page"}],"author":[{"embeddable":true,"href":"https:\/\/digiboard.htwk-leipzig.de\/ausstellung\/wp-json\/wp\/v2\/users\/4"}],"replies":[{"embeddable":true,"href":"https:\/\/digiboard.htwk-leipzig.de\/ausstellung\/wp-json\/wp\/v2\/comments?post=146"}],"version-history":[{"count":35,"href":"https:\/\/digiboard.htwk-leipzig.de\/ausstellung\/wp-json\/wp\/v2\/pages\/146\/revisions"}],"predecessor-version":[{"id":2570,"href":"https:\/\/digiboard.htwk-leipzig.de\/ausstellung\/wp-json\/wp\/v2\/pages\/146\/revisions\/2570"}],"up":[{"embeddable":true,"href":"https:\/\/digiboard.htwk-leipzig.de\/ausstellung\/wp-json\/wp\/v2\/pages\/129"}],"wp:attachment":[{"href":"https:\/\/digiboard.htwk-leipzig.de\/ausstellung\/wp-json\/wp\/v2\/media?parent=146"}],"curies":[{"name":"wp","href":"https:\/\/api.w.org\/{rel}","templated":true}]}}