{"id":144,"date":"2017-12-20T18:00:22","date_gmt":"2017-12-20T17:00:22","guid":{"rendered":"https:\/\/digiboard5.htwk-leipzig.de\/ausstellung\/?page_id=144"},"modified":"2018-11-26T09:25:48","modified_gmt":"2018-11-26T08:25:48","slug":"vergnuegungsviertel","status":"publish","type":"page","link":"https:\/\/digiboard.htwk-leipzig.de\/ausstellung\/unterhaltung\/attraktionen\/vergnuegungsviertel\/","title":{"rendered":"Vergn\u00fcgungsviertel"},"content":{"rendered":"<div id=\"pl-144\"  class=\"panel-layout\" ><div id=\"pg-144-0\"  class=\"panel-grid panel-no-style\" ><div id=\"pgc-144-0-0\"  class=\"panel-grid-cell\" ><div id=\"panel-144-0-0-0\" class=\"so-panel widget widget_bcn_widget widget_breadcrumb_navxt panel-first-child panel-last-child\" data-index=\"0\" ><div class=\"panel-widget-style panel-widget-style-for-144-0-0-0\" ><div class=\"breadcrumbs\" vocab=\"https:\/\/schema.org\/\" typeof=\"BreadcrumbList\"><!-- Breadcrumb NavXT 7.0.2 -->\n<\/div><\/div><\/div><\/div><\/div><div id=\"pg-144-1\"  class=\"panel-grid panel-no-style\" ><div id=\"pgc-144-1-0\"  class=\"panel-grid-cell\" ><div id=\"panel-144-1-0-0\" class=\"so-panel widget widget_sow-editor panel-first-child panel-last-child\" data-index=\"1\" ><div class=\"so-widget-sow-editor so-widget-sow-editor-base\">\n<div class=\"siteorigin-widget-tinymce textwidget\">\n\t<p>Unverzichtbarer Bestandteil aller gr\u00f6\u00dferen Industrie- und Gewerbeausstellungen waren die Vergn\u00fcgungsviertel, die mit immer neuen Attraktionen lockten. So auch in Leipzig: Eine Wasserrutschbahn konnte am Elsterflutbett getestet, mit einer Fahrt in der \u201eblauen Kugel\u201c der Himmelsraum erobert werden. Im \u201eelektrischen Welttheater\u201c erlebten die Besucher mittels lebensgro\u00dfer Bilder einen Tag in der Schweiz oder anderen fernen L\u00e4ndern. Das Eismeer-Panorama bot Einblicke in die damals noch unerforschten Regionen des arktischen Meeres.<\/p>\n<p>Besonderes Highlight war ein dampfbetriebener Fesselballon. Bis zu 15 Personen konnten 500 Meter hoch aufsteigen. Inklusive waren dabei aber auch ein reich gef\u00fclltes Buffet und eine Fotoerinnerung. Wie au\u00dferordentlich dieses Vergn\u00fcgen damals war, l\u00e4sst sich heute kaum noch ermessen. 11.000 Passagiere haben auf jeden Fall die Chance zum H\u00f6henflug wahrgenommen, obschon die Kosten erheblich waren: Die Auffahrt kostete 5 Reichsmark (RM) f\u00fcr die Erwachsenen, 2,50 RM f\u00fcr die Kinder. Dazu sei (nicht nur am Rande) erw\u00e4hnt: Alle Attraktionen mussten extra bezahlt werden!<\/p>\n<\/div>\n<\/div><\/div><\/div><div id=\"pgc-144-1-1\"  class=\"panel-grid-cell\" ><div id=\"panel-144-1-1-0\" class=\"so-panel widget widget_sow-editor panel-first-child panel-last-child\" data-index=\"2\" ><div class=\"so-widget-sow-editor so-widget-sow-editor-base\">\n<div class=\"siteorigin-widget-tinymce textwidget\">\n\t<div id=\"attachment_1317\" style=\"width: 310px\" class=\"wp-caption aligncenter\"><a href=\"https:\/\/digiboard.htwk-leipzig.de\/ausstellung\/wp-content\/uploads\/2018\/05\/Abb.-59.jpg\" rel=\"lightbox\"><img aria-describedby=\"caption-attachment-1317\" loading=\"lazy\" class=\"wp-image-1317\" src=\"https:\/\/digiboard.htwk-leipzig.de\/ausstellung\/wp-content\/uploads\/2018\/05\/Abb.-59-195x300.jpg\" alt=\"\" width=\"300\" height=\"461\" srcset=\"https:\/\/digiboard.htwk-leipzig.de\/ausstellung\/wp-content\/uploads\/2018\/05\/Abb.-59-195x300.jpg 195w, https:\/\/digiboard.htwk-leipzig.de\/ausstellung\/wp-content\/uploads\/2018\/05\/Abb.-59-768x1180.jpg 768w, https:\/\/digiboard.htwk-leipzig.de\/ausstellung\/wp-content\/uploads\/2018\/05\/Abb.-59-667x1024.jpg 667w, https:\/\/digiboard.htwk-leipzig.de\/ausstellung\/wp-content\/uploads\/2018\/05\/Abb.-59-676x1038.jpg 676w, https:\/\/digiboard.htwk-leipzig.de\/ausstellung\/wp-content\/uploads\/2018\/05\/Abb.-59.jpg 1069w\" sizes=\"(max-width: 300px) 100vw, 300px\" \/><\/a><p id=\"caption-attachment-1317\" class=\"wp-caption-text\"><span style=\"color: #333333;\"><strong>Ansichtskarte mit Fesselballon im Vergn\u00fcgungsviertel<\/strong><\/span><br \/><em>Chromolithographie um 1897<\/em><\/p><\/div>\n<\/div>\n<\/div><\/div><\/div><\/div><div id=\"pg-144-2\"  class=\"panel-grid panel-no-style\" ><div id=\"pgc-144-2-0\"  class=\"panel-grid-cell\" ><div id=\"panel-144-2-0-0\" class=\"so-panel widget widget_sow-editor panel-first-child panel-last-child\" data-index=\"3\" ><div class=\"so-widget-sow-editor so-widget-sow-editor-base\">\n<div class=\"siteorigin-widget-tinymce textwidget\">\n\t<div id=\"attachment_1316\" style=\"width: 310px\" class=\"wp-caption aligncenter\"><a href=\"https:\/\/digiboard.htwk-leipzig.de\/ausstellung\/wp-content\/uploads\/2018\/05\/Abb.-58-e1542895768653.png\" rel=\"lightbox\"><img aria-describedby=\"caption-attachment-1316\" loading=\"lazy\" class=\"wp-image-1316 size-medium\" src=\"https:\/\/digiboard.htwk-leipzig.de\/ausstellung\/wp-content\/uploads\/2018\/05\/Abb.-58-e1542895768653-300x193.png\" alt=\"\" width=\"300\" height=\"193\" srcset=\"https:\/\/digiboard.htwk-leipzig.de\/ausstellung\/wp-content\/uploads\/2018\/05\/Abb.-58-e1542895768653-300x193.png 300w, https:\/\/digiboard.htwk-leipzig.de\/ausstellung\/wp-content\/uploads\/2018\/05\/Abb.-58-e1542895768653-676x434.png 676w, https:\/\/digiboard.htwk-leipzig.de\/ausstellung\/wp-content\/uploads\/2018\/05\/Abb.-58-e1542895768653.png 677w\" sizes=\"(max-width: 300px) 100vw, 300px\" \/><\/a><p id=\"caption-attachment-1316\" class=\"wp-caption-text\"><span style=\"color: #333333;\"><strong>Ansicht des Vergn\u00fcgungsviertels<\/strong><\/span><br \/><em>Fotografie von 1897<\/em><\/p><\/div>\n<\/div>\n<\/div><\/div><\/div><div id=\"pgc-144-2-1\"  class=\"panel-grid-cell panel-grid-cell-mobile-last\" ><div id=\"panel-144-2-1-0\" class=\"so-panel widget widget_sow-editor panel-first-child panel-last-child\" data-index=\"4\" ><div class=\"so-widget-sow-editor so-widget-sow-editor-base\">\n<div class=\"siteorigin-widget-tinymce textwidget\">\n\t<div id=\"attachment_1319\" style=\"width: 310px\" class=\"wp-caption aligncenter\"><a href=\"https:\/\/digiboard.htwk-leipzig.de\/ausstellung\/wp-content\/uploads\/2018\/05\/Abb.-60.jpg\" rel=\"lightbox\"><img aria-describedby=\"caption-attachment-1319\" loading=\"lazy\" class=\"wp-image-1319 size-medium\" src=\"https:\/\/digiboard.htwk-leipzig.de\/ausstellung\/wp-content\/uploads\/2018\/05\/Abb.-60-300x195.jpg\" alt=\"\" width=\"300\" height=\"195\" srcset=\"https:\/\/digiboard.htwk-leipzig.de\/ausstellung\/wp-content\/uploads\/2018\/05\/Abb.-60-300x195.jpg 300w, https:\/\/digiboard.htwk-leipzig.de\/ausstellung\/wp-content\/uploads\/2018\/05\/Abb.-60-768x500.jpg 768w, https:\/\/digiboard.htwk-leipzig.de\/ausstellung\/wp-content\/uploads\/2018\/05\/Abb.-60-1024x667.jpg 1024w, https:\/\/digiboard.htwk-leipzig.de\/ausstellung\/wp-content\/uploads\/2018\/05\/Abb.-60-676x440.jpg 676w, https:\/\/digiboard.htwk-leipzig.de\/ausstellung\/wp-content\/uploads\/2018\/05\/Abb.-60.jpg 1642w\" sizes=\"(max-width: 300px) 100vw, 300px\" \/><\/a><p id=\"caption-attachment-1319\" class=\"wp-caption-text\"><span style=\"color: #333333;\"><strong>Ansichtskarte mit Wasserbahn im Vergn\u00fcgungsviertel<\/strong><\/span><br \/><em>Chromolithographie um 1897<\/em><\/p><\/div>\n<\/div>\n<\/div><\/div><\/div><div id=\"pgc-144-2-2\"  class=\"panel-grid-cell panel-grid-cell-empty\" ><\/div><\/div><div id=\"pg-144-3\"  class=\"panel-grid panel-no-style\" ><div id=\"pgc-144-3-0\"  class=\"panel-grid-cell panel-grid-cell-mobile-last\" ><div id=\"panel-144-3-0-0\" class=\"so-panel widget widget_sow-button panel-first-child panel-last-child\" data-index=\"5\" ><div class=\"so-widget-sow-button so-widget-sow-button-wire-62a05781b3d0-144\"><div class=\"ow-button-base ow-button-align-left\">\n\t<a href=\"https:\/\/digiboard.htwk-leipzig.de\/ausstellung\/unterhaltung\/attraktionen\/\" class=\"ow-icon-placement-left ow-button-hover\" \t\t>\n\t\t<span>\n\t\t\t\n\t\t\tZur\u00fcck\t\t<\/span>\n\t<\/a>\n<\/div>\n<\/div><\/div><\/div><div id=\"pgc-144-3-1\"  class=\"panel-grid-cell panel-grid-cell-empty\" ><\/div><\/div><\/div>","protected":false},"excerpt":{"rendered":"<p>Unverzichtbarer Bestandteil aller gr\u00f6\u00dferen Industrie- und Gewerbeausstellungen waren die Vergn\u00fcgungsviertel, die mit immer neuen Attraktionen lockten. So auch in Leipzig: Eine Wasserrutschbahn konnte am Elsterflutbett getestet, mit einer Fahrt in der \u201eblauen Kugel\u201c der Himmelsraum erobert werden. Im \u201eelektrischen Welttheater\u201c erlebten die Besucher mittels lebensgro\u00dfer Bilder einen Tag in der Schweiz oder anderen fernen L\u00e4ndern. [&hellip;]<\/p>\n","protected":false},"author":4,"featured_media":0,"parent":129,"menu_order":4,"comment_status":"closed","ping_status":"closed","template":"template-nosidebar.php","meta":[],"_links":{"self":[{"href":"https:\/\/digiboard.htwk-leipzig.de\/ausstellung\/wp-json\/wp\/v2\/pages\/144"}],"collection":[{"href":"https:\/\/digiboard.htwk-leipzig.de\/ausstellung\/wp-json\/wp\/v2\/pages"}],"about":[{"href":"https:\/\/digiboard.htwk-leipzig.de\/ausstellung\/wp-json\/wp\/v2\/types\/page"}],"author":[{"embeddable":true,"href":"https:\/\/digiboard.htwk-leipzig.de\/ausstellung\/wp-json\/wp\/v2\/users\/4"}],"replies":[{"embeddable":true,"href":"https:\/\/digiboard.htwk-leipzig.de\/ausstellung\/wp-json\/wp\/v2\/comments?post=144"}],"version-history":[{"count":34,"href":"https:\/\/digiboard.htwk-leipzig.de\/ausstellung\/wp-json\/wp\/v2\/pages\/144\/revisions"}],"predecessor-version":[{"id":2568,"href":"https:\/\/digiboard.htwk-leipzig.de\/ausstellung\/wp-json\/wp\/v2\/pages\/144\/revisions\/2568"}],"up":[{"embeddable":true,"href":"https:\/\/digiboard.htwk-leipzig.de\/ausstellung\/wp-json\/wp\/v2\/pages\/129"}],"wp:attachment":[{"href":"https:\/\/digiboard.htwk-leipzig.de\/ausstellung\/wp-json\/wp\/v2\/media?parent=144"}],"curies":[{"name":"wp","href":"https:\/\/api.w.org\/{rel}","templated":true}]}}