{"id":142,"date":"2017-12-20T18:00:00","date_gmt":"2017-12-20T17:00:00","guid":{"rendered":"https:\/\/digiboard5.htwk-leipzig.de\/ausstellung\/?page_id=142"},"modified":"2018-11-26T09:24:33","modified_gmt":"2018-11-26T08:24:33","slug":"variete-theater-des-leipziger-krystallpalastes","status":"publish","type":"page","link":"https:\/\/digiboard.htwk-leipzig.de\/ausstellung\/unterhaltung\/attraktionen\/variete-theater-des-leipziger-krystallpalastes\/","title":{"rendered":"Variet\u00e9-Theater"},"content":{"rendered":"<div id=\"pl-142\"  class=\"panel-layout\" ><div id=\"pg-142-0\"  class=\"panel-grid panel-no-style\" ><div id=\"pgc-142-0-0\"  class=\"panel-grid-cell\" ><div id=\"panel-142-0-0-0\" class=\"so-panel widget widget_bcn_widget widget_breadcrumb_navxt panel-first-child panel-last-child\" data-index=\"0\" ><div class=\"panel-widget-style panel-widget-style-for-142-0-0-0\" ><div class=\"breadcrumbs\" vocab=\"https:\/\/schema.org\/\" typeof=\"BreadcrumbList\"><!-- Breadcrumb NavXT 7.0.2 -->\n<\/div><\/div><\/div><\/div><\/div><div id=\"pg-142-1\"  class=\"panel-grid panel-no-style\" ><div id=\"pgc-142-1-0\"  class=\"panel-grid-cell\" ><div id=\"panel-142-1-0-0\" class=\"so-panel widget widget_sow-editor panel-first-child panel-last-child\" data-index=\"1\" ><div class=\"so-widget-sow-editor so-widget-sow-editor-base\">\n<div class=\"siteorigin-widget-tinymce textwidget\">\n\t<p>Die t\u00e4glichen Auff\u00fchrungen im Variet\u00e9-Theater wurden vom \u201eKrystallpalast Leipzig\u201c bestritten, der im Zentrum Leipzigs lag und um 1900 als gr\u00f6\u00dfte Vergn\u00fcgungsst\u00e4tte Deutschlands galt. Seine Akteure boten Akrobatik und Ballett, Pantomime und Dressur \u2013 bis hin zum Gesang zeigten sie eine Vielzahl ihrer K\u00fcnste.<\/p>\n<p>Die Vorf\u00fchrungen fanden t\u00e4glich abends sowie zus\u00e4tzlich mittwochs und an Sonn- und Feiertagen nachmittags statt. Der Theaterbau bot etwa 1.200 Sitzpl\u00e4tze, f\u00fcr die je nach Kategorie ein Eintrittspreis zwischen 50 Pfenning und 2 Reichsmark erhoben wurde.<\/p>\n<\/div>\n<\/div><\/div><\/div><div id=\"pgc-142-1-1\"  class=\"panel-grid-cell\" ><div id=\"panel-142-1-1-0\" class=\"so-panel widget widget_sow-editor panel-first-child panel-last-child\" data-index=\"2\" ><div class=\"so-widget-sow-editor so-widget-sow-editor-base\">\n<div class=\"siteorigin-widget-tinymce textwidget\">\n\t<div id=\"attachment_1311\" style=\"width: 310px\" class=\"wp-caption aligncenter\"><a href=\"https:\/\/digiboard.htwk-leipzig.de\/ausstellung\/wp-content\/uploads\/2018\/05\/Abb.-57-e1542895898438.jpg\" rel=\"lightbox\"><img aria-describedby=\"caption-attachment-1311\" loading=\"lazy\" class=\"wp-image-1311 size-medium\" src=\"https:\/\/digiboard.htwk-leipzig.de\/ausstellung\/wp-content\/uploads\/2018\/05\/Abb.-57-e1542895898438-300x217.jpg\" alt=\"\" width=\"300\" height=\"217\" srcset=\"https:\/\/digiboard.htwk-leipzig.de\/ausstellung\/wp-content\/uploads\/2018\/05\/Abb.-57-e1542895898438-300x217.jpg 300w, https:\/\/digiboard.htwk-leipzig.de\/ausstellung\/wp-content\/uploads\/2018\/05\/Abb.-57-e1542895898438-768x554.jpg 768w, https:\/\/digiboard.htwk-leipzig.de\/ausstellung\/wp-content\/uploads\/2018\/05\/Abb.-57-e1542895898438-1024x739.jpg 1024w, https:\/\/digiboard.htwk-leipzig.de\/ausstellung\/wp-content\/uploads\/2018\/05\/Abb.-57-e1542895898438-676x488.jpg 676w, https:\/\/digiboard.htwk-leipzig.de\/ausstellung\/wp-content\/uploads\/2018\/05\/Abb.-57-e1542895898438.jpg 1503w\" sizes=\"(max-width: 300px) 100vw, 300px\" \/><\/a><p id=\"caption-attachment-1311\" class=\"wp-caption-text\"><span style=\"color: #333333;\"><strong>Variet\u00e9-Theater<\/strong><\/span><br \/><em>Fotografie von 1897<\/em><\/p><\/div>\n<\/div>\n<\/div><\/div><\/div><\/div><div id=\"pg-142-2\"  class=\"panel-grid panel-no-style\" ><div id=\"pgc-142-2-0\"  class=\"panel-grid-cell panel-grid-cell-mobile-last\" ><div id=\"panel-142-2-0-0\" class=\"so-panel widget widget_sow-button panel-first-child panel-last-child\" data-index=\"3\" ><div class=\"so-widget-sow-button so-widget-sow-button-wire-62a05781b3d0-142\"><div class=\"ow-button-base ow-button-align-left\">\n\t<a href=\"https:\/\/digiboard.htwk-leipzig.de\/ausstellung\/unterhaltung\/attraktionen\/\" class=\"ow-icon-placement-left ow-button-hover\" \t\t>\n\t\t<span>\n\t\t\t\n\t\t\tZur\u00fcck\t\t<\/span>\n\t<\/a>\n<\/div>\n<\/div><\/div><\/div><div id=\"pgc-142-2-1\"  class=\"panel-grid-cell panel-grid-cell-empty\" ><\/div><\/div><\/div>","protected":false},"excerpt":{"rendered":"<p>Die t\u00e4glichen Auff\u00fchrungen im Variet\u00e9-Theater wurden vom \u201eKrystallpalast Leipzig\u201c bestritten, der im Zentrum Leipzigs lag und um 1900 als gr\u00f6\u00dfte Vergn\u00fcgungsst\u00e4tte Deutschlands galt. Seine Akteure boten Akrobatik und Ballett, Pantomime und Dressur \u2013 bis hin zum Gesang zeigten sie eine Vielzahl ihrer K\u00fcnste. Die Vorf\u00fchrungen fanden t\u00e4glich abends sowie zus\u00e4tzlich mittwochs und an Sonn- und [&hellip;]<\/p>\n","protected":false},"author":4,"featured_media":0,"parent":129,"menu_order":3,"comment_status":"closed","ping_status":"closed","template":"template-nosidebar.php","meta":[],"_links":{"self":[{"href":"https:\/\/digiboard.htwk-leipzig.de\/ausstellung\/wp-json\/wp\/v2\/pages\/142"}],"collection":[{"href":"https:\/\/digiboard.htwk-leipzig.de\/ausstellung\/wp-json\/wp\/v2\/pages"}],"about":[{"href":"https:\/\/digiboard.htwk-leipzig.de\/ausstellung\/wp-json\/wp\/v2\/types\/page"}],"author":[{"embeddable":true,"href":"https:\/\/digiboard.htwk-leipzig.de\/ausstellung\/wp-json\/wp\/v2\/users\/4"}],"replies":[{"embeddable":true,"href":"https:\/\/digiboard.htwk-leipzig.de\/ausstellung\/wp-json\/wp\/v2\/comments?post=142"}],"version-history":[{"count":17,"href":"https:\/\/digiboard.htwk-leipzig.de\/ausstellung\/wp-json\/wp\/v2\/pages\/142\/revisions"}],"predecessor-version":[{"id":2566,"href":"https:\/\/digiboard.htwk-leipzig.de\/ausstellung\/wp-json\/wp\/v2\/pages\/142\/revisions\/2566"}],"up":[{"embeddable":true,"href":"https:\/\/digiboard.htwk-leipzig.de\/ausstellung\/wp-json\/wp\/v2\/pages\/129"}],"wp:attachment":[{"href":"https:\/\/digiboard.htwk-leipzig.de\/ausstellung\/wp-json\/wp\/v2\/media?parent=142"}],"curies":[{"name":"wp","href":"https:\/\/api.w.org\/{rel}","templated":true}]}}