{"id":135,"date":"2017-12-20T17:58:08","date_gmt":"2017-12-20T16:58:08","guid":{"rendered":"https:\/\/digiboard5.htwk-leipzig.de\/ausstellung\/?page_id=135"},"modified":"2018-11-26T09:21:24","modified_gmt":"2018-11-26T08:21:24","slug":"altleipziger-messviertel","status":"publish","type":"page","link":"https:\/\/digiboard.htwk-leipzig.de\/ausstellung\/unterhaltung\/attraktionen\/altleipziger-messviertel\/","title":{"rendered":"Altleipziger Messviertel"},"content":{"rendered":"<div id=\"pl-135\"  class=\"panel-layout\" ><div id=\"pg-135-0\"  class=\"panel-grid panel-no-style\" ><div id=\"pgc-135-0-0\"  class=\"panel-grid-cell\" ><div id=\"panel-135-0-0-0\" class=\"so-panel widget widget_bcn_widget widget_breadcrumb_navxt panel-first-child panel-last-child\" data-index=\"0\" ><div class=\"panel-widget-style panel-widget-style-for-135-0-0-0\" ><div class=\"breadcrumbs\" vocab=\"https:\/\/schema.org\/\" typeof=\"BreadcrumbList\"><!-- Breadcrumb NavXT 7.0.2 -->\n<\/div><\/div><\/div><\/div><\/div><div id=\"pg-135-1\"  class=\"panel-grid panel-no-style\" ><div id=\"pgc-135-1-0\"  class=\"panel-grid-cell\" ><div id=\"panel-135-1-0-0\" class=\"so-panel widget widget_sow-editor panel-first-child panel-last-child\" data-index=\"1\" ><div class=\"so-widget-sow-editor so-widget-sow-editor-base\">\n<div class=\"siteorigin-widget-tinymce textwidget\">\n\t<p>Gleich neben dem Eingangstor der Ausstellung befand sich das \u201eAltleipziger Messviertel\u201c. Es sollte an den Aufschwung und die Bl\u00fcte der alten Handelsstadt erinnern und war zugleich gedacht als Reminiszenz an die aufstrebende Industriestadt des sp\u00e4ten 19. Jahrhunderts.<\/p>\n<p>Zwischen schmalen Fachwerkh\u00e4usern zeigten sich Auerbachs Hof und Naschmarkt. Ein \u201egetreues\u201c Abbild des \u201ealtgotischen\u201c Rathauses beherbergte Wappen alter Patrizierfamilien und andere Leipziger Altert\u00fcmer sowie ein Reliefbild der Stadt zu Zeiten der \u201eV\u00f6lkerschlacht\u201c und Erinnerungen an die Reichseinigungskriege. Auch ein Standbild Kaiser Maximilians I., der Leipzig 1497 das Messeprivileg verliehen hatte, war auf dem Gel\u00e4nde zu finden.<\/p>\n<p>Zur Belebung des Viertels wurden im Stundentakt Burlesken vorgef\u00fchrt. Wie im Mittelalter \u00fcblich, wurden dabei Frauen von m\u00e4nnlichen Schauspielern dargestellt. 903 Auff\u00fchrungen gab es in den sechs Monaten zu sehen. Allerdings nicht umsonst: f\u00fcr 10 Pfennige durfte man diesen Teil der Ausstellung besichtigen.<\/p>\n<p><strong>Architekt:<\/strong> Heinrich Tscharmann<\/p>\n<\/div>\n<\/div><\/div><\/div><div id=\"pgc-135-1-1\"  class=\"panel-grid-cell\" ><div id=\"panel-135-1-1-0\" class=\"so-panel widget widget_sow-editor panel-first-child panel-last-child\" data-index=\"2\" ><div class=\"so-widget-sow-editor so-widget-sow-editor-base\">\n<div class=\"siteorigin-widget-tinymce textwidget\">\n\t<p><a href=\"https:\/\/digiboard.htwk-leipzig.de\/ausstellung\/wp-content\/uploads\/2018\/05\/Abb.-49.png\" rel=\"lightbox\"><img loading=\"lazy\" class=\"aligncenter wp-image-1268 size-medium\" src=\"https:\/\/digiboard.htwk-leipzig.de\/ausstellung\/wp-content\/uploads\/2018\/05\/Abb.-49-300x203.png\" alt=\"\" width=\"300\" height=\"203\" srcset=\"https:\/\/digiboard.htwk-leipzig.de\/ausstellung\/wp-content\/uploads\/2018\/05\/Abb.-49-300x203.png 300w, https:\/\/digiboard.htwk-leipzig.de\/ausstellung\/wp-content\/uploads\/2018\/05\/Abb.-49-676x457.png 676w, https:\/\/digiboard.htwk-leipzig.de\/ausstellung\/wp-content\/uploads\/2018\/05\/Abb.-49.png 680w\" sizes=\"(max-width: 300px) 100vw, 300px\" \/><\/a><\/p>\n<p><a href=\"https:\/\/digiboard.htwk-leipzig.de\/ausstellung\/wp-content\/uploads\/2018\/05\/Abb.-48-e1542892881193.png\" rel=\"lightbox\"><img loading=\"lazy\" class=\"aligncenter wp-image-1267 size-medium\" src=\"https:\/\/digiboard.htwk-leipzig.de\/ausstellung\/wp-content\/uploads\/2018\/05\/Abb.-48-e1542892881193-300x223.png\" alt=\"\" width=\"300\" height=\"223\" srcset=\"https:\/\/digiboard.htwk-leipzig.de\/ausstellung\/wp-content\/uploads\/2018\/05\/Abb.-48-e1542892881193-300x223.png 300w, https:\/\/digiboard.htwk-leipzig.de\/ausstellung\/wp-content\/uploads\/2018\/05\/Abb.-48-e1542892881193.png 640w\" sizes=\"(max-width: 300px) 100vw, 300px\" \/><\/a><\/p>\n<div id=\"attachment_1269\" style=\"width: 310px\" class=\"wp-caption aligncenter\"><a href=\"https:\/\/digiboard.htwk-leipzig.de\/ausstellung\/wp-content\/uploads\/2018\/05\/Abb.-50.png\" rel=\"lightbox\"><img aria-describedby=\"caption-attachment-1269\" loading=\"lazy\" class=\"wp-image-1269 size-medium\" src=\"https:\/\/digiboard.htwk-leipzig.de\/ausstellung\/wp-content\/uploads\/2018\/05\/Abb.-50-300x218.png\" alt=\"\" width=\"300\" height=\"218\" srcset=\"https:\/\/digiboard.htwk-leipzig.de\/ausstellung\/wp-content\/uploads\/2018\/05\/Abb.-50-300x218.png 300w, https:\/\/digiboard.htwk-leipzig.de\/ausstellung\/wp-content\/uploads\/2018\/05\/Abb.-50.png 644w\" sizes=\"(max-width: 300px) 100vw, 300px\" \/><\/a><p id=\"caption-attachment-1269\" class=\"wp-caption-text\"><span style=\"color: #333333;\"><strong>Altgotisches Rathaus, Auerbachshof und Naschmarkt im Altleipziger Messviertel<\/strong><\/span><br \/><em>Fotografien von 1897<\/em><\/p><\/div>\n<\/div>\n<\/div><\/div><\/div><\/div><div id=\"pg-135-2\"  class=\"panel-grid panel-no-style\" ><div id=\"pgc-135-2-0\"  class=\"panel-grid-cell panel-grid-cell-mobile-last\" ><div id=\"panel-135-2-0-0\" class=\"so-panel widget widget_sow-button panel-first-child panel-last-child\" data-index=\"3\" ><div class=\"so-widget-sow-button so-widget-sow-button-wire-62a05781b3d0-135\"><div class=\"ow-button-base ow-button-align-left\">\n\t<a href=\"https:\/\/digiboard.htwk-leipzig.de\/ausstellung\/unterhaltung\/attraktionen\/\" class=\"ow-icon-placement-left ow-button-hover\" \t\t>\n\t\t<span>\n\t\t\t\n\t\t\tZur\u00fcck\t\t<\/span>\n\t<\/a>\n<\/div>\n<\/div><\/div><\/div><div id=\"pgc-135-2-1\"  class=\"panel-grid-cell panel-grid-cell-empty\" ><\/div><\/div><\/div>","protected":false},"excerpt":{"rendered":"<p>Gleich neben dem Eingangstor der Ausstellung befand sich das \u201eAltleipziger Messviertel\u201c. Es sollte an den Aufschwung und die Bl\u00fcte der alten Handelsstadt erinnern und war zugleich gedacht als Reminiszenz an die aufstrebende Industriestadt des sp\u00e4ten 19. Jahrhunderts. Zwischen schmalen Fachwerkh\u00e4usern zeigten sich Auerbachs Hof und Naschmarkt. Ein \u201egetreues\u201c Abbild des \u201ealtgotischen\u201c Rathauses beherbergte Wappen alter [&hellip;]<\/p>\n","protected":false},"author":4,"featured_media":0,"parent":129,"menu_order":0,"comment_status":"closed","ping_status":"closed","template":"template-nosidebar.php","meta":[],"_links":{"self":[{"href":"https:\/\/digiboard.htwk-leipzig.de\/ausstellung\/wp-json\/wp\/v2\/pages\/135"}],"collection":[{"href":"https:\/\/digiboard.htwk-leipzig.de\/ausstellung\/wp-json\/wp\/v2\/pages"}],"about":[{"href":"https:\/\/digiboard.htwk-leipzig.de\/ausstellung\/wp-json\/wp\/v2\/types\/page"}],"author":[{"embeddable":true,"href":"https:\/\/digiboard.htwk-leipzig.de\/ausstellung\/wp-json\/wp\/v2\/users\/4"}],"replies":[{"embeddable":true,"href":"https:\/\/digiboard.htwk-leipzig.de\/ausstellung\/wp-json\/wp\/v2\/comments?post=135"}],"version-history":[{"count":25,"href":"https:\/\/digiboard.htwk-leipzig.de\/ausstellung\/wp-json\/wp\/v2\/pages\/135\/revisions"}],"predecessor-version":[{"id":2560,"href":"https:\/\/digiboard.htwk-leipzig.de\/ausstellung\/wp-json\/wp\/v2\/pages\/135\/revisions\/2560"}],"up":[{"embeddable":true,"href":"https:\/\/digiboard.htwk-leipzig.de\/ausstellung\/wp-json\/wp\/v2\/pages\/129"}],"wp:attachment":[{"href":"https:\/\/digiboard.htwk-leipzig.de\/ausstellung\/wp-json\/wp\/v2\/media?parent=135"}],"curies":[{"name":"wp","href":"https:\/\/api.w.org\/{rel}","templated":true}]}}