{"id":131,"date":"2017-12-20T17:52:00","date_gmt":"2017-12-20T16:52:00","guid":{"rendered":"https:\/\/digiboard5.htwk-leipzig.de\/ausstellung\/?page_id=131"},"modified":"2018-11-26T09:31:00","modified_gmt":"2018-11-26T08:31:00","slug":"gartenbauausstellung","status":"publish","type":"page","link":"https:\/\/digiboard.htwk-leipzig.de\/ausstellung\/unterhaltung\/gartenbauausstellung\/","title":{"rendered":"Gartenbauausstellung"},"content":{"rendered":"<div id=\"pl-131\"  class=\"panel-layout\" ><div id=\"pg-131-0\"  class=\"panel-grid panel-no-style\" ><div id=\"pgc-131-0-0\"  class=\"panel-grid-cell\" ><div id=\"panel-131-0-0-0\" class=\"so-panel widget widget_bcn_widget widget_breadcrumb_navxt panel-first-child panel-last-child\" data-index=\"0\" ><div class=\"panel-widget-style panel-widget-style-for-131-0-0-0\" ><div class=\"breadcrumbs\" vocab=\"https:\/\/schema.org\/\" typeof=\"BreadcrumbList\"><!-- Breadcrumb NavXT 7.0.2 -->\n<\/div><\/div><\/div><\/div><\/div><div id=\"pg-131-1\"  class=\"panel-grid panel-no-style\" ><div id=\"pgc-131-1-0\"  class=\"panel-grid-cell\" ><div id=\"panel-131-1-0-0\" class=\"so-panel widget widget_sow-editor panel-first-child panel-last-child\" data-index=\"1\" ><div class=\"so-widget-sow-editor so-widget-sow-editor-base\">\n<div class=\"siteorigin-widget-tinymce textwidget\">\n\t<p>Bei der STIGA spielte Gartenbau eine wichtige Rolle. Sowohl im Freien als auch in einer eigenen Halle wurde diese Kunst vor Augen gef\u00fchrt. Drei gro\u00dfe Gartenbau-Ausstellungen fanden dort \u2013 entsprechend der Jahreszeiten Fr\u00fchjahr, Sommer und Herbst \u2013 statt. F\u00fcr hervorragende g\u00e4rtnerische Leistungen wurden zahlreiche Medaillen und Preise an die Aussteller vergeben.<\/p>\n<p>Ebenfalls in der Halle konnten vier weitere kleinere Ausstellungen besichtigt werden:<\/p>\n<ul>\n<li>Zu \u201eJagdtroph\u00e4en\u201c: Hier wurden 3.557 \u201eBeutest\u00fccke\u201c, Waffen und dergleichen mehr gezeigt, darunter auch Ausstellungsst\u00fccke des s\u00e4chsischen K\u00f6nigs und des Herzogs Ernst von Sachsen-Altenburg.<\/li>\n<li>Zu \u201eErzeugnissen der Handfertigkeit\u201c: \u00dcber hundert Sch\u00fclerwerkst\u00e4tten aus dem Raum Mitteldeutschland zeigten ihre Fertigkeiten.<\/li>\n<li>Zur \u201eAmateurfotografie\u201c: Ein Katalog dokumentierte 1.132 Bilder und warb f\u00fcr Fotoapparate der Aussteller. In knapp zwei Wochen fanden sechs Abende mit Lichtbildprojektionen statt.<\/li>\n<li>Zu \u201eBriefmarken\u201c: Auf einer Schaufl\u00e4che von 600 m\u00b2 wurden Briefmarken, Couverts und Postkarten hinter Glas gezeigt \u2013 darunter die gr\u00f6\u00dfte Briefmarkensammlung Deutschlands und die gr\u00f6\u00dfte existierende Postkartensammlung.<\/li>\n<\/ul>\n<p><strong>Architekt:<\/strong> Fritz Drechsler<\/p>\n<\/div>\n<\/div><\/div><\/div><div id=\"pgc-131-1-1\"  class=\"panel-grid-cell\" ><div id=\"panel-131-1-1-0\" class=\"so-panel widget widget_sow-editor panel-first-child panel-last-child\" data-index=\"2\" ><div class=\"so-widget-sow-editor so-widget-sow-editor-base\">\n<div class=\"siteorigin-widget-tinymce textwidget\">\n\t<p><a href=\"https:\/\/digiboard.htwk-leipzig.de\/ausstellung\/wp-content\/uploads\/2018\/05\/Abb.-46-e1542897742259.png\" rel=\"lightbox\"><img loading=\"lazy\" class=\"aligncenter wp-image-1238\" src=\"https:\/\/digiboard.htwk-leipzig.de\/ausstellung\/wp-content\/uploads\/2018\/05\/Abb.-46-e1542897742259-194x300.png\" alt=\"\" width=\"300\" height=\"465\" srcset=\"https:\/\/digiboard.htwk-leipzig.de\/ausstellung\/wp-content\/uploads\/2018\/05\/Abb.-46-e1542897742259-194x300.png 194w, https:\/\/digiboard.htwk-leipzig.de\/ausstellung\/wp-content\/uploads\/2018\/05\/Abb.-46-e1542897742259.png 517w\" sizes=\"(max-width: 300px) 100vw, 300px\" \/><\/a><\/p>\n<div id=\"attachment_1239\" style=\"width: 310px\" class=\"wp-caption aligncenter\"><a href=\"https:\/\/digiboard.htwk-leipzig.de\/ausstellung\/wp-content\/uploads\/2018\/05\/Abb.-47-e1542897768740.png\" rel=\"lightbox\"><img aria-describedby=\"caption-attachment-1239\" loading=\"lazy\" class=\"wp-image-1239 size-medium\" src=\"https:\/\/digiboard.htwk-leipzig.de\/ausstellung\/wp-content\/uploads\/2018\/05\/Abb.-47-e1542897768740-300x212.png\" alt=\"\" width=\"300\" height=\"212\" srcset=\"https:\/\/digiboard.htwk-leipzig.de\/ausstellung\/wp-content\/uploads\/2018\/05\/Abb.-47-e1542897768740-300x212.png 300w, https:\/\/digiboard.htwk-leipzig.de\/ausstellung\/wp-content\/uploads\/2018\/05\/Abb.-47-e1542897768740.png 658w\" sizes=\"(max-width: 300px) 100vw, 300px\" \/><\/a><p id=\"caption-attachment-1239\" class=\"wp-caption-text\"><span style=\"color: #333333;\"><strong>Fr\u00fchling- und Herbst-Ausstellung in der Gartenbauhalle<\/strong><\/span><br \/><em>Fotografien von 1897<\/em><\/p><\/div>\n<\/div>\n<\/div><\/div><\/div><\/div><div id=\"pg-131-2\"  class=\"panel-grid panel-no-style\" ><div id=\"pgc-131-2-0\"  class=\"panel-grid-cell panel-grid-cell-mobile-last\" ><div id=\"panel-131-2-0-0\" class=\"so-panel widget widget_sow-button panel-first-child panel-last-child\" data-index=\"3\" ><div class=\"so-widget-sow-button so-widget-sow-button-wire-62a05781b3d0-131\"><div class=\"ow-button-base ow-button-align-left\">\n\t<a href=\"https:\/\/digiboard.htwk-leipzig.de\/ausstellung\/unterhaltung\/\" class=\"ow-icon-placement-left ow-button-hover\" \t\t>\n\t\t<span>\n\t\t\t\n\t\t\tZur\u00fcck\t\t<\/span>\n\t<\/a>\n<\/div>\n<\/div><\/div><\/div><div id=\"pgc-131-2-1\"  class=\"panel-grid-cell panel-grid-cell-empty\" ><\/div><\/div><\/div>","protected":false},"excerpt":{"rendered":"<p>Bei der STIGA spielte Gartenbau eine wichtige Rolle. Sowohl im Freien als auch in einer eigenen Halle wurde diese Kunst vor Augen gef\u00fchrt. Drei gro\u00dfe Gartenbau-Ausstellungen fanden dort \u2013 entsprechend der Jahreszeiten Fr\u00fchjahr, Sommer und Herbst \u2013 statt. F\u00fcr hervorragende g\u00e4rtnerische Leistungen wurden zahlreiche Medaillen und Preise an die Aussteller vergeben. Ebenfalls in der Halle [&hellip;]<\/p>\n","protected":false},"author":4,"featured_media":0,"parent":44,"menu_order":2,"comment_status":"closed","ping_status":"closed","template":"template-nosidebar.php","meta":[],"_links":{"self":[{"href":"https:\/\/digiboard.htwk-leipzig.de\/ausstellung\/wp-json\/wp\/v2\/pages\/131"}],"collection":[{"href":"https:\/\/digiboard.htwk-leipzig.de\/ausstellung\/wp-json\/wp\/v2\/pages"}],"about":[{"href":"https:\/\/digiboard.htwk-leipzig.de\/ausstellung\/wp-json\/wp\/v2\/types\/page"}],"author":[{"embeddable":true,"href":"https:\/\/digiboard.htwk-leipzig.de\/ausstellung\/wp-json\/wp\/v2\/users\/4"}],"replies":[{"embeddable":true,"href":"https:\/\/digiboard.htwk-leipzig.de\/ausstellung\/wp-json\/wp\/v2\/comments?post=131"}],"version-history":[{"count":23,"href":"https:\/\/digiboard.htwk-leipzig.de\/ausstellung\/wp-json\/wp\/v2\/pages\/131\/revisions"}],"predecessor-version":[{"id":2576,"href":"https:\/\/digiboard.htwk-leipzig.de\/ausstellung\/wp-json\/wp\/v2\/pages\/131\/revisions\/2576"}],"up":[{"embeddable":true,"href":"https:\/\/digiboard.htwk-leipzig.de\/ausstellung\/wp-json\/wp\/v2\/pages\/44"}],"wp:attachment":[{"href":"https:\/\/digiboard.htwk-leipzig.de\/ausstellung\/wp-json\/wp\/v2\/media?parent=131"}],"curies":[{"name":"wp","href":"https:\/\/api.w.org\/{rel}","templated":true}]}}