{"id":124,"date":"2017-12-20T17:50:38","date_gmt":"2017-12-20T16:50:38","guid":{"rendered":"https:\/\/digiboard5.htwk-leipzig.de\/ausstellung\/?page_id=124"},"modified":"2018-11-26T09:28:24","modified_gmt":"2018-11-26T08:28:24","slug":"kunstausstellung","status":"publish","type":"page","link":"https:\/\/digiboard.htwk-leipzig.de\/ausstellung\/unterhaltung\/kunstausstellung\/","title":{"rendered":"Kunstausstellung"},"content":{"rendered":"<div id=\"pl-124\"  class=\"panel-layout\" ><div id=\"pg-124-0\"  class=\"panel-grid panel-no-style\" ><div id=\"pgc-124-0-0\"  class=\"panel-grid-cell\" ><div id=\"panel-124-0-0-0\" class=\"so-panel widget widget_bcn_widget widget_breadcrumb_navxt panel-first-child panel-last-child\" data-index=\"0\" ><div class=\"breadcrumbs\" vocab=\"https:\/\/schema.org\/\" typeof=\"BreadcrumbList\"><!-- Breadcrumb NavXT 7.0.2 -->\n<\/div><\/div><\/div><\/div><div id=\"pg-124-1\"  class=\"panel-grid panel-no-style\" ><div id=\"pgc-124-1-0\"  class=\"panel-grid-cell\" ><div id=\"panel-124-1-0-0\" class=\"so-panel widget widget_sow-editor panel-first-child panel-last-child\" data-index=\"1\" ><div class=\"so-widget-sow-editor so-widget-sow-editor-base\">\n<div class=\"siteorigin-widget-tinymce textwidget\">\n\t<p>Nicht nur Firmen konnten auf der STIGA ihre neuesten Produkte und Erfindungen pr\u00e4sentieren. Auch zeitgen\u00f6ssische K\u00fcnstler, insbesondere aus Sachsen und Th\u00fcringen, waren eingeladen, ihre Werke in der \u201eKunsthalle\u201c zu zeigen. Dabei handelte es sich um die einzige Pr\u00e4sentation, die den Verkauf der Exponate ausdr\u00fccklich vorsah. Die Ausstellungsleitung \u00fcbernahm der damalige Direktor des St\u00e4dtischen Museums der bildenden K\u00fcnste, Dr. Theodor Schreiber.<\/p>\n<p>F\u00fcr die Ausstellung hatten sich 650 K\u00fcnstler angemeldet. Eine Jury, zu der auch der renommierte K\u00fcnstler Max Klinger geh\u00f6rte, w\u00e4hlte 326 aus \u2013 darunter Vertreter der Dresdener Sezession und damit bedeutende s\u00e4chsische Impressionisten. Gezeigt wurden 864 Werke, verkauft 119 \u2013 mit einem Erl\u00f6s von rund 110.000 Mark.<\/p>\n<p>Von den insgesamt 2,3 Millionen Besuchern, die f\u00fcr die STIGA gez\u00e4hlt werden konnten, sahen nur knapp 100.000 die Kunstausstellung an. Dabei muss erg\u00e4nzt werden, dass f\u00fcr den Besuch nochmals 1 Reichsmark <u>Eintritt<\/u> zus\u00e4tzlich gezahlt werden musste \u2013 und eine weitere f\u00fcr das K\u00fcnstlerverzeichnis.<\/p>\n<p><strong>Architekt der \u201eKunsthalle\u201c:<\/strong> Franz Hannemann<\/p>\n<\/div>\n<\/div><\/div><\/div><div id=\"pgc-124-1-1\"  class=\"panel-grid-cell\" ><div id=\"panel-124-1-1-0\" class=\"so-panel widget widget_sow-editor panel-first-child panel-last-child\" data-index=\"2\" ><div class=\"so-widget-sow-editor so-widget-sow-editor-base\">\n<div class=\"siteorigin-widget-tinymce textwidget\">\n\t<div id=\"attachment_1176\" style=\"width: 310px\" class=\"wp-caption aligncenter\"><a href=\"https:\/\/digiboard.htwk-leipzig.de\/ausstellung\/wp-content\/uploads\/2018\/05\/Abb.-42-e1542896665563.png\" rel=\"lightbox\"><img aria-describedby=\"caption-attachment-1176\" loading=\"lazy\" class=\"wp-image-1176 size-medium\" src=\"https:\/\/digiboard.htwk-leipzig.de\/ausstellung\/wp-content\/uploads\/2018\/05\/Abb.-42-e1542896665563-300x195.png\" alt=\"\" width=\"300\" height=\"195\" srcset=\"https:\/\/digiboard.htwk-leipzig.de\/ausstellung\/wp-content\/uploads\/2018\/05\/Abb.-42-e1542896665563-300x195.png 300w, https:\/\/digiboard.htwk-leipzig.de\/ausstellung\/wp-content\/uploads\/2018\/05\/Abb.-42-e1542896665563.png 592w\" sizes=\"(max-width: 300px) 100vw, 300px\" \/><\/a><p id=\"caption-attachment-1176\" class=\"wp-caption-text\"><span style=\"color: #333333;\"><strong>Au\u00dfenansicht der Kunsthalle<\/strong><\/span><br \/><em>Fotografie von 1897<\/em><\/p><\/div>\n<\/div>\n<\/div><\/div><\/div><\/div><div id=\"pg-124-2\"  class=\"panel-grid panel-has-style\" ><div class=\"panel-row-style panel-row-style-for-124-2\" ><div id=\"pgc-124-2-0\"  class=\"panel-grid-cell panel-grid-cell-empty\" ><\/div><div id=\"pgc-124-2-1\"  class=\"panel-grid-cell panel-grid-cell-mobile-last\" ><div id=\"panel-124-2-1-0\" class=\"so-panel widget widget_sow-hero panel-first-child panel-last-child\" data-index=\"3\" ><div class=\"so-widget-sow-hero so-widget-sow-hero-default-5cf67813386f-124\"><div class=\"sow-slider-base\" style=\"display: none\"><ul class=\"sow-slider-images\" data-settings=\"{&quot;pagination&quot;:true,&quot;speed&quot;:800,&quot;timeout&quot;:8000,&quot;paused&quot;:false,&quot;pause_on_hover&quot;:false,&quot;swipe&quot;:false,&quot;nav_always_show_desktop&quot;:&quot;&quot;,&quot;nav_always_show_mobile&quot;:&quot;&quot;,&quot;breakpoint&quot;:&quot;780px&quot;,&quot;unmute&quot;:false}\">\t\t<li class=\"sow-slider-image  sow-slider-image-cover\" style=\"background-color: #333333;cursor: pointer;\" data-url=\"{&quot;url&quot;:&quot;https:\\\/\\\/digiboard.htwk-leipzig.de\\\/ausstellung\\\/unterhaltung\\\/kunstausstellung\\\/max-klinger\\\/&quot;,&quot;new_window&quot;:false}\" >\n\t\t\t\t\t<div class=\"sow-slider-image-container\">\n\t\t\t<div class=\"sow-slider-image-wrapper\">\n\t\t\t\t<h1 style=\"text-align: right\">Max Klinger<\/h1>\t\t\t<\/div>\n\t\t<\/div>\n\t\t<div class=\"sow-slider-image-overlay sow-slider-image-cover\" style=\"background-image: url(https:\/\/digiboard.htwk-leipzig.de\/ausstellung\/wp-content\/uploads\/2018\/05\/Abb.-43.jpg);opacity: 0.5\"  ><\/div>\t\t<\/li>\n\t\t<\/ul>\t\t\t\t<ol class=\"sow-slider-pagination\">\n\t\t\t\t\t\t\t\t\t\t\t<li><a href=\"#\" data-goto=\"0\" aria-label=\"display slide 1\"><\/a><\/li>\n\t\t\t\t\t\t\t\t\t<\/ol>\n\n\t\t\t\t<div class=\"sow-slide-nav sow-slide-nav-next\">\n\t\t\t\t\t<a href=\"#\" data-goto=\"next\" aria-label=\"next slide\" data-action=\"next\">\n\t\t\t\t\t\t<em class=\"sow-sld-icon-thin-right\"><\/em>\n\t\t\t\t\t<\/a>\n\t\t\t\t<\/div>\n\n\t\t\t\t<div class=\"sow-slide-nav sow-slide-nav-prev\">\n\t\t\t\t\t<a href=\"#\" data-goto=\"previous\" aria-label=\"previous slide\" data-action=\"prev\">\n\t\t\t\t\t\t<em class=\"sow-sld-icon-thin-left\"><\/em>\n\t\t\t\t\t<\/a>\n\t\t\t\t<\/div>\n\t\t\t\t<\/div><\/div><\/div><\/div><div id=\"pgc-124-2-2\"  class=\"panel-grid-cell panel-grid-cell-empty\" ><\/div><\/div><\/div><div id=\"pg-124-3\"  class=\"panel-grid panel-no-style\" ><div id=\"pgc-124-3-0\"  class=\"panel-grid-cell panel-grid-cell-mobile-last\" ><div id=\"panel-124-3-0-0\" class=\"so-panel widget widget_sow-button panel-first-child panel-last-child\" data-index=\"4\" ><div class=\"so-widget-sow-button so-widget-sow-button-wire-62a05781b3d0-124\"><div class=\"ow-button-base ow-button-align-left\">\n\t<a href=\"https:\/\/digiboard.htwk-leipzig.de\/ausstellung\/unterhaltung\/\" class=\"ow-icon-placement-left ow-button-hover\" \t\t>\n\t\t<span>\n\t\t\t\n\t\t\tZur\u00fcck\t\t<\/span>\n\t<\/a>\n<\/div>\n<\/div><\/div><\/div><div id=\"pgc-124-3-1\"  class=\"panel-grid-cell panel-grid-cell-empty\" ><\/div><\/div><\/div>","protected":false},"excerpt":{"rendered":"<p>Nicht nur Firmen konnten auf der STIGA ihre neuesten Produkte und Erfindungen pr\u00e4sentieren. Auch zeitgen\u00f6ssische K\u00fcnstler, insbesondere aus Sachsen und Th\u00fcringen, waren eingeladen, ihre Werke in der \u201eKunsthalle\u201c zu zeigen. Dabei handelte es sich um die einzige Pr\u00e4sentation, die den Verkauf der Exponate ausdr\u00fccklich vorsah. Die Ausstellungsleitung \u00fcbernahm der damalige Direktor des St\u00e4dtischen Museums der [&hellip;]<\/p>\n","protected":false},"author":4,"featured_media":0,"parent":44,"menu_order":1,"comment_status":"closed","ping_status":"closed","template":"template-nosidebar.php","meta":[],"_links":{"self":[{"href":"https:\/\/digiboard.htwk-leipzig.de\/ausstellung\/wp-json\/wp\/v2\/pages\/124"}],"collection":[{"href":"https:\/\/digiboard.htwk-leipzig.de\/ausstellung\/wp-json\/wp\/v2\/pages"}],"about":[{"href":"https:\/\/digiboard.htwk-leipzig.de\/ausstellung\/wp-json\/wp\/v2\/types\/page"}],"author":[{"embeddable":true,"href":"https:\/\/digiboard.htwk-leipzig.de\/ausstellung\/wp-json\/wp\/v2\/users\/4"}],"replies":[{"embeddable":true,"href":"https:\/\/digiboard.htwk-leipzig.de\/ausstellung\/wp-json\/wp\/v2\/comments?post=124"}],"version-history":[{"count":21,"href":"https:\/\/digiboard.htwk-leipzig.de\/ausstellung\/wp-json\/wp\/v2\/pages\/124\/revisions"}],"predecessor-version":[{"id":2572,"href":"https:\/\/digiboard.htwk-leipzig.de\/ausstellung\/wp-json\/wp\/v2\/pages\/124\/revisions\/2572"}],"up":[{"embeddable":true,"href":"https:\/\/digiboard.htwk-leipzig.de\/ausstellung\/wp-json\/wp\/v2\/pages\/44"}],"wp:attachment":[{"href":"https:\/\/digiboard.htwk-leipzig.de\/ausstellung\/wp-json\/wp\/v2\/media?parent=124"}],"curies":[{"name":"wp","href":"https:\/\/api.w.org\/{rel}","templated":true}]}}