{"id":119,"date":"2017-12-20T17:49:35","date_gmt":"2017-12-20T16:49:35","guid":{"rendered":"https:\/\/digiboard5.htwk-leipzig.de\/ausstellung\/?page_id=119"},"modified":"2018-11-26T09:15:53","modified_gmt":"2018-11-26T08:15:53","slug":"koffer-und-taschenfabrik-moritz-maedler","status":"publish","type":"page","link":"https:\/\/digiboard.htwk-leipzig.de\/ausstellung\/aussteller\/beispiele\/koffer-und-taschenfabrik-moritz-maedler\/","title":{"rendered":"Koffer- und Taschenfabrik Moritz M\u00e4dler"},"content":{"rendered":"<div id=\"pl-119\"  class=\"panel-layout\" ><div id=\"pg-119-0\"  class=\"panel-grid panel-no-style\" ><div id=\"pgc-119-0-0\"  class=\"panel-grid-cell\" ><div id=\"panel-119-0-0-0\" class=\"so-panel widget widget_bcn_widget widget_breadcrumb_navxt panel-first-child panel-last-child\" data-index=\"0\" ><div class=\"panel-widget-style panel-widget-style-for-119-0-0-0\" ><div class=\"breadcrumbs\" vocab=\"https:\/\/schema.org\/\" typeof=\"BreadcrumbList\"><!-- Breadcrumb NavXT 7.0.2 -->\n<\/div><\/div><\/div><\/div><\/div><div id=\"pg-119-1\"  class=\"panel-grid panel-no-style\" ><div id=\"pgc-119-1-0\"  class=\"panel-grid-cell\" ><div id=\"panel-119-1-0-0\" class=\"so-panel widget widget_sow-editor panel-first-child panel-last-child\" data-index=\"1\" ><div class=\"so-widget-sow-editor so-widget-sow-editor-base\">\n<div class=\"siteorigin-widget-tinymce textwidget\">\n\t<p class=\"p1\"><span class=\"s1\">Die 1850 von Moritz M\u00e4dler gegr\u00fcndete Firma stellte in ihrer Fabrik in Leipzig-Lindenau Koffer und Lederwaren her. Seit 1889 belieferte sie den S\u00e4chsischen K\u00f6nig als Hoflieferant. <i>M\u00e4dler<\/i> war bis in die 1980er Jahre eines der bekanntesten Lederwarenunternehmen in Deutschland und ist in Leipzig durch die M\u00e4dlerpassage mit seinem Namen immer noch bekannt.<\/span><\/p>\n<p class=\"p2\"><span class=\"s1\">Auf der STIGA stellte <i>M\u00e4dler<\/i> seine Musterkoffer, Patentkoffer und Lederwaren in einem eigenen Pavillon, der sich an prominenter Stelle, direkt im Eingangssaal der Haupthalle befand, aus. Besonderes Gestaltungsmerkmal war die Kofferpyramide im gl\u00e4sernen, turmartigen Dachaufbau.<\/span><\/p>\n<\/div>\n<\/div><\/div><\/div><div id=\"pgc-119-1-1\"  class=\"panel-grid-cell\" ><div id=\"panel-119-1-1-0\" class=\"so-panel widget widget_sow-editor panel-first-child panel-last-child\" data-index=\"2\" ><div class=\"so-widget-sow-editor so-widget-sow-editor-base\">\n<div class=\"siteorigin-widget-tinymce textwidget\">\n\t<div id=\"attachment_1441\" style=\"width: 310px\" class=\"wp-caption aligncenter\"><a href=\"https:\/\/digiboard.htwk-leipzig.de\/ausstellung\/wp-content\/uploads\/2018\/05\/Abb.-36-e1542889369586.jpg\" rel=\"lightbox\"><img aria-describedby=\"caption-attachment-1441\" loading=\"lazy\" class=\"wp-image-1441 size-medium\" src=\"https:\/\/digiboard.htwk-leipzig.de\/ausstellung\/wp-content\/uploads\/2018\/05\/Abb.-36-e1542889369586-300x220.jpg\" alt=\"\" width=\"300\" height=\"220\" srcset=\"https:\/\/digiboard.htwk-leipzig.de\/ausstellung\/wp-content\/uploads\/2018\/05\/Abb.-36-e1542889369586-300x220.jpg 300w, https:\/\/digiboard.htwk-leipzig.de\/ausstellung\/wp-content\/uploads\/2018\/05\/Abb.-36-e1542889369586-676x495.jpg 676w, https:\/\/digiboard.htwk-leipzig.de\/ausstellung\/wp-content\/uploads\/2018\/05\/Abb.-36-e1542889369586.jpg 703w\" sizes=\"(max-width: 300px) 100vw, 300px\" \/><\/a><p id=\"caption-attachment-1441\" class=\"wp-caption-text\"><span style=\"color: #333333;\"><strong>Pavillon der Firma M\u00e4dler im Eingangssaal der Industriehalle<\/strong><\/span><br \/><em>Fotografie von 1897<\/em><\/p><\/div>\n<\/div>\n<\/div><\/div><\/div><\/div><div id=\"pg-119-2\"  class=\"panel-grid panel-no-style\" ><div id=\"pgc-119-2-0\"  class=\"panel-grid-cell\" ><div id=\"panel-119-2-0-0\" class=\"so-panel widget widget_sow-editor panel-first-child panel-last-child\" data-index=\"3\" ><div class=\"so-widget-sow-editor so-widget-sow-editor-base\">\n<div class=\"siteorigin-widget-tinymce textwidget\">\n\t<div id=\"attachment_1442\" style=\"width: 310px\" class=\"wp-caption aligncenter\"><a href=\"https:\/\/digiboard.htwk-leipzig.de\/ausstellung\/wp-content\/uploads\/2018\/05\/Abb.-37-e1542889034133.jpg\" rel=\"lightbox\"><img aria-describedby=\"caption-attachment-1442\" loading=\"lazy\" class=\"wp-image-1442\" src=\"https:\/\/digiboard.htwk-leipzig.de\/ausstellung\/wp-content\/uploads\/2018\/05\/Abb.-37-654x1024.jpg\" alt=\"\" width=\"300\" height=\"452\" \/><\/a><p id=\"caption-attachment-1442\" class=\"wp-caption-text\"><span style=\"color: #333333;\"><strong>Pavillon der Firma M\u00e4dler<\/strong><\/span><br \/><em>Ansichtskarte von 1897<\/em><\/p><\/div>\n<\/div>\n<\/div><\/div><\/div><div id=\"pgc-119-2-1\"  class=\"panel-grid-cell panel-grid-cell-mobile-last\" ><div id=\"panel-119-2-1-0\" class=\"so-panel widget widget_sow-editor panel-first-child panel-last-child\" data-index=\"4\" ><div class=\"so-widget-sow-editor so-widget-sow-editor-base\">\n<div class=\"siteorigin-widget-tinymce textwidget\">\n\t<div id=\"attachment_1443\" style=\"width: 310px\" class=\"wp-caption aligncenter\"><a href=\"https:\/\/digiboard.htwk-leipzig.de\/ausstellung\/wp-content\/uploads\/2018\/05\/Abb.-38-2.jpg\" rel=\"lightbox\"><img aria-describedby=\"caption-attachment-1443\" loading=\"lazy\" class=\"wp-image-1443\" src=\"https:\/\/digiboard.htwk-leipzig.de\/ausstellung\/wp-content\/uploads\/2018\/05\/Abb.-38-2-725x1024.jpg\" alt=\"\" width=\"300\" height=\"424\" srcset=\"https:\/\/digiboard.htwk-leipzig.de\/ausstellung\/wp-content\/uploads\/2018\/05\/Abb.-38-2-725x1024.jpg 725w, https:\/\/digiboard.htwk-leipzig.de\/ausstellung\/wp-content\/uploads\/2018\/05\/Abb.-38-2-212x300.jpg 212w, https:\/\/digiboard.htwk-leipzig.de\/ausstellung\/wp-content\/uploads\/2018\/05\/Abb.-38-2-768x1085.jpg 768w, https:\/\/digiboard.htwk-leipzig.de\/ausstellung\/wp-content\/uploads\/2018\/05\/Abb.-38-2-676x955.jpg 676w\" sizes=\"(max-width: 300px) 100vw, 300px\" \/><\/a><p id=\"caption-attachment-1443\" class=\"wp-caption-text\"><span style=\"color: #333333;\"><strong>Koffersortiment der Firma M\u00e4dler<\/strong><\/span><br \/><em>Auszug aus einer Werbebrosch\u00fcre (undatiert)<\/em><\/p><\/div>\n<\/div>\n<\/div><\/div><\/div><div id=\"pgc-119-2-2\"  class=\"panel-grid-cell panel-grid-cell-empty\" ><\/div><\/div><div id=\"pg-119-3\"  class=\"panel-grid panel-no-style\" ><div id=\"pgc-119-3-0\"  class=\"panel-grid-cell panel-grid-cell-mobile-last\" ><div id=\"panel-119-3-0-0\" class=\"so-panel widget widget_sow-button panel-first-child panel-last-child\" data-index=\"5\" ><div class=\"so-widget-sow-button so-widget-sow-button-wire-62a05781b3d0-119\"><div class=\"ow-button-base ow-button-align-left\">\n\t<a href=\"https:\/\/digiboard.htwk-leipzig.de\/ausstellung\/aussteller\/beispiele\/\" class=\"ow-icon-placement-left ow-button-hover\" \t\t>\n\t\t<span>\n\t\t\t\n\t\t\tZur\u00fcck\t\t<\/span>\n\t<\/a>\n<\/div>\n<\/div><\/div><\/div><div id=\"pgc-119-3-1\"  class=\"panel-grid-cell panel-grid-cell-empty\" ><\/div><\/div><\/div>","protected":false},"excerpt":{"rendered":"<p>Die 1850 von Moritz M\u00e4dler gegr\u00fcndete Firma stellte in ihrer Fabrik in Leipzig-Lindenau Koffer und Lederwaren her. Seit 1889 belieferte sie den S\u00e4chsischen K\u00f6nig als Hoflieferant. M\u00e4dler war bis in die 1980er Jahre eines der bekanntesten Lederwarenunternehmen in Deutschland und ist in Leipzig durch die M\u00e4dlerpassage mit seinem Namen immer noch bekannt. Auf der STIGA [&hellip;]<\/p>\n","protected":false},"author":4,"featured_media":0,"parent":106,"menu_order":1,"comment_status":"closed","ping_status":"closed","template":"template-nosidebar.php","meta":[],"_links":{"self":[{"href":"https:\/\/digiboard.htwk-leipzig.de\/ausstellung\/wp-json\/wp\/v2\/pages\/119"}],"collection":[{"href":"https:\/\/digiboard.htwk-leipzig.de\/ausstellung\/wp-json\/wp\/v2\/pages"}],"about":[{"href":"https:\/\/digiboard.htwk-leipzig.de\/ausstellung\/wp-json\/wp\/v2\/types\/page"}],"author":[{"embeddable":true,"href":"https:\/\/digiboard.htwk-leipzig.de\/ausstellung\/wp-json\/wp\/v2\/users\/4"}],"replies":[{"embeddable":true,"href":"https:\/\/digiboard.htwk-leipzig.de\/ausstellung\/wp-json\/wp\/v2\/comments?post=119"}],"version-history":[{"count":30,"href":"https:\/\/digiboard.htwk-leipzig.de\/ausstellung\/wp-json\/wp\/v2\/pages\/119\/revisions"}],"predecessor-version":[{"id":2546,"href":"https:\/\/digiboard.htwk-leipzig.de\/ausstellung\/wp-json\/wp\/v2\/pages\/119\/revisions\/2546"}],"up":[{"embeddable":true,"href":"https:\/\/digiboard.htwk-leipzig.de\/ausstellung\/wp-json\/wp\/v2\/pages\/106"}],"wp:attachment":[{"href":"https:\/\/digiboard.htwk-leipzig.de\/ausstellung\/wp-json\/wp\/v2\/media?parent=119"}],"curies":[{"name":"wp","href":"https:\/\/api.w.org\/{rel}","templated":true}]}}