{"id":117,"date":"2017-12-20T17:48:59","date_gmt":"2017-12-20T16:48:59","guid":{"rendered":"https:\/\/digiboard5.htwk-leipzig.de\/ausstellung\/?page_id=117"},"modified":"2018-11-26T09:16:28","modified_gmt":"2018-11-26T08:16:28","slug":"riquet-co","status":"publish","type":"page","link":"https:\/\/digiboard.htwk-leipzig.de\/ausstellung\/aussteller\/beispiele\/riquet-co\/","title":{"rendered":"Riquet &#038; Co."},"content":{"rendered":"<div id=\"pl-117\"  class=\"panel-layout\" ><div id=\"pg-117-0\"  class=\"panel-grid panel-no-style\" ><div id=\"pgc-117-0-0\"  class=\"panel-grid-cell\" ><div id=\"panel-117-0-0-0\" class=\"so-panel widget widget_bcn_widget widget_breadcrumb_navxt panel-first-child panel-last-child\" data-index=\"0\" ><div class=\"panel-widget-style panel-widget-style-for-117-0-0-0\" ><div class=\"breadcrumbs\" vocab=\"https:\/\/schema.org\/\" typeof=\"BreadcrumbList\"><!-- Breadcrumb NavXT 7.0.2 -->\n<\/div><\/div><\/div><\/div><\/div><div id=\"pg-117-1\"  class=\"panel-grid panel-no-style\" ><div id=\"pgc-117-1-0\"  class=\"panel-grid-cell\" ><div id=\"panel-117-1-0-0\" class=\"so-panel widget widget_sow-editor panel-first-child panel-last-child\" data-index=\"1\" ><div class=\"so-widget-sow-editor so-widget-sow-editor-base\">\n<div class=\"siteorigin-widget-tinymce textwidget\">\n\t<p>Das Unternehmen ging aus einer 1745 gegr\u00fcndeten Kolonialwarenhandlung hervor. Riquet handelte mit Schokolade und Kakao, S\u00fc\u00dfwaren und Tee und produzierte seit 1890 eigenen Kakao und Schokolade in einer Fabrik in Gautzsch bei Leipzig (heute zu Markkleeberg geh\u00f6rig). 1947 wurde die Firma enteignet und dem \u201eVerband S\u00e4chsischer Konsumgenossenschaften\u201c \u00fcbergeben. Als \u201eKonsum-S\u00fc\u00dfwarenfabrik Markkleeberg b. Leipzig\u201c wurde die Fabrik zur Produktion von Bonbons weitergenutzt.<\/p>\n<p>Auf der STIGA stellte Riquet &amp; Co. haupts\u00e4chlich Kakao- und Schokoladenprodukte sowie Teesorten im eigenen Pavillon aus, der in seiner orientalischen Aufmachung an das Exotische der Produkte erinnern sollte und von zwei Elefanten, den Markenzeichen der Firma, flankiert wurde.<\/p>\n<\/div>\n<\/div><\/div><\/div><div id=\"pgc-117-1-1\"  class=\"panel-grid-cell\" ><div id=\"panel-117-1-1-0\" class=\"so-panel widget widget_sow-editor panel-first-child panel-last-child\" data-index=\"2\" ><div class=\"so-widget-sow-editor so-widget-sow-editor-base\">\n<div class=\"siteorigin-widget-tinymce textwidget\">\n\t<div id=\"attachment_1444\" style=\"width: 310px\" class=\"wp-caption aligncenter\"><a href=\"https:\/\/digiboard.htwk-leipzig.de\/ausstellung\/wp-content\/uploads\/2018\/05\/Abb.-39-e1542890283216.jpg\" rel=\"lightbox\"><img aria-describedby=\"caption-attachment-1444\" loading=\"lazy\" class=\"wp-image-1444 size-medium\" src=\"https:\/\/digiboard.htwk-leipzig.de\/ausstellung\/wp-content\/uploads\/2018\/05\/Abb.-39-e1542890283216-300x147.jpg\" alt=\"\" width=\"300\" height=\"147\" srcset=\"https:\/\/digiboard.htwk-leipzig.de\/ausstellung\/wp-content\/uploads\/2018\/05\/Abb.-39-e1542890283216-300x147.jpg 300w, https:\/\/digiboard.htwk-leipzig.de\/ausstellung\/wp-content\/uploads\/2018\/05\/Abb.-39-e1542890283216-768x377.jpg 768w, https:\/\/digiboard.htwk-leipzig.de\/ausstellung\/wp-content\/uploads\/2018\/05\/Abb.-39-e1542890283216-1024x503.jpg 1024w, https:\/\/digiboard.htwk-leipzig.de\/ausstellung\/wp-content\/uploads\/2018\/05\/Abb.-39-e1542890283216-676x332.jpg 676w, https:\/\/digiboard.htwk-leipzig.de\/ausstellung\/wp-content\/uploads\/2018\/05\/Abb.-39-e1542890283216.jpg 1920w\" sizes=\"(max-width: 300px) 100vw, 300px\" \/><\/a><p id=\"caption-attachment-1444\" class=\"wp-caption-text\"><span style=\"color: #333333;\"><strong>Ansichtskarte der Firma Riquet &amp; Co. mit ihrem Pavillon<\/strong><\/span><br \/><em>Farblithographie von 1897<\/em><\/p><\/div>\n<\/div>\n<\/div><\/div><\/div><\/div><div id=\"pg-117-2\"  class=\"panel-grid panel-no-style\" ><div id=\"pgc-117-2-0\"  class=\"panel-grid-cell panel-grid-cell-mobile-last\" ><div id=\"panel-117-2-0-0\" class=\"so-panel widget widget_sow-button panel-first-child panel-last-child\" data-index=\"3\" ><div class=\"so-widget-sow-button so-widget-sow-button-wire-62a05781b3d0-117\"><div class=\"ow-button-base ow-button-align-left\">\n\t<a href=\"https:\/\/digiboard.htwk-leipzig.de\/ausstellung\/aussteller\/beispiele\/\" class=\"ow-icon-placement-left ow-button-hover\" \t\t>\n\t\t<span>\n\t\t\t\n\t\t\tZur\u00fcck\t\t<\/span>\n\t<\/a>\n<\/div>\n<\/div><\/div><\/div><div id=\"pgc-117-2-1\"  class=\"panel-grid-cell panel-grid-cell-empty\" ><\/div><\/div><\/div>","protected":false},"excerpt":{"rendered":"<p>Das Unternehmen ging aus einer 1745 gegr\u00fcndeten Kolonialwarenhandlung hervor. Riquet handelte mit Schokolade und Kakao, S\u00fc\u00dfwaren und Tee und produzierte seit 1890 eigenen Kakao und Schokolade in einer Fabrik in Gautzsch bei Leipzig (heute zu Markkleeberg geh\u00f6rig). 1947 wurde die Firma enteignet und dem \u201eVerband S\u00e4chsischer Konsumgenossenschaften\u201c \u00fcbergeben. Als \u201eKonsum-S\u00fc\u00dfwarenfabrik Markkleeberg b. Leipzig\u201c wurde die [&hellip;]<\/p>\n","protected":false},"author":4,"featured_media":0,"parent":106,"menu_order":2,"comment_status":"closed","ping_status":"closed","template":"template-nosidebar.php","meta":[],"_links":{"self":[{"href":"https:\/\/digiboard.htwk-leipzig.de\/ausstellung\/wp-json\/wp\/v2\/pages\/117"}],"collection":[{"href":"https:\/\/digiboard.htwk-leipzig.de\/ausstellung\/wp-json\/wp\/v2\/pages"}],"about":[{"href":"https:\/\/digiboard.htwk-leipzig.de\/ausstellung\/wp-json\/wp\/v2\/types\/page"}],"author":[{"embeddable":true,"href":"https:\/\/digiboard.htwk-leipzig.de\/ausstellung\/wp-json\/wp\/v2\/users\/4"}],"replies":[{"embeddable":true,"href":"https:\/\/digiboard.htwk-leipzig.de\/ausstellung\/wp-json\/wp\/v2\/comments?post=117"}],"version-history":[{"count":24,"href":"https:\/\/digiboard.htwk-leipzig.de\/ausstellung\/wp-json\/wp\/v2\/pages\/117\/revisions"}],"predecessor-version":[{"id":2548,"href":"https:\/\/digiboard.htwk-leipzig.de\/ausstellung\/wp-json\/wp\/v2\/pages\/117\/revisions\/2548"}],"up":[{"embeddable":true,"href":"https:\/\/digiboard.htwk-leipzig.de\/ausstellung\/wp-json\/wp\/v2\/pages\/106"}],"wp:attachment":[{"href":"https:\/\/digiboard.htwk-leipzig.de\/ausstellung\/wp-json\/wp\/v2\/media?parent=117"}],"curies":[{"name":"wp","href":"https:\/\/api.w.org\/{rel}","templated":true}]}}