{"id":115,"date":"2017-12-20T17:48:22","date_gmt":"2017-12-20T16:48:22","guid":{"rendered":"https:\/\/digiboard5.htwk-leipzig.de\/ausstellung\/?page_id=115"},"modified":"2018-11-26T09:17:19","modified_gmt":"2018-11-26T08:17:19","slug":"koeniglich-saechsische-porzellan-manufaktur-meissen","status":"publish","type":"page","link":"https:\/\/digiboard.htwk-leipzig.de\/ausstellung\/aussteller\/beispiele\/koeniglich-saechsische-porzellan-manufaktur-meissen\/","title":{"rendered":"K\u00f6niglich-S\u00e4chsische Porzellan-Manufaktur Meissen"},"content":{"rendered":"<div id=\"pl-115\"  class=\"panel-layout\" ><div id=\"pg-115-0\"  class=\"panel-grid panel-no-style\" ><div id=\"pgc-115-0-0\"  class=\"panel-grid-cell\" ><div id=\"panel-115-0-0-0\" class=\"so-panel widget widget_bcn_widget widget_breadcrumb_navxt panel-first-child panel-last-child\" data-index=\"0\" ><div class=\"panel-widget-style panel-widget-style-for-115-0-0-0\" ><div class=\"breadcrumbs\" vocab=\"https:\/\/schema.org\/\" typeof=\"BreadcrumbList\"><!-- Breadcrumb NavXT 7.0.2 -->\n<\/div><\/div><\/div><\/div><\/div><div id=\"pg-115-1\"  class=\"panel-grid panel-no-style\" ><div id=\"pgc-115-1-0\"  class=\"panel-grid-cell\" ><div id=\"panel-115-1-0-0\" class=\"so-panel widget widget_sow-editor panel-first-child panel-last-child\" data-index=\"1\" ><div class=\"so-widget-sow-editor so-widget-sow-editor-base\">\n<div class=\"siteorigin-widget-tinymce textwidget\">\n\t<p>Die ber\u00fchmte K\u00f6niglich-S\u00e4chsische Porzellan-Manufaktur Mei\u00dfen war 1897 eine der bekanntesten Firmen Sachsens. Seit 1710 produzierte sie als erste europ\u00e4ische Manufaktur Porzellanwaren.<\/p>\n<p>Auf der STIGA war der Mei\u00dfener Stand prominent im Eingangssaal der Haupthalle platziert. Dort inszenierte die Manufaktur den Luxus, f\u00fcr den ihre Produkte standen und bis heute stehen. Allein die Vasen, die auf den Br\u00fcstungen ausgestellt wurden, kosteten bis zu 3.600 Reichsmark. Auch die anderen Ausstellungsst\u00fccke waren absolute Luxusartikel und gerade deswegen begehrt. Die Preise wurden extra in der \u201eChronik\u201c der Ausstellung erw\u00e4hnt.<\/p>\n<p>Mit zwei Statuen \u2013 K\u00f6nig Albert einerseits und Kaiser Wilhelm II. andererseits \u2013 verwies man darauf, dass es sich um einen Staatsbetrieb handelte (das K\u00f6nigreich Sachsen war seit 1806 Eigent\u00fcmer), schuf gleichzeitig aber auch eine Reminiszenz an Landesherrn und Nation.<\/p>\n<\/div>\n<\/div><\/div><\/div><div id=\"pgc-115-1-1\"  class=\"panel-grid-cell\" ><div id=\"panel-115-1-1-0\" class=\"so-panel widget widget_sow-editor panel-first-child panel-last-child\" data-index=\"2\" ><div class=\"so-widget-sow-editor so-widget-sow-editor-base\">\n<div class=\"siteorigin-widget-tinymce textwidget\">\n\t<div id=\"attachment_1445\" style=\"width: 310px\" class=\"wp-caption aligncenter\"><a href=\"https:\/\/digiboard.htwk-leipzig.de\/ausstellung\/wp-content\/uploads\/2018\/05\/Abb.-40-e1542890071158.jpg\" rel=\"lightbox\"><img aria-describedby=\"caption-attachment-1445\" loading=\"lazy\" class=\"wp-image-1445 size-medium\" src=\"https:\/\/digiboard.htwk-leipzig.de\/ausstellung\/wp-content\/uploads\/2018\/05\/Abb.-40-e1542890071158-300x218.jpg\" alt=\"\" width=\"300\" height=\"218\" srcset=\"https:\/\/digiboard.htwk-leipzig.de\/ausstellung\/wp-content\/uploads\/2018\/05\/Abb.-40-e1542890071158-300x218.jpg 300w, https:\/\/digiboard.htwk-leipzig.de\/ausstellung\/wp-content\/uploads\/2018\/05\/Abb.-40-e1542890071158.jpg 674w\" sizes=\"(max-width: 300px) 100vw, 300px\" \/><\/a><p id=\"caption-attachment-1445\" class=\"wp-caption-text\"><span style=\"color: #333333;\"><strong>Stand der K\u00f6niglich-S\u00e4chsischen Porzellan-Manufaktur Meissen in der Haupthalle<\/strong><\/span><br \/><em>Grafik von 1897<\/em><\/p><\/div>\n<\/div>\n<\/div><\/div><\/div><\/div><div id=\"pg-115-2\"  class=\"panel-grid panel-no-style\" ><div id=\"pgc-115-2-0\"  class=\"panel-grid-cell panel-grid-cell-mobile-last\" ><div id=\"panel-115-2-0-0\" class=\"so-panel widget widget_sow-button panel-first-child panel-last-child\" data-index=\"3\" ><div class=\"so-widget-sow-button so-widget-sow-button-wire-62a05781b3d0-115\"><div class=\"ow-button-base ow-button-align-left\">\n\t<a href=\"https:\/\/digiboard.htwk-leipzig.de\/ausstellung\/aussteller\/beispiele\/\" class=\"ow-icon-placement-left ow-button-hover\" \t\t>\n\t\t<span>\n\t\t\t\n\t\t\tZur\u00fcck\t\t<\/span>\n\t<\/a>\n<\/div>\n<\/div><\/div><\/div><div id=\"pgc-115-2-1\"  class=\"panel-grid-cell panel-grid-cell-empty\" ><\/div><\/div><\/div>","protected":false},"excerpt":{"rendered":"<p>Die ber\u00fchmte K\u00f6niglich-S\u00e4chsische Porzellan-Manufaktur Mei\u00dfen war 1897 eine der bekanntesten Firmen Sachsens. Seit 1710 produzierte sie als erste europ\u00e4ische Manufaktur Porzellanwaren. Auf der STIGA war der Mei\u00dfener Stand prominent im Eingangssaal der Haupthalle platziert. Dort inszenierte die Manufaktur den Luxus, f\u00fcr den ihre Produkte standen und bis heute stehen. Allein die Vasen, die auf den [&hellip;]<\/p>\n","protected":false},"author":4,"featured_media":0,"parent":106,"menu_order":3,"comment_status":"closed","ping_status":"closed","template":"template-nosidebar.php","meta":[],"_links":{"self":[{"href":"https:\/\/digiboard.htwk-leipzig.de\/ausstellung\/wp-json\/wp\/v2\/pages\/115"}],"collection":[{"href":"https:\/\/digiboard.htwk-leipzig.de\/ausstellung\/wp-json\/wp\/v2\/pages"}],"about":[{"href":"https:\/\/digiboard.htwk-leipzig.de\/ausstellung\/wp-json\/wp\/v2\/types\/page"}],"author":[{"embeddable":true,"href":"https:\/\/digiboard.htwk-leipzig.de\/ausstellung\/wp-json\/wp\/v2\/users\/4"}],"replies":[{"embeddable":true,"href":"https:\/\/digiboard.htwk-leipzig.de\/ausstellung\/wp-json\/wp\/v2\/comments?post=115"}],"version-history":[{"count":20,"href":"https:\/\/digiboard.htwk-leipzig.de\/ausstellung\/wp-json\/wp\/v2\/pages\/115\/revisions"}],"predecessor-version":[{"id":2550,"href":"https:\/\/digiboard.htwk-leipzig.de\/ausstellung\/wp-json\/wp\/v2\/pages\/115\/revisions\/2550"}],"up":[{"embeddable":true,"href":"https:\/\/digiboard.htwk-leipzig.de\/ausstellung\/wp-json\/wp\/v2\/pages\/106"}],"wp:attachment":[{"href":"https:\/\/digiboard.htwk-leipzig.de\/ausstellung\/wp-json\/wp\/v2\/media?parent=115"}],"curies":[{"name":"wp","href":"https:\/\/api.w.org\/{rel}","templated":true}]}}