{"id":111,"date":"2017-12-20T17:46:36","date_gmt":"2017-12-20T16:46:36","guid":{"rendered":"https:\/\/digiboard5.htwk-leipzig.de\/ausstellung\/?page_id=111"},"modified":"2018-11-26T08:50:30","modified_gmt":"2018-11-26T07:50:30","slug":"warenpraesentation","status":"publish","type":"page","link":"https:\/\/digiboard.htwk-leipzig.de\/ausstellung\/aussteller\/warenpraesentation\/","title":{"rendered":"Warenpr\u00e4sentation"},"content":{"rendered":"<div id=\"pl-111\"  class=\"panel-layout\" ><div id=\"pg-111-0\"  class=\"panel-grid panel-no-style\" ><div id=\"pgc-111-0-0\"  class=\"panel-grid-cell\" ><div id=\"panel-111-0-0-0\" class=\"so-panel widget widget_bcn_widget widget_breadcrumb_navxt panel-first-child panel-last-child\" data-index=\"0\" ><div class=\"panel-widget-style panel-widget-style-for-111-0-0-0\" ><div class=\"breadcrumbs\" vocab=\"https:\/\/schema.org\/\" typeof=\"BreadcrumbList\"><!-- Breadcrumb NavXT 7.0.2 -->\n<\/div><\/div><\/div><\/div><\/div><div id=\"pg-111-1\"  class=\"panel-grid panel-no-style\" ><div id=\"pgc-111-1-0\"  class=\"panel-grid-cell\" ><div id=\"panel-111-1-0-0\" class=\"so-panel widget widget_sow-editor panel-first-child panel-last-child\" data-index=\"1\" ><div class=\"so-widget-sow-editor so-widget-sow-editor-base\">\n<div class=\"siteorigin-widget-tinymce textwidget\">\n\t<p>Die STIGA diente \u2013 anders als Messen \u2013 weniger dem Verkauf als der langfristigen Einf\u00fchrung von Innovativem und Neuartigem. Darum war die Pr\u00e4sentation besonders wichtig. Wenn Firmen einzelne Produkte doch zum Verkauf ausschrieben, mussten sie sich verpflichten, die Exponate bis zum Ende der Ausstellung vor Ort zu belassen.<\/p>\n<p>Die Austeller konnten ihre Produkte entweder an den zugewiesenen St\u00e4nden oder in eigenen Pavillons auf dem Gel\u00e4nde pr\u00e4sentieren. Hauptausstellungsort f\u00fcr die Meisten und Mittelpunkt der STIGA war die Industrie- und Maschinenhalle. Die unterschiedlichen R\u00e4ume innerhalb dieser Haupthalle waren immer anders, je nach Ausstellergruppe konstruiert und spezifisch ausgestattet. So wurde der Raum f\u00fcr die Bekleidungsindustrie mit Textilbahnen dekoriert und der f\u00fcr die Buchindustrie sollte mit seinen S\u00e4ulen und romanischen W\u00fcrfelkapitellen an eine mittelalterliche Klosterbibliothek erinnern. Jedes Ausstellungsst\u00fcck war im offiziellen Katalog verzeichnet.<\/p>\n<p>Die \u201eChronik\u201c der Ausstellung beschreibt die Variationen der Warenpr\u00e4sentation: Einige Aussteller, gerade st\u00e4dtischer- und staatlicherseits, versahen ihre Ausstellungst\u00fccke mit didaktischen Erkl\u00e4rungen, w\u00e4hrend andere ihre Exponate ohne Erkl\u00e4rung lie\u00dfen. Sie begn\u00fcgten sich mit dem offiziellen Katalog, in dem jedes Ausstellungsst\u00fcck verzeichnet war.<\/p>\n<\/div>\n<\/div><\/div><\/div><div id=\"pgc-111-1-1\"  class=\"panel-grid-cell\" ><div id=\"panel-111-1-1-0\" class=\"so-panel widget widget_sow-editor panel-first-child panel-last-child\" data-index=\"2\" ><div class=\"so-widget-sow-editor so-widget-sow-editor-base\">\n<div class=\"siteorigin-widget-tinymce textwidget\">\n\t<div id=\"attachment_1354\" style=\"width: 310px\" class=\"wp-caption aligncenter\"><a href=\"https:\/\/digiboard.htwk-leipzig.de\/ausstellung\/wp-content\/uploads\/2018\/05\/Abb.-31.jpg\" rel=\"lightbox\"><img aria-describedby=\"caption-attachment-1354\" loading=\"lazy\" class=\"wp-image-1354\" src=\"https:\/\/digiboard.htwk-leipzig.de\/ausstellung\/wp-content\/uploads\/2018\/05\/Abb.-31-208x300.jpg\" alt=\"\" width=\"300\" height=\"432\" srcset=\"https:\/\/digiboard.htwk-leipzig.de\/ausstellung\/wp-content\/uploads\/2018\/05\/Abb.-31-208x300.jpg 208w, https:\/\/digiboard.htwk-leipzig.de\/ausstellung\/wp-content\/uploads\/2018\/05\/Abb.-31-676x974.jpg 676w, https:\/\/digiboard.htwk-leipzig.de\/ausstellung\/wp-content\/uploads\/2018\/05\/Abb.-31.jpg 692w\" sizes=\"(max-width: 300px) 100vw, 300px\" \/><\/a><p id=\"caption-attachment-1354\" class=\"wp-caption-text\"><span style=\"color: #333333;\"><strong>Saal des Buchgewerbes in der Industriehalle<\/strong> <\/span><br \/><em>Fotografie von 1897<\/em><\/p><\/div>\n<div id=\"attachment_1355\" style=\"width: 310px\" class=\"wp-caption aligncenter\"><a href=\"https:\/\/digiboard.htwk-leipzig.de\/ausstellung\/wp-content\/uploads\/2018\/05\/Abb.-32.jpg\" rel=\"lightbox\"><img aria-describedby=\"caption-attachment-1355\" loading=\"lazy\" class=\"wp-image-1355 size-medium\" src=\"https:\/\/digiboard.htwk-leipzig.de\/ausstellung\/wp-content\/uploads\/2018\/05\/Abb.-32-300x237.jpg\" alt=\"\" width=\"300\" height=\"237\" srcset=\"https:\/\/digiboard.htwk-leipzig.de\/ausstellung\/wp-content\/uploads\/2018\/05\/Abb.-32-300x237.jpg 300w, https:\/\/digiboard.htwk-leipzig.de\/ausstellung\/wp-content\/uploads\/2018\/05\/Abb.-32-676x534.jpg 676w, https:\/\/digiboard.htwk-leipzig.de\/ausstellung\/wp-content\/uploads\/2018\/05\/Abb.-32.jpg 708w\" sizes=\"(max-width: 300px) 100vw, 300px\" \/><\/a><p id=\"caption-attachment-1355\" class=\"wp-caption-text\"><span style=\"color: #333333;\"><strong>Saal der Textil- und Bekleidungsindustrie<\/strong> <\/span><br \/><em>Fotografie von 1897<\/em><\/p><\/div>\n<\/div>\n<\/div><\/div><\/div><\/div><div id=\"pg-111-2\"  class=\"panel-grid panel-no-style\" ><div id=\"pgc-111-2-0\"  class=\"panel-grid-cell panel-grid-cell-mobile-last\" ><div id=\"panel-111-2-0-0\" class=\"so-panel widget widget_sow-button panel-first-child panel-last-child\" data-index=\"3\" ><div class=\"so-widget-sow-button so-widget-sow-button-wire-62a05781b3d0-111\"><div class=\"ow-button-base ow-button-align-left\">\n\t<a href=\"https:\/\/digiboard.htwk-leipzig.de\/ausstellung\/aussteller\/\" class=\"ow-icon-placement-left ow-button-hover\" \t\t>\n\t\t<span>\n\t\t\t\n\t\t\tZur\u00fcck\t\t<\/span>\n\t<\/a>\n<\/div>\n<\/div><\/div><\/div><div id=\"pgc-111-2-1\"  class=\"panel-grid-cell panel-grid-cell-empty\" ><\/div><\/div><\/div>","protected":false},"excerpt":{"rendered":"<p>Die STIGA diente \u2013 anders als Messen \u2013 weniger dem Verkauf als der langfristigen Einf\u00fchrung von Innovativem und Neuartigem. Darum war die Pr\u00e4sentation besonders wichtig. Wenn Firmen einzelne Produkte doch zum Verkauf ausschrieben, mussten sie sich verpflichten, die Exponate bis zum Ende der Ausstellung vor Ort zu belassen. Die Austeller konnten ihre Produkte entweder an [&hellip;]<\/p>\n","protected":false},"author":4,"featured_media":0,"parent":40,"menu_order":0,"comment_status":"closed","ping_status":"closed","template":"template-nosidebar.php","meta":[],"_links":{"self":[{"href":"https:\/\/digiboard.htwk-leipzig.de\/ausstellung\/wp-json\/wp\/v2\/pages\/111"}],"collection":[{"href":"https:\/\/digiboard.htwk-leipzig.de\/ausstellung\/wp-json\/wp\/v2\/pages"}],"about":[{"href":"https:\/\/digiboard.htwk-leipzig.de\/ausstellung\/wp-json\/wp\/v2\/types\/page"}],"author":[{"embeddable":true,"href":"https:\/\/digiboard.htwk-leipzig.de\/ausstellung\/wp-json\/wp\/v2\/users\/4"}],"replies":[{"embeddable":true,"href":"https:\/\/digiboard.htwk-leipzig.de\/ausstellung\/wp-json\/wp\/v2\/comments?post=111"}],"version-history":[{"count":17,"href":"https:\/\/digiboard.htwk-leipzig.de\/ausstellung\/wp-json\/wp\/v2\/pages\/111\/revisions"}],"predecessor-version":[{"id":2540,"href":"https:\/\/digiboard.htwk-leipzig.de\/ausstellung\/wp-json\/wp\/v2\/pages\/111\/revisions\/2540"}],"up":[{"embeddable":true,"href":"https:\/\/digiboard.htwk-leipzig.de\/ausstellung\/wp-json\/wp\/v2\/pages\/40"}],"wp:attachment":[{"href":"https:\/\/digiboard.htwk-leipzig.de\/ausstellung\/wp-json\/wp\/v2\/media?parent=111"}],"curies":[{"name":"wp","href":"https:\/\/api.w.org\/{rel}","templated":true}]}}