{"id":108,"date":"2017-12-20T17:46:05","date_gmt":"2017-12-20T16:46:05","guid":{"rendered":"https:\/\/digiboard5.htwk-leipzig.de\/ausstellung\/?page_id=108"},"modified":"2018-11-26T09:19:00","modified_gmt":"2018-11-26T08:19:00","slug":"auszeichnungen","status":"publish","type":"page","link":"https:\/\/digiboard.htwk-leipzig.de\/ausstellung\/aussteller\/auszeichnungen\/","title":{"rendered":"Auszeichnungen"},"content":{"rendered":"<div id=\"pl-108\"  class=\"panel-layout\" ><div id=\"pg-108-0\"  class=\"panel-grid panel-no-style\" ><div id=\"pgc-108-0-0\"  class=\"panel-grid-cell\" ><div id=\"panel-108-0-0-0\" class=\"so-panel widget widget_bcn_widget widget_breadcrumb_navxt panel-first-child panel-last-child\" data-index=\"0\" ><div class=\"panel-widget-style panel-widget-style-for-108-0-0-0\" ><div class=\"breadcrumbs\" vocab=\"https:\/\/schema.org\/\" typeof=\"BreadcrumbList\"><!-- Breadcrumb NavXT 7.0.2 -->\n<\/div><\/div><\/div><\/div><\/div><div id=\"pg-108-1\"  class=\"panel-grid panel-no-style\" ><div id=\"pgc-108-1-0\"  class=\"panel-grid-cell\" ><div id=\"panel-108-1-0-0\" class=\"so-panel widget widget_sow-editor panel-first-child panel-last-child\" data-index=\"1\" ><div class=\"so-widget-sow-editor so-widget-sow-editor-base\">\n<div class=\"siteorigin-widget-tinymce textwidget\">\n\t<p>Der Anreiz, an der STIGA teilzunehmen, war weniger der Verkauf von Waren, sondern die Hoffnung auf eine der Auszeichnungen, die als eine Art \u201eVertrauensw\u00e4hrung\u201c f\u00fcr den weiteren Vertrieb der eigenen Produkte begehrt wurden. So nutzten viele der ausgezeichneten Firmen ihre Medaillen zu Werbezwecken, schm\u00fcckten ihre Brosch\u00fcren und Anzeigen damit. Bis heute m\u00f6gen Firmen nicht darauf verzichten, wie die Brauerei Radeberger, die eine solche Medaille im Logo f\u00fchrt.<\/p>\n<p>Schon w\u00e4hrend den Planungen der STIGA soll festgelegt worden sein, von den Teilnehmern ungef\u00e4hr die H\u00e4lfte zu pr\u00e4mieren. Am Ende bekam von den 3.027 Austellern ganze 1.396 eine der erhofften Anerkennungen. Diese wurden von den teilnehmenden L\u00e4ndern und F\u00fcrstent\u00fcmern gespiftet und f\u00fcr verschiedene Leistungen, wie gute Gestaltung, Innovation und Zweckm\u00e4\u00dfigkeit, verliehen. Jedes pr\u00e4mierte Unternehmen erhielt dar\u00fcber hinaus eine dekorative Urkunde.<\/p>\n<\/div>\n<\/div><\/div><\/div><div id=\"pgc-108-1-1\"  class=\"panel-grid-cell\" ><div id=\"panel-108-1-1-0\" class=\"so-panel widget widget_sow-editor panel-first-child panel-last-child\" data-index=\"2\" ><div class=\"so-widget-sow-editor so-widget-sow-editor-base\">\n<div class=\"siteorigin-widget-tinymce textwidget\">\n\t<div id=\"attachment_1342\" style=\"width: 310px\" class=\"wp-caption aligncenter\"><a href=\"https:\/\/digiboard.htwk-leipzig.de\/ausstellung\/wp-content\/uploads\/2018\/05\/Abb.-30-e1542892276989.jpg\" rel=\"lightbox\"><img aria-describedby=\"caption-attachment-1342\" loading=\"lazy\" class=\"wp-image-1342 size-medium\" src=\"https:\/\/digiboard.htwk-leipzig.de\/ausstellung\/wp-content\/uploads\/2018\/05\/Abb.-30-e1542892276989-300x150.jpg\" alt=\"\" width=\"300\" height=\"150\" srcset=\"https:\/\/digiboard.htwk-leipzig.de\/ausstellung\/wp-content\/uploads\/2018\/05\/Abb.-30-e1542892276989-300x150.jpg 300w, https:\/\/digiboard.htwk-leipzig.de\/ausstellung\/wp-content\/uploads\/2018\/05\/Abb.-30-e1542892276989-768x384.jpg 768w, https:\/\/digiboard.htwk-leipzig.de\/ausstellung\/wp-content\/uploads\/2018\/05\/Abb.-30-e1542892276989-1024x512.jpg 1024w, https:\/\/digiboard.htwk-leipzig.de\/ausstellung\/wp-content\/uploads\/2018\/05\/Abb.-30-e1542892276989-676x338.jpg 676w\" sizes=\"(max-width: 300px) 100vw, 300px\" \/><\/a><p id=\"caption-attachment-1342\" class=\"wp-caption-text\"><span style=\"color: #333333;\"><strong>Goldene Medaille der STIGA von 1897<\/strong><\/span><\/p><\/div>\n<div id=\"attachment_1335\" style=\"width: 310px\" class=\"wp-caption aligncenter\"><a href=\"https:\/\/digiboard.htwk-leipzig.de\/ausstellung\/wp-content\/uploads\/2018\/05\/Abb.-29.jpg\" rel=\"lightbox\"><img aria-describedby=\"caption-attachment-1335\" loading=\"lazy\" class=\"wp-image-1335\" src=\"https:\/\/digiboard.htwk-leipzig.de\/ausstellung\/wp-content\/uploads\/2018\/05\/Abb.-29-205x300.jpg\" alt=\"\" width=\"300\" height=\"439\" srcset=\"https:\/\/digiboard.htwk-leipzig.de\/ausstellung\/wp-content\/uploads\/2018\/05\/Abb.-29-205x300.jpg 205w, https:\/\/digiboard.htwk-leipzig.de\/ausstellung\/wp-content\/uploads\/2018\/05\/Abb.-29.jpg 579w\" sizes=\"(max-width: 300px) 100vw, 300px\" \/><\/a><p id=\"caption-attachment-1335\" class=\"wp-caption-text\"><span style=\"color: #333333;\"><strong>Die mit allen Medaillen verliehene Urkunde<\/strong><\/span><br \/><em>Aus der \"Illustrierten Chronik\" von 1897<\/em><\/p><\/div>\n<\/div>\n<\/div><\/div><\/div><\/div><div id=\"pg-108-2\"  class=\"panel-grid panel-no-style\" ><div id=\"pgc-108-2-0\"  class=\"panel-grid-cell panel-grid-cell-mobile-last\" ><div id=\"panel-108-2-0-0\" class=\"so-panel widget widget_sow-button panel-first-child panel-last-child\" data-index=\"3\" ><div class=\"so-widget-sow-button so-widget-sow-button-wire-62a05781b3d0-108\"><div class=\"ow-button-base ow-button-align-left\">\n\t<a href=\"https:\/\/digiboard.htwk-leipzig.de\/ausstellung\/aussteller\/\" class=\"ow-icon-placement-left ow-button-hover\" \t\t>\n\t\t<span>\n\t\t\t\n\t\t\tZur\u00fcck\t\t<\/span>\n\t<\/a>\n<\/div>\n<\/div><\/div><\/div><div id=\"pgc-108-2-1\"  class=\"panel-grid-cell panel-grid-cell-empty\" ><\/div><\/div><\/div>","protected":false},"excerpt":{"rendered":"<p>Der Anreiz, an der STIGA teilzunehmen, war weniger der Verkauf von Waren, sondern die Hoffnung auf eine der Auszeichnungen, die als eine Art \u201eVertrauensw\u00e4hrung\u201c f\u00fcr den weiteren Vertrieb der eigenen Produkte begehrt wurden. So nutzten viele der ausgezeichneten Firmen ihre Medaillen zu Werbezwecken, schm\u00fcckten ihre Brosch\u00fcren und Anzeigen damit. Bis heute m\u00f6gen Firmen nicht darauf [&hellip;]<\/p>\n","protected":false},"author":4,"featured_media":0,"parent":40,"menu_order":2,"comment_status":"closed","ping_status":"closed","template":"template-nosidebar.php","meta":[],"_links":{"self":[{"href":"https:\/\/digiboard.htwk-leipzig.de\/ausstellung\/wp-json\/wp\/v2\/pages\/108"}],"collection":[{"href":"https:\/\/digiboard.htwk-leipzig.de\/ausstellung\/wp-json\/wp\/v2\/pages"}],"about":[{"href":"https:\/\/digiboard.htwk-leipzig.de\/ausstellung\/wp-json\/wp\/v2\/types\/page"}],"author":[{"embeddable":true,"href":"https:\/\/digiboard.htwk-leipzig.de\/ausstellung\/wp-json\/wp\/v2\/users\/4"}],"replies":[{"embeddable":true,"href":"https:\/\/digiboard.htwk-leipzig.de\/ausstellung\/wp-json\/wp\/v2\/comments?post=108"}],"version-history":[{"count":58,"href":"https:\/\/digiboard.htwk-leipzig.de\/ausstellung\/wp-json\/wp\/v2\/pages\/108\/revisions"}],"predecessor-version":[{"id":2554,"href":"https:\/\/digiboard.htwk-leipzig.de\/ausstellung\/wp-json\/wp\/v2\/pages\/108\/revisions\/2554"}],"up":[{"embeddable":true,"href":"https:\/\/digiboard.htwk-leipzig.de\/ausstellung\/wp-json\/wp\/v2\/pages\/40"}],"wp:attachment":[{"href":"https:\/\/digiboard.htwk-leipzig.de\/ausstellung\/wp-json\/wp\/v2\/media?parent=108"}],"curies":[{"name":"wp","href":"https:\/\/api.w.org\/{rel}","templated":true}]}}